{"id":9248,"date":"2019-08-30T12:57:25","date_gmt":"2019-08-30T12:57:25","guid":{"rendered":"https:\/\/www.car-star.be\/?post_type=product&#038;p=9248"},"modified":"2024-02-15T10:50:20","modified_gmt":"2024-02-15T10:50:20","slug":"back-to-black","status":"publish","type":"product","link":"https:\/\/www.car-star.be\/fr\/product\/back-to-black\/","title":{"rendered":"Back to Black"},"content":{"rendered":"","protected":false},"excerpt":{"rendered":"<h3>Car Star Back to Black<\/h3>\n<p>Car Star Back to Black est un produit de haute qualit\u00e9, sp\u00e9cialement con\u00e7u pour ramener les parties ext\u00e9rieures de la voiture \u00e0 leur \u00e9tat d'origine, telles que les pneus, les pare-chocs, les joints en caoutchouc et les garnitures en plastique. La coiffe en plastique du moteur et les joints en caoutchouc dans le compartiment moteur peuvent \u00e9galement \u00eatre parfaitement trait\u00e9s avec ce produit.<\/p>\n<p>Car Star Back to Black redonne un aspect noir d'origine \u00e0 des mat\u00e9riaux vieillis et l\u00e9g\u00e8rement d\u00e9color\u00e9s.<\/p>\n<p>Pour les mat\u00e9riaux tr\u00e8s d\u00e9color\u00e9s, il est possible de r\u00e9p\u00e9ter le traitement une deuxi\u00e8me fois pour obtenir un r\u00e9sultat encore meilleur.<\/p>\n<p><strong>Mode d'emploi :<\/strong><\/p>\n<ul>\n<li>Pneus : Vaporisez Car Star Back to Black sur le c\u00f4t\u00e9 du pneu - pas sur la bande de roulement - et laissez simplement le produit s\u00e9cher ou \u00e9talez-le avec une \u00e9ponge.<\/li>\n<li>Pare-chocs, joints en caoutchouc et garnitures en plastique : Appliquez le produit avec une \u00e9ponge et r\u00e9partissez uniform\u00e9ment sur la surface \u00e0 traiter.<\/li>\n<\/ul>\n<p><strong>Attention ! En termes de s\u00e9curit\u00e9<\/strong><br \/>\nLe produit ne doit jamais \u00eatre utilis\u00e9 sur la surface de roulement des pneus !<br \/>\nLe produit n'est pas adapt\u00e9 et ne doit pas \u00eatre utilis\u00e9 pour les pneus de motos ou de scooters.<\/p>","protected":false},"featured_media":13240,"template":"","meta":[],"product_brand":[],"product_cat":[359],"product_tag":[],"class_list":{"0":"post-9248","1":"product","2":"type-product","3":"status-publish","4":"has-post-thumbnail","6":"product_cat-autocare","8":"first","9":"instock","10":"shipping-taxable","11":"product-type-simple"},"yoast_head":"<!-- This site is optimized with the Yoast SEO plugin v26.9 - https:\/\/yoast.com\/product\/yoast-seo-wordpress\/ -->\n<title>Back to Black - Car Star Chemicals<\/title>\n<meta name=\"robots\" content=\"index, follow, max-snippet:-1, max-image-preview:large, max-video-preview:-1\" \/>\n<link rel=\"canonical\" href=\"https:\/\/www.car-star.be\/fr\/product\/back-to-black\/\" \/>\n<meta property=\"og:locale\" content=\"fr_FR\" \/>\n<meta property=\"og:type\" content=\"article\" \/>\n<meta property=\"og:title\" content=\"Back to Black - Car Star Chemicals\" \/>\n<meta property=\"og:description\" content=\"Car Star Back to Black Car Star Back to Black is een kwalitatief hoogwaardig product, speciaal ontwikkeld om exterieur delen van de auto terug in originele staat te brengen zoals banden, bumpers, rubbers en kunststof sierlijsten. Ook de kunststof afdekkap van de motor en de rubbers in het motorruim kunnen hiermee perfect behandeld worden.  Car Star Back to Black geeft verouderde en licht verkleurde materialen terug een nieuw oorspronkelijk zwart uitzicht.  Bij erg verkleurde materialen mag men de behandeling een tweede maal herhalen om zo een nog beter resultaat te bekomen.  Werkwijze:   Banden: vernevel Car Star Back to Black op de zijkant van de band - niet op het loopvlak - en laat het product daarna gewoon opdrogen of wrijf het product uiteen met een sponsje.  Bumpers, rubbers &amp; kunststof sierlijsten: product met sponsje aanbrengen en gelijkmattig verdelen over het te behandelen oppervlak.  Opgelet! betreft veiligheid Product mag nooit op het loopvlak van de banden gebruikt worden! Product niet geschikt en niet gebruiken voor banden van motoren of scooters\" \/>\n<meta property=\"og:url\" content=\"https:\/\/www.car-star.be\/fr\/product\/back-to-black\/\" \/>\n<meta property=\"og:site_name\" content=\"Car Star Chemicals\" \/>\n<meta property=\"article:modified_time\" content=\"2024-02-15T10:50:20+00:00\" \/>\n<meta property=\"og:image\" content=\"https:\/\/www.car-star.be\/wp-content\/uploads\/2019\/08\/Car-Star_Packshots_Simon-Van-Ranst-23-12-087.png\" \/>\n\t<meta property=\"og:image:width\" content=\"1000\" \/>\n\t<meta property=\"og:image:height\" content=\"1500\" \/>\n\t<meta property=\"og:image:type\" content=\"image\/png\" \/>\n<meta name=\"twitter:card\" content=\"summary_large_image\" \/>\n<meta name=\"twitter:label1\" content=\"Dur\u00e9e de lecture estim\u00e9e\" \/>\n\t<meta name=\"twitter:data1\" content=\"1 minute\" \/>\n<script type=\"application\/ld+json\" class=\"yoast-schema-graph\">{\"@context\":\"https:\/\/schema.org\",\"@graph\":[{\"@type\":\"WebPage\",\"@id\":\"https:\/\/www.car-star.be\/product\/back-to-black\/\",\"url\":\"https:\/\/www.car-star.be\/product\/back-to-black\/\",\"name\":\"Back to Black - Car Star Chemicals\",\"isPartOf\":{\"@id\":\"https:\/\/www.car-star.be\/#website\"},\"primaryImageOfPage\":{\"@id\":\"https:\/\/www.car-star.be\/product\/back-to-black\/#primaryimage\"},\"image\":{\"@id\":\"https:\/\/www.car-star.be\/product\/back-to-black\/#primaryimage\"},\"thumbnailUrl\":\"https:\/\/www.car-star.be\/wp-content\/uploads\/2019\/08\/Car-Star_Packshots_Simon-Van-Ranst-23-12-087.png\",\"datePublished\":\"2019-08-30T12:57:25+00:00\",\"dateModified\":\"2024-02-15T10:50:20+00:00\",\"breadcrumb\":{\"@id\":\"https:\/\/www.car-star.be\/product\/back-to-black\/#breadcrumb\"},\"inLanguage\":\"fr-FR\",\"potentialAction\":[{\"@type\":\"ReadAction\",\"target\":[\"https:\/\/www.car-star.be\/product\/back-to-black\/\"]}]},{\"@type\":\"ImageObject\",\"inLanguage\":\"fr-FR\",\"@id\":\"https:\/\/www.car-star.be\/product\/back-to-black\/#primaryimage\",\"url\":\"https:\/\/www.car-star.be\/wp-content\/uploads\/2019\/08\/Car-Star_Packshots_Simon-Van-Ranst-23-12-087.png\",\"contentUrl\":\"https:\/\/www.car-star.be\/wp-content\/uploads\/2019\/08\/Car-Star_Packshots_Simon-Van-Ranst-23-12-087.png\",\"width\":1000,\"height\":1500},{\"@type\":\"BreadcrumbList\",\"@id\":\"https:\/\/www.car-star.be\/product\/back-to-black\/#breadcrumb\",\"itemListElement\":[{\"@type\":\"ListItem\",\"position\":1,\"name\":\"Home\",\"item\":\"https:\/\/www.car-star.be\/\"},{\"@type\":\"ListItem\",\"position\":2,\"name\":\"Producten\",\"item\":\"https:\/\/www.car-star.be\/producten\/\"},{\"@type\":\"ListItem\",\"position\":3,\"name\":\"Back to Black\"}]},{\"@type\":\"WebSite\",\"@id\":\"https:\/\/www.car-star.be\/#website\",\"url\":\"https:\/\/www.car-star.be\/\",\"name\":\"Car Star Chemicals\",\"description\":\"Briljante autopoetsproducten voor de professional en de handel\",\"publisher\":{\"@id\":\"https:\/\/www.car-star.be\/#organization\"},\"potentialAction\":[{\"@type\":\"SearchAction\",\"target\":{\"@type\":\"EntryPoint\",\"urlTemplate\":\"https:\/\/www.car-star.be\/?s={search_term_string}\"},\"query-input\":{\"@type\":\"PropertyValueSpecification\",\"valueRequired\":true,\"valueName\":\"search_term_string\"}}],\"inLanguage\":\"fr-FR\"},{\"@type\":\"Organization\",\"@id\":\"https:\/\/www.car-star.be\/#organization\",\"name\":\"Car Star Chemicals\",\"url\":\"https:\/\/www.car-star.be\/\",\"logo\":{\"@type\":\"ImageObject\",\"inLanguage\":\"fr-FR\",\"@id\":\"https:\/\/www.car-star.be\/#\/schema\/logo\/image\/\",\"url\":\"https:\/\/www.car-star.be\/wp-content\/uploads\/2025\/11\/cropped-Logo-car-star-1_page-0001.jpg\",\"contentUrl\":\"https:\/\/www.car-star.be\/wp-content\/uploads\/2025\/11\/cropped-Logo-car-star-1_page-0001.jpg\",\"width\":250,\"height\":250,\"caption\":\"Car Star Chemicals\"},\"image\":{\"@id\":\"https:\/\/www.car-star.be\/#\/schema\/logo\/image\/\"}}]}<\/script>\n<!-- \/ Yoast SEO plugin. -->","yoast_head_json":{"title":"Back to Black - Car Star Chemicals","robots":{"index":"index","follow":"follow","max-snippet":"max-snippet:-1","max-image-preview":"max-image-preview:large","max-video-preview":"max-video-preview:-1"},"canonical":"https:\/\/www.car-star.be\/fr\/product\/back-to-black\/","og_locale":"fr_FR","og_type":"article","og_title":"Back to Black - Car Star Chemicals","og_description":"Car Star Back to Black Car Star Back to Black is een kwalitatief hoogwaardig product, speciaal ontwikkeld om exterieur delen van de auto terug in originele staat te brengen zoals banden, bumpers, rubbers en kunststof sierlijsten. Ook de kunststof afdekkap van de motor en de rubbers in het motorruim kunnen hiermee perfect behandeld worden.  Car Star Back to Black geeft verouderde en licht verkleurde materialen terug een nieuw oorspronkelijk zwart uitzicht.  Bij erg verkleurde materialen mag men de behandeling een tweede maal herhalen om zo een nog beter resultaat te bekomen.  Werkwijze:   Banden: vernevel Car Star Back to Black op de zijkant van de band - niet op het loopvlak - en laat het product daarna gewoon opdrogen of wrijf het product uiteen met een sponsje.  Bumpers, rubbers &amp; kunststof sierlijsten: product met sponsje aanbrengen en gelijkmattig verdelen over het te behandelen oppervlak.  Opgelet! betreft veiligheid Product mag nooit op het loopvlak van de banden gebruikt worden! Product niet geschikt en niet gebruiken voor banden van motoren of scooters","og_url":"https:\/\/www.car-star.be\/fr\/product\/back-to-black\/","og_site_name":"Car Star Chemicals","article_modified_time":"2024-02-15T10:50:20+00:00","og_image":[{"width":1000,"height":1500,"url":"https:\/\/www.car-star.be\/wp-content\/uploads\/2019\/08\/Car-Star_Packshots_Simon-Van-Ranst-23-12-087.png","type":"image\/png"}],"twitter_card":"summary_large_image","twitter_misc":{"Dur\u00e9e de lecture estim\u00e9e":"1 minute"},"schema":{"@context":"https:\/\/schema.org","@graph":[{"@type":"WebPage","@id":"https:\/\/www.car-star.be\/product\/back-to-black\/","url":"https:\/\/www.car-star.be\/product\/back-to-black\/","name":"Back to Black - Car Star Chemicals","isPartOf":{"@id":"https:\/\/www.car-star.be\/#website"},"primaryImageOfPage":{"@id":"https:\/\/www.car-star.be\/product\/back-to-black\/#primaryimage"},"image":{"@id":"https:\/\/www.car-star.be\/product\/back-to-black\/#primaryimage"},"thumbnailUrl":"https:\/\/www.car-star.be\/wp-content\/uploads\/2019\/08\/Car-Star_Packshots_Simon-Van-Ranst-23-12-087.png","datePublished":"2019-08-30T12:57:25+00:00","dateModified":"2024-02-15T10:50:20+00:00","breadcrumb":{"@id":"https:\/\/www.car-star.be\/product\/back-to-black\/#breadcrumb"},"inLanguage":"fr-FR","potentialAction":[{"@type":"ReadAction","target":["https:\/\/www.car-star.be\/product\/back-to-black\/"]}]},{"@type":"ImageObject","inLanguage":"fr-FR","@id":"https:\/\/www.car-star.be\/product\/back-to-black\/#primaryimage","url":"https:\/\/www.car-star.be\/wp-content\/uploads\/2019\/08\/Car-Star_Packshots_Simon-Van-Ranst-23-12-087.png","contentUrl":"https:\/\/www.car-star.be\/wp-content\/uploads\/2019\/08\/Car-Star_Packshots_Simon-Van-Ranst-23-12-087.png","width":1000,"height":1500},{"@type":"BreadcrumbList","@id":"https:\/\/www.car-star.be\/product\/back-to-black\/#breadcrumb","itemListElement":[{"@type":"ListItem","position":1,"name":"Home","item":"https:\/\/www.car-star.be\/"},{"@type":"ListItem","position":2,"name":"Producten","item":"https:\/\/www.car-star.be\/producten\/"},{"@type":"ListItem","position":3,"name":"Back to Black"}]},{"@type":"WebSite","@id":"https:\/\/www.car-star.be\/#website","url":"https:\/\/www.car-star.be\/","name":"Car Star Chemicals","description":"Produits de nettoyage automobile brillants pour les professionnels et le commerce","publisher":{"@id":"https:\/\/www.car-star.be\/#organization"},"potentialAction":[{"@type":"SearchAction","target":{"@type":"EntryPoint","urlTemplate":"https:\/\/www.car-star.be\/?s={search_term_string}"},"query-input":{"@type":"PropertyValueSpecification","valueRequired":true,"valueName":"search_term_string"}}],"inLanguage":"fr-FR"},{"@type":"Organization","@id":"https:\/\/www.car-star.be\/#organization","name":"Car Star Chemicals","url":"https:\/\/www.car-star.be\/","logo":{"@type":"ImageObject","inLanguage":"fr-FR","@id":"https:\/\/www.car-star.be\/#\/schema\/logo\/image\/","url":"https:\/\/www.car-star.be\/wp-content\/uploads\/2025\/11\/cropped-Logo-car-star-1_page-0001.jpg","contentUrl":"https:\/\/www.car-star.be\/wp-content\/uploads\/2025\/11\/cropped-Logo-car-star-1_page-0001.jpg","width":250,"height":250,"caption":"Car Star Chemicals"},"image":{"@id":"https:\/\/www.car-star.be\/#\/schema\/logo\/image\/"}}]}},"_links":{"self":[{"href":"https:\/\/www.car-star.be\/fr\/wp-json\/wp\/v2\/product\/9248","targetHints":{"allow":["GET"]}}],"collection":[{"href":"https:\/\/www.car-star.be\/fr\/wp-json\/wp\/v2\/product"}],"about":[{"href":"https:\/\/www.car-star.be\/fr\/wp-json\/wp\/v2\/types\/product"}],"wp:featuredmedia":[{"embeddable":true,"href":"https:\/\/www.car-star.be\/fr\/wp-json\/wp\/v2\/media\/13240"}],"wp:attachment":[{"href":"https:\/\/www.car-star.be\/fr\/wp-json\/wp\/v2\/media?parent=9248"}],"wp:term":[{"taxonomy":"product_brand","embeddable":true,"href":"https:\/\/www.car-star.be\/fr\/wp-json\/wp\/v2\/product_brand?post=9248"},{"taxonomy":"product_cat","embeddable":true,"href":"https:\/\/www.car-star.be\/fr\/wp-json\/wp\/v2\/product_cat?post=9248"},{"taxonomy":"product_tag","embeddable":true,"href":"https:\/\/www.car-star.be\/fr\/wp-json\/wp\/v2\/product_tag?post=9248"}],"curies":[{"name":"wp","href":"https:\/\/api.w.org\/{rel}","templated":true}]}}