{"id":13251,"date":"2020-01-24T15:25:42","date_gmt":"2020-01-24T15:25:42","guid":{"rendered":"https:\/\/www.car-star.be\/?post_type=product&#038;p=13251"},"modified":"2025-11-06T10:50:00","modified_gmt":"2025-11-06T09:50:00","slug":"private-label","status":"publish","type":"product","link":"https:\/\/www.car-star.be\/fr\/product\/marque-de-distributeur\/","title":{"rendered":"Marque de Distributeur"},"content":{"rendered":"","protected":false},"excerpt":{"rendered":"<h3>Marque de Distributeur<\/h3>\n<p>Nos produits, votre marque !<\/p>\n<p>Car Star Chemicals offre aux importateurs, distributeurs et fabricants l'option de commercialiser et de vendre tous les produits Car Star sous leur propre marque, ce qui leur permet de cr\u00e9er ou de d\u00e9velopper davantage leur propre identit\u00e9.<\/p>\n<p>En tant que fabricant, nous sommes heureux de r\u00e9fl\u00e9chir avec vous \u00e0 des solutions pour adapter vos produits \u00e0 vos besoins sp\u00e9cifiques. Par exemple, vous pouvez ajouter une odeur ou une couleur unique \u00e0 votre produit.<\/p>\n<p>Plusieurs de nos clients b\u00e9n\u00e9ficient d\u00e9j\u00e0 de notre formule de marque de distributeur.<\/p>\n<p>\u00cates-vous int\u00e9ress\u00e9 par un autre produit dans un autre secteur ou \u00eates-vous \u00e0 la recherche ?<br \/>\nN'h\u00e9sitez pas \u00e0 nous contacter sans engagement.<\/p>\n<p>Hermacon BV<br \/>\nTel: +32 (<span class=\"w8qArf FoJoyf\">\u00a0<\/span><span class=\"LrzXr zdqRlf kno-fv\"><span aria-label=\"Telefoonnummer 03 488 49 06 bellen\">0)3 488 49 06<\/span><\/span><br \/>\nMobiel: +32 (0)475 92 44 69<br \/>\nContactpersoon: Dirk Hermans (zaakvoerder)<\/p>","protected":false},"featured_media":13252,"template":"","meta":[],"product_brand":[],"product_cat":[359],"product_tag":[],"class_list":{"0":"post-13251","1":"product","2":"type-product","3":"status-publish","4":"has-post-thumbnail","6":"product_cat-autocare","8":"first","9":"instock","10":"shipping-taxable","11":"product-type-simple"},"yoast_head":"<!-- This site is optimized with the Yoast SEO plugin v26.9 - https:\/\/yoast.com\/product\/yoast-seo-wordpress\/ -->\n<title>Private Label - Car Star Chemicals<\/title>\n<meta name=\"robots\" content=\"index, follow, max-snippet:-1, max-image-preview:large, max-video-preview:-1\" \/>\n<link rel=\"canonical\" href=\"https:\/\/www.car-star.be\/fr\/product\/marque-de-distributeur\/\" \/>\n<meta property=\"og:locale\" content=\"fr_FR\" \/>\n<meta property=\"og:type\" content=\"article\" \/>\n<meta property=\"og:title\" content=\"Private Label - Car Star Chemicals\" \/>\n<meta property=\"og:description\" content=\"Private Label Onze producten, uw merknaam!  Car Star Chemicals biedt aan importeurs, distributeurs en fabrikanten de optie om alle Car Star producten onder hun eigen merknaam op de markt te brengen en te verkopen. Dit biedt hen de mogelijkheid om hun eigen identiteit te cre\u00ebren of verder te ontwikkelen.  Als fabrikant denken we graag met u mee over oplossingen om uw producten aan te passen aan uw specifieke wensen. Zo kunt u bijvoorbeeld een unieke geur of kleur aan uw product toevoegen.  Verschillende van onze klanten profiteren reeds van onze private label formule.  Bent u ge\u00efnteresseerd of op zoek naar een ander product in een andere sector? Neem gerust vrijblijvend contact met ons op.  Hermacon BV Tel: +32 (\u00a00)3 488 49 06 Mobiel: +32 (0)475 92 44 69 Contactpersoon: Dirk Hermans (zaakvoerder)\" \/>\n<meta property=\"og:url\" content=\"https:\/\/www.car-star.be\/fr\/product\/marque-de-distributeur\/\" \/>\n<meta property=\"og:site_name\" content=\"Car Star Chemicals\" \/>\n<meta property=\"article:modified_time\" content=\"2025-11-06T09:50:00+00:00\" \/>\n<meta property=\"og:image\" content=\"https:\/\/www.car-star.be\/wp-content\/uploads\/2024\/01\/Car-Star_Packshots_Simon-Van-Ranst-23-12-102-1024x683.png\" \/>\n\t<meta property=\"og:image:width\" content=\"1024\" \/>\n\t<meta property=\"og:image:height\" content=\"683\" \/>\n\t<meta property=\"og:image:type\" content=\"image\/png\" \/>\n<meta name=\"twitter:card\" content=\"summary_large_image\" \/>\n<meta name=\"twitter:label1\" content=\"Dur\u00e9e de lecture estim\u00e9e\" \/>\n\t<meta name=\"twitter:data1\" content=\"1 minute\" \/>\n<script type=\"application\/ld+json\" class=\"yoast-schema-graph\">{\"@context\":\"https:\/\/schema.org\",\"@graph\":[{\"@type\":\"WebPage\",\"@id\":\"https:\/\/www.car-star.be\/product\/private-label\/\",\"url\":\"https:\/\/www.car-star.be\/product\/private-label\/\",\"name\":\"Private Label - Car Star Chemicals\",\"isPartOf\":{\"@id\":\"https:\/\/www.car-star.be\/#website\"},\"primaryImageOfPage\":{\"@id\":\"https:\/\/www.car-star.be\/product\/private-label\/#primaryimage\"},\"image\":{\"@id\":\"https:\/\/www.car-star.be\/product\/private-label\/#primaryimage\"},\"thumbnailUrl\":\"https:\/\/www.car-star.be\/wp-content\/uploads\/2024\/01\/Car-Star_Packshots_Simon-Van-Ranst-23-12-102.png\",\"datePublished\":\"2020-01-24T15:25:42+00:00\",\"dateModified\":\"2025-11-06T09:50:00+00:00\",\"breadcrumb\":{\"@id\":\"https:\/\/www.car-star.be\/product\/private-label\/#breadcrumb\"},\"inLanguage\":\"fr-FR\",\"potentialAction\":[{\"@type\":\"ReadAction\",\"target\":[\"https:\/\/www.car-star.be\/product\/private-label\/\"]}]},{\"@type\":\"ImageObject\",\"inLanguage\":\"fr-FR\",\"@id\":\"https:\/\/www.car-star.be\/product\/private-label\/#primaryimage\",\"url\":\"https:\/\/www.car-star.be\/wp-content\/uploads\/2024\/01\/Car-Star_Packshots_Simon-Van-Ranst-23-12-102.png\",\"contentUrl\":\"https:\/\/www.car-star.be\/wp-content\/uploads\/2024\/01\/Car-Star_Packshots_Simon-Van-Ranst-23-12-102.png\",\"width\":2250,\"height\":1500},{\"@type\":\"BreadcrumbList\",\"@id\":\"https:\/\/www.car-star.be\/product\/private-label\/#breadcrumb\",\"itemListElement\":[{\"@type\":\"ListItem\",\"position\":1,\"name\":\"Home\",\"item\":\"https:\/\/www.car-star.be\/\"},{\"@type\":\"ListItem\",\"position\":2,\"name\":\"Producten\",\"item\":\"https:\/\/www.car-star.be\/producten\/\"},{\"@type\":\"ListItem\",\"position\":3,\"name\":\"Private Label\"}]},{\"@type\":\"WebSite\",\"@id\":\"https:\/\/www.car-star.be\/#website\",\"url\":\"https:\/\/www.car-star.be\/\",\"name\":\"Car Star Chemicals\",\"description\":\"Briljante autopoetsproducten voor de professional en de handel\",\"publisher\":{\"@id\":\"https:\/\/www.car-star.be\/#organization\"},\"potentialAction\":[{\"@type\":\"SearchAction\",\"target\":{\"@type\":\"EntryPoint\",\"urlTemplate\":\"https:\/\/www.car-star.be\/?s={search_term_string}\"},\"query-input\":{\"@type\":\"PropertyValueSpecification\",\"valueRequired\":true,\"valueName\":\"search_term_string\"}}],\"inLanguage\":\"fr-FR\"},{\"@type\":\"Organization\",\"@id\":\"https:\/\/www.car-star.be\/#organization\",\"name\":\"Car Star Chemicals\",\"url\":\"https:\/\/www.car-star.be\/\",\"logo\":{\"@type\":\"ImageObject\",\"inLanguage\":\"fr-FR\",\"@id\":\"https:\/\/www.car-star.be\/#\/schema\/logo\/image\/\",\"url\":\"https:\/\/www.car-star.be\/wp-content\/uploads\/2025\/11\/cropped-Logo-car-star-1_page-0001.jpg\",\"contentUrl\":\"https:\/\/www.car-star.be\/wp-content\/uploads\/2025\/11\/cropped-Logo-car-star-1_page-0001.jpg\",\"width\":250,\"height\":250,\"caption\":\"Car Star Chemicals\"},\"image\":{\"@id\":\"https:\/\/www.car-star.be\/#\/schema\/logo\/image\/\"}}]}<\/script>\n<!-- \/ Yoast SEO plugin. -->","yoast_head_json":{"title":"Private Label - Car Star Chemicals","robots":{"index":"index","follow":"follow","max-snippet":"max-snippet:-1","max-image-preview":"max-image-preview:large","max-video-preview":"max-video-preview:-1"},"canonical":"https:\/\/www.car-star.be\/fr\/product\/marque-de-distributeur\/","og_locale":"fr_FR","og_type":"article","og_title":"Private Label - Car Star Chemicals","og_description":"Private Label Onze producten, uw merknaam!  Car Star Chemicals biedt aan importeurs, distributeurs en fabrikanten de optie om alle Car Star producten onder hun eigen merknaam op de markt te brengen en te verkopen. Dit biedt hen de mogelijkheid om hun eigen identiteit te cre\u00ebren of verder te ontwikkelen.  Als fabrikant denken we graag met u mee over oplossingen om uw producten aan te passen aan uw specifieke wensen. Zo kunt u bijvoorbeeld een unieke geur of kleur aan uw product toevoegen.  Verschillende van onze klanten profiteren reeds van onze private label formule.  Bent u ge\u00efnteresseerd of op zoek naar een ander product in een andere sector? Neem gerust vrijblijvend contact met ons op.  Hermacon BV Tel: +32 (\u00a00)3 488 49 06 Mobiel: +32 (0)475 92 44 69 Contactpersoon: Dirk Hermans (zaakvoerder)","og_url":"https:\/\/www.car-star.be\/fr\/product\/marque-de-distributeur\/","og_site_name":"Car Star Chemicals","article_modified_time":"2025-11-06T09:50:00+00:00","og_image":[{"width":1024,"height":683,"url":"https:\/\/www.car-star.be\/wp-content\/uploads\/2024\/01\/Car-Star_Packshots_Simon-Van-Ranst-23-12-102-1024x683.png","type":"image\/png"}],"twitter_card":"summary_large_image","twitter_misc":{"Dur\u00e9e de lecture estim\u00e9e":"1 minute"},"schema":{"@context":"https:\/\/schema.org","@graph":[{"@type":"WebPage","@id":"https:\/\/www.car-star.be\/product\/private-label\/","url":"https:\/\/www.car-star.be\/product\/private-label\/","name":"Private Label - Car Star Chemicals","isPartOf":{"@id":"https:\/\/www.car-star.be\/#website"},"primaryImageOfPage":{"@id":"https:\/\/www.car-star.be\/product\/private-label\/#primaryimage"},"image":{"@id":"https:\/\/www.car-star.be\/product\/private-label\/#primaryimage"},"thumbnailUrl":"https:\/\/www.car-star.be\/wp-content\/uploads\/2024\/01\/Car-Star_Packshots_Simon-Van-Ranst-23-12-102.png","datePublished":"2020-01-24T15:25:42+00:00","dateModified":"2025-11-06T09:50:00+00:00","breadcrumb":{"@id":"https:\/\/www.car-star.be\/product\/private-label\/#breadcrumb"},"inLanguage":"fr-FR","potentialAction":[{"@type":"ReadAction","target":["https:\/\/www.car-star.be\/product\/private-label\/"]}]},{"@type":"ImageObject","inLanguage":"fr-FR","@id":"https:\/\/www.car-star.be\/product\/private-label\/#primaryimage","url":"https:\/\/www.car-star.be\/wp-content\/uploads\/2024\/01\/Car-Star_Packshots_Simon-Van-Ranst-23-12-102.png","contentUrl":"https:\/\/www.car-star.be\/wp-content\/uploads\/2024\/01\/Car-Star_Packshots_Simon-Van-Ranst-23-12-102.png","width":2250,"height":1500},{"@type":"BreadcrumbList","@id":"https:\/\/www.car-star.be\/product\/private-label\/#breadcrumb","itemListElement":[{"@type":"ListItem","position":1,"name":"Home","item":"https:\/\/www.car-star.be\/"},{"@type":"ListItem","position":2,"name":"Producten","item":"https:\/\/www.car-star.be\/producten\/"},{"@type":"ListItem","position":3,"name":"Private Label"}]},{"@type":"WebSite","@id":"https:\/\/www.car-star.be\/#website","url":"https:\/\/www.car-star.be\/","name":"Car Star Chemicals","description":"Produits de nettoyage automobile brillants pour les professionnels et le commerce","publisher":{"@id":"https:\/\/www.car-star.be\/#organization"},"potentialAction":[{"@type":"SearchAction","target":{"@type":"EntryPoint","urlTemplate":"https:\/\/www.car-star.be\/?s={search_term_string}"},"query-input":{"@type":"PropertyValueSpecification","valueRequired":true,"valueName":"search_term_string"}}],"inLanguage":"fr-FR"},{"@type":"Organization","@id":"https:\/\/www.car-star.be\/#organization","name":"Car Star Chemicals","url":"https:\/\/www.car-star.be\/","logo":{"@type":"ImageObject","inLanguage":"fr-FR","@id":"https:\/\/www.car-star.be\/#\/schema\/logo\/image\/","url":"https:\/\/www.car-star.be\/wp-content\/uploads\/2025\/11\/cropped-Logo-car-star-1_page-0001.jpg","contentUrl":"https:\/\/www.car-star.be\/wp-content\/uploads\/2025\/11\/cropped-Logo-car-star-1_page-0001.jpg","width":250,"height":250,"caption":"Car Star Chemicals"},"image":{"@id":"https:\/\/www.car-star.be\/#\/schema\/logo\/image\/"}}]}},"_links":{"self":[{"href":"https:\/\/www.car-star.be\/fr\/wp-json\/wp\/v2\/product\/13251","targetHints":{"allow":["GET"]}}],"collection":[{"href":"https:\/\/www.car-star.be\/fr\/wp-json\/wp\/v2\/product"}],"about":[{"href":"https:\/\/www.car-star.be\/fr\/wp-json\/wp\/v2\/types\/product"}],"wp:featuredmedia":[{"embeddable":true,"href":"https:\/\/www.car-star.be\/fr\/wp-json\/wp\/v2\/media\/13252"}],"wp:attachment":[{"href":"https:\/\/www.car-star.be\/fr\/wp-json\/wp\/v2\/media?parent=13251"}],"wp:term":[{"taxonomy":"product_brand","embeddable":true,"href":"https:\/\/www.car-star.be\/fr\/wp-json\/wp\/v2\/product_brand?post=13251"},{"taxonomy":"product_cat","embeddable":true,"href":"https:\/\/www.car-star.be\/fr\/wp-json\/wp\/v2\/product_cat?post=13251"},{"taxonomy":"product_tag","embeddable":true,"href":"https:\/\/www.car-star.be\/fr\/wp-json\/wp\/v2\/product_tag?post=13251"}],"curies":[{"name":"wp","href":"https:\/\/api.w.org\/{rel}","templated":true}]}}