{"id":11159,"date":"2020-02-04T19:46:59","date_gmt":"2020-02-04T19:46:59","guid":{"rendered":"https:\/\/www.car-star.be\/?post_type=product&#038;p=11159"},"modified":"2024-02-27T15:14:54","modified_gmt":"2024-02-27T14:14:54","slug":"car-polish","status":"publish","type":"product","link":"https:\/\/www.car-star.be\/fr\/product\/polish-pour-voiture\/","title":{"rendered":"Car Polish"},"content":{"rendered":"","protected":false},"excerpt":{"rendered":"<div class=\"woocommerce-product-details__short-description\">\n<h3><strong>Car Star Car Polish<br \/>\n<\/strong><\/h3>\n<p><strong>Nettoie \u2013 fait briller \u2013 prot\u00e8ge<br \/>\n<\/strong><\/p>\n<p>Pour voiture - moto - camping-car &amp; caravane<\/p>\n<p>Le polish pour voiture Car Star est compos\u00e9 d'ingr\u00e9dients de haute qualit\u00e9 garantissant un r\u00e9sultat parfait, m\u00eame sur les peintures difficiles.<\/p>\n<p>Ce polish \u00e9limine le goudron, les r\u00e9sidus d'insectes, les d\u00e9p\u00f4ts verts, la r\u00e9sine d'arbre et les pollutions industrielles. Il offre \u00e9galement une magnifique brillance en profondeur et cr\u00e9e une couche protectrice durable sur la peinture, pr\u00e9venant ainsi les \u00e9clats de pierre, les rayures et l'oxydation.<\/p>\n<p>Le Polish pour voiture Car Star a un effet restaurateur de couleur et redonne de l'\u00e9clat aux peintures devenues mates ou ternes, les faisant briller comme neuves.<\/p>\n<p><strong>Mode d'emploi :<\/strong><\/p>\n<ul>\n<li>Appliquez la peinture - en mouvements circulaires - partie par partie avec un chiffon doux.<\/li>\n<li>Ensuite, frottez la couche blanch\u00e2tre avec un chiffon en microfibre jusqu'\u00e0 ce que le brillant apparaisse.<\/li>\n<\/ul>\n<\/div>","protected":false},"featured_media":13225,"template":"","meta":[],"product_brand":[],"product_cat":[359],"product_tag":[],"class_list":{"0":"post-11159","1":"product","2":"type-product","3":"status-publish","4":"has-post-thumbnail","6":"product_cat-autocare","8":"first","9":"instock","10":"shipping-taxable","11":"product-type-simple"},"yoast_head":"<!-- This site is optimized with the Yoast SEO plugin v26.9 - https:\/\/yoast.com\/product\/yoast-seo-wordpress\/ -->\n<title>Car Polish - Car Star Chemicals<\/title>\n<meta name=\"robots\" content=\"index, follow, max-snippet:-1, max-image-preview:large, max-video-preview:-1\" \/>\n<link rel=\"canonical\" href=\"https:\/\/www.car-star.be\/fr\/product\/polish-pour-voiture\/\" \/>\n<meta property=\"og:locale\" content=\"fr_FR\" \/>\n<meta property=\"og:type\" content=\"article\" \/>\n<meta property=\"og:title\" content=\"Car Polish - Car Star Chemicals\" \/>\n<meta property=\"og:description\" content=\"Car Star Car Polish  Reinigt \u2013 glanst \u2013 beschermt   Voor auto \u2013 motor \u2013 motorhome &amp; caravan  Car Star Car Polish is samengesteld uit kwalitatief hoogwaardige ingredi\u00ebnten die een perfect resultaat garanderen, ook op moeilijke lakken.  Deze polish verwijdert teer, insectenresten, groenaanslag, boomhars en industri\u00eble verontreiniging. Geeft tevens een prachtige diepteglans en legt een duurzame beschermlaag op de lak die steenslag, krasjes en oxidatievorming voorkomt.  Car Star Car Polish heeft een kleur herstellende werking en laat mat of dof geworden lakken terug glanzen als nieuw.  Werkwijze:   Met een zachte doek het lakwerk - met cirkelvormige bewegingen - deel per deel inwrijven.  Vervolgens met een microvezeldoek de witgrijze sluierlaag wegwrijven tot de hoogglans verschijnt.\" \/>\n<meta property=\"og:url\" content=\"https:\/\/www.car-star.be\/fr\/product\/polish-pour-voiture\/\" \/>\n<meta property=\"og:site_name\" content=\"Car Star Chemicals\" \/>\n<meta property=\"article:modified_time\" content=\"2024-02-27T14:14:54+00:00\" \/>\n<meta property=\"og:image\" content=\"https:\/\/www.car-star.be\/wp-content\/uploads\/2020\/02\/Car-Star_Packshots_Simon-Van-Ranst-23-12-057-1-683x1024.png\" \/>\n\t<meta property=\"og:image:width\" content=\"683\" \/>\n\t<meta property=\"og:image:height\" content=\"1024\" \/>\n\t<meta property=\"og:image:type\" content=\"image\/png\" \/>\n<meta name=\"twitter:card\" content=\"summary_large_image\" \/>\n<meta name=\"twitter:label1\" content=\"Dur\u00e9e de lecture estim\u00e9e\" \/>\n\t<meta name=\"twitter:data1\" content=\"1 minute\" \/>\n<script type=\"application\/ld+json\" class=\"yoast-schema-graph\">{\"@context\":\"https:\/\/schema.org\",\"@graph\":[{\"@type\":\"WebPage\",\"@id\":\"https:\/\/www.car-star.be\/product\/car-polish\/\",\"url\":\"https:\/\/www.car-star.be\/product\/car-polish\/\",\"name\":\"Car Polish - Car Star Chemicals\",\"isPartOf\":{\"@id\":\"https:\/\/www.car-star.be\/#website\"},\"primaryImageOfPage\":{\"@id\":\"https:\/\/www.car-star.be\/product\/car-polish\/#primaryimage\"},\"image\":{\"@id\":\"https:\/\/www.car-star.be\/product\/car-polish\/#primaryimage\"},\"thumbnailUrl\":\"https:\/\/www.car-star.be\/wp-content\/uploads\/2020\/02\/Car-Star_Packshots_Simon-Van-Ranst-23-12-057-1.png\",\"datePublished\":\"2020-02-04T19:46:59+00:00\",\"dateModified\":\"2024-02-27T14:14:54+00:00\",\"breadcrumb\":{\"@id\":\"https:\/\/www.car-star.be\/product\/car-polish\/#breadcrumb\"},\"inLanguage\":\"fr-FR\",\"potentialAction\":[{\"@type\":\"ReadAction\",\"target\":[\"https:\/\/www.car-star.be\/product\/car-polish\/\"]}]},{\"@type\":\"ImageObject\",\"inLanguage\":\"fr-FR\",\"@id\":\"https:\/\/www.car-star.be\/product\/car-polish\/#primaryimage\",\"url\":\"https:\/\/www.car-star.be\/wp-content\/uploads\/2020\/02\/Car-Star_Packshots_Simon-Van-Ranst-23-12-057-1.png\",\"contentUrl\":\"https:\/\/www.car-star.be\/wp-content\/uploads\/2020\/02\/Car-Star_Packshots_Simon-Van-Ranst-23-12-057-1.png\",\"width\":1000,\"height\":1500},{\"@type\":\"BreadcrumbList\",\"@id\":\"https:\/\/www.car-star.be\/product\/car-polish\/#breadcrumb\",\"itemListElement\":[{\"@type\":\"ListItem\",\"position\":1,\"name\":\"Home\",\"item\":\"https:\/\/www.car-star.be\/\"},{\"@type\":\"ListItem\",\"position\":2,\"name\":\"Producten\",\"item\":\"https:\/\/www.car-star.be\/producten\/\"},{\"@type\":\"ListItem\",\"position\":3,\"name\":\"Car Polish\"}]},{\"@type\":\"WebSite\",\"@id\":\"https:\/\/www.car-star.be\/#website\",\"url\":\"https:\/\/www.car-star.be\/\",\"name\":\"Car Star Chemicals\",\"description\":\"Briljante autopoetsproducten voor de professional en de handel\",\"publisher\":{\"@id\":\"https:\/\/www.car-star.be\/#organization\"},\"potentialAction\":[{\"@type\":\"SearchAction\",\"target\":{\"@type\":\"EntryPoint\",\"urlTemplate\":\"https:\/\/www.car-star.be\/?s={search_term_string}\"},\"query-input\":{\"@type\":\"PropertyValueSpecification\",\"valueRequired\":true,\"valueName\":\"search_term_string\"}}],\"inLanguage\":\"fr-FR\"},{\"@type\":\"Organization\",\"@id\":\"https:\/\/www.car-star.be\/#organization\",\"name\":\"Car Star Chemicals\",\"url\":\"https:\/\/www.car-star.be\/\",\"logo\":{\"@type\":\"ImageObject\",\"inLanguage\":\"fr-FR\",\"@id\":\"https:\/\/www.car-star.be\/#\/schema\/logo\/image\/\",\"url\":\"https:\/\/www.car-star.be\/wp-content\/uploads\/2025\/11\/cropped-Logo-car-star-1_page-0001.jpg\",\"contentUrl\":\"https:\/\/www.car-star.be\/wp-content\/uploads\/2025\/11\/cropped-Logo-car-star-1_page-0001.jpg\",\"width\":250,\"height\":250,\"caption\":\"Car Star Chemicals\"},\"image\":{\"@id\":\"https:\/\/www.car-star.be\/#\/schema\/logo\/image\/\"}}]}<\/script>\n<!-- \/ Yoast SEO plugin. -->","yoast_head_json":{"title":"Car Polish - Car Star Chemicals","robots":{"index":"index","follow":"follow","max-snippet":"max-snippet:-1","max-image-preview":"max-image-preview:large","max-video-preview":"max-video-preview:-1"},"canonical":"https:\/\/www.car-star.be\/fr\/product\/polish-pour-voiture\/","og_locale":"fr_FR","og_type":"article","og_title":"Car Polish - Car Star Chemicals","og_description":"Car Star Car Polish  Reinigt \u2013 glanst \u2013 beschermt   Voor auto \u2013 motor \u2013 motorhome &amp; caravan  Car Star Car Polish is samengesteld uit kwalitatief hoogwaardige ingredi\u00ebnten die een perfect resultaat garanderen, ook op moeilijke lakken.  Deze polish verwijdert teer, insectenresten, groenaanslag, boomhars en industri\u00eble verontreiniging. Geeft tevens een prachtige diepteglans en legt een duurzame beschermlaag op de lak die steenslag, krasjes en oxidatievorming voorkomt.  Car Star Car Polish heeft een kleur herstellende werking en laat mat of dof geworden lakken terug glanzen als nieuw.  Werkwijze:   Met een zachte doek het lakwerk - met cirkelvormige bewegingen - deel per deel inwrijven.  Vervolgens met een microvezeldoek de witgrijze sluierlaag wegwrijven tot de hoogglans verschijnt.","og_url":"https:\/\/www.car-star.be\/fr\/product\/polish-pour-voiture\/","og_site_name":"Car Star Chemicals","article_modified_time":"2024-02-27T14:14:54+00:00","og_image":[{"width":683,"height":1024,"url":"https:\/\/www.car-star.be\/wp-content\/uploads\/2020\/02\/Car-Star_Packshots_Simon-Van-Ranst-23-12-057-1-683x1024.png","type":"image\/png"}],"twitter_card":"summary_large_image","twitter_misc":{"Dur\u00e9e de lecture estim\u00e9e":"1 minute"},"schema":{"@context":"https:\/\/schema.org","@graph":[{"@type":"WebPage","@id":"https:\/\/www.car-star.be\/product\/car-polish\/","url":"https:\/\/www.car-star.be\/product\/car-polish\/","name":"Car Polish - Car Star Chemicals","isPartOf":{"@id":"https:\/\/www.car-star.be\/#website"},"primaryImageOfPage":{"@id":"https:\/\/www.car-star.be\/product\/car-polish\/#primaryimage"},"image":{"@id":"https:\/\/www.car-star.be\/product\/car-polish\/#primaryimage"},"thumbnailUrl":"https:\/\/www.car-star.be\/wp-content\/uploads\/2020\/02\/Car-Star_Packshots_Simon-Van-Ranst-23-12-057-1.png","datePublished":"2020-02-04T19:46:59+00:00","dateModified":"2024-02-27T14:14:54+00:00","breadcrumb":{"@id":"https:\/\/www.car-star.be\/product\/car-polish\/#breadcrumb"},"inLanguage":"fr-FR","potentialAction":[{"@type":"ReadAction","target":["https:\/\/www.car-star.be\/product\/car-polish\/"]}]},{"@type":"ImageObject","inLanguage":"fr-FR","@id":"https:\/\/www.car-star.be\/product\/car-polish\/#primaryimage","url":"https:\/\/www.car-star.be\/wp-content\/uploads\/2020\/02\/Car-Star_Packshots_Simon-Van-Ranst-23-12-057-1.png","contentUrl":"https:\/\/www.car-star.be\/wp-content\/uploads\/2020\/02\/Car-Star_Packshots_Simon-Van-Ranst-23-12-057-1.png","width":1000,"height":1500},{"@type":"BreadcrumbList","@id":"https:\/\/www.car-star.be\/product\/car-polish\/#breadcrumb","itemListElement":[{"@type":"ListItem","position":1,"name":"Home","item":"https:\/\/www.car-star.be\/"},{"@type":"ListItem","position":2,"name":"Producten","item":"https:\/\/www.car-star.be\/producten\/"},{"@type":"ListItem","position":3,"name":"Car Polish"}]},{"@type":"WebSite","@id":"https:\/\/www.car-star.be\/#website","url":"https:\/\/www.car-star.be\/","name":"Car Star Chemicals","description":"Produits de nettoyage automobile brillants pour les professionnels et le commerce","publisher":{"@id":"https:\/\/www.car-star.be\/#organization"},"potentialAction":[{"@type":"SearchAction","target":{"@type":"EntryPoint","urlTemplate":"https:\/\/www.car-star.be\/?s={search_term_string}"},"query-input":{"@type":"PropertyValueSpecification","valueRequired":true,"valueName":"search_term_string"}}],"inLanguage":"fr-FR"},{"@type":"Organization","@id":"https:\/\/www.car-star.be\/#organization","name":"Car Star Chemicals","url":"https:\/\/www.car-star.be\/","logo":{"@type":"ImageObject","inLanguage":"fr-FR","@id":"https:\/\/www.car-star.be\/#\/schema\/logo\/image\/","url":"https:\/\/www.car-star.be\/wp-content\/uploads\/2025\/11\/cropped-Logo-car-star-1_page-0001.jpg","contentUrl":"https:\/\/www.car-star.be\/wp-content\/uploads\/2025\/11\/cropped-Logo-car-star-1_page-0001.jpg","width":250,"height":250,"caption":"Car Star Chemicals"},"image":{"@id":"https:\/\/www.car-star.be\/#\/schema\/logo\/image\/"}}]}},"_links":{"self":[{"href":"https:\/\/www.car-star.be\/fr\/wp-json\/wp\/v2\/product\/11159","targetHints":{"allow":["GET"]}}],"collection":[{"href":"https:\/\/www.car-star.be\/fr\/wp-json\/wp\/v2\/product"}],"about":[{"href":"https:\/\/www.car-star.be\/fr\/wp-json\/wp\/v2\/types\/product"}],"wp:featuredmedia":[{"embeddable":true,"href":"https:\/\/www.car-star.be\/fr\/wp-json\/wp\/v2\/media\/13225"}],"wp:attachment":[{"href":"https:\/\/www.car-star.be\/fr\/wp-json\/wp\/v2\/media?parent=11159"}],"wp:term":[{"taxonomy":"product_brand","embeddable":true,"href":"https:\/\/www.car-star.be\/fr\/wp-json\/wp\/v2\/product_brand?post=11159"},{"taxonomy":"product_cat","embeddable":true,"href":"https:\/\/www.car-star.be\/fr\/wp-json\/wp\/v2\/product_cat?post=11159"},{"taxonomy":"product_tag","embeddable":true,"href":"https:\/\/www.car-star.be\/fr\/wp-json\/wp\/v2\/product_tag?post=11159"}],"curies":[{"name":"wp","href":"https:\/\/api.w.org\/{rel}","templated":true}]}}