{"id":11144,"date":"2019-04-13T18:44:11","date_gmt":"2019-04-13T18:44:11","guid":{"rendered":"https:\/\/www.car-star.be\/?post_type=product&#038;p=11144"},"modified":"2024-02-05T14:22:13","modified_gmt":"2024-02-05T14:22:13","slug":"microvezeldoek-geel-en-blauw","status":"publish","type":"product","link":"https:\/\/www.car-star.be\/fr\/product\/chiffon-microfibre-jaune-et-bleu\/","title":{"rendered":"Chiffon microfibre jaune et bleu"},"content":{"rendered":"","protected":false},"excerpt":{"rendered":"<div class=\"woocommerce-product-details__short-description\">\n<h3>Chiffon microfibre<\/h3>\n<p>Le chiffon en microfibre Car Star est parfait pour nettoyer tous types de peintures. Gr\u00e2ce \u00e0 sa grande capacit\u00e9 d'absorption et \u00e0 sa structure de fibre sp\u00e9cifique, il est le chiffon de nettoyage id\u00e9al qui absorbe facilement l'humidit\u00e9 et la salet\u00e9 sans laisser de rayures.<\/p>\n<p>Ce chiffon est indispensable lors de l'utilisation du produit Car Star Showroom finish. Il peut \u00eatre lav\u00e9 et r\u00e9utilis\u00e9 plusieurs fois.<\/p>\n<p>Disponible en couleurs : jaune et bleu<\/p>\n<\/div>","protected":false},"featured_media":13248,"template":"","meta":[],"product_brand":[],"product_cat":[359],"product_tag":[],"class_list":{"0":"post-11144","1":"product","2":"type-product","3":"status-publish","4":"has-post-thumbnail","6":"product_cat-autocare","8":"first","9":"instock","10":"shipping-taxable","11":"product-type-simple"},"yoast_head":"<!-- This site is optimized with the Yoast SEO plugin v26.9 - https:\/\/yoast.com\/product\/yoast-seo-wordpress\/ -->\n<title>Microvezeldoek geel en blauw - Car Star Chemicals<\/title>\n<meta name=\"robots\" content=\"index, follow, max-snippet:-1, max-image-preview:large, max-video-preview:-1\" \/>\n<link rel=\"canonical\" href=\"https:\/\/www.car-star.be\/fr\/product\/chiffon-microfibre-jaune-et-bleu\/\" \/>\n<meta property=\"og:locale\" content=\"fr_FR\" \/>\n<meta property=\"og:type\" content=\"article\" \/>\n<meta property=\"og:title\" content=\"Microvezeldoek geel en blauw - Car Star Chemicals\" \/>\n<meta property=\"og:description\" content=\"Microvezeldoek Car Star microvezeldoek is uitermate geschikt voor het poetsen op alle soorten lakwerk. Dankzij zijn groot absorberend vermogen en zijn specifieke vezelstructuur is hij de ideale poetsdoek die makkelijk vocht en vuil opneemt en dit zonder te krassen.  Deze doek is noodzakelijk bij het gebruik van het product Car Star Showroom finish. Deze doek mag uitgewassen worden en kan dus meerdere keren gebruikt worden.  Verkrijgbaar in de kleuren: geel en blauw\" \/>\n<meta property=\"og:url\" content=\"https:\/\/www.car-star.be\/fr\/product\/chiffon-microfibre-jaune-et-bleu\/\" \/>\n<meta property=\"og:site_name\" content=\"Car Star Chemicals\" \/>\n<meta property=\"article:modified_time\" content=\"2024-02-05T14:22:13+00:00\" \/>\n<meta property=\"og:image\" content=\"https:\/\/www.car-star.be\/wp-content\/uploads\/2019\/04\/Car-Star_Packshots_Simon-Van-Ranst-23-12-107-1024x683.png\" \/>\n\t<meta property=\"og:image:width\" content=\"1024\" \/>\n\t<meta property=\"og:image:height\" content=\"683\" \/>\n\t<meta property=\"og:image:type\" content=\"image\/png\" \/>\n<meta name=\"twitter:card\" content=\"summary_large_image\" \/>\n<meta name=\"twitter:label1\" content=\"Dur\u00e9e de lecture estim\u00e9e\" \/>\n\t<meta name=\"twitter:data1\" content=\"1 minute\" \/>\n<script type=\"application\/ld+json\" class=\"yoast-schema-graph\">{\"@context\":\"https:\/\/schema.org\",\"@graph\":[{\"@type\":\"WebPage\",\"@id\":\"https:\/\/www.car-star.be\/product\/microvezeldoek-geel-en-blauw\/\",\"url\":\"https:\/\/www.car-star.be\/product\/microvezeldoek-geel-en-blauw\/\",\"name\":\"Microvezeldoek geel en blauw - Car Star Chemicals\",\"isPartOf\":{\"@id\":\"https:\/\/www.car-star.be\/#website\"},\"primaryImageOfPage\":{\"@id\":\"https:\/\/www.car-star.be\/product\/microvezeldoek-geel-en-blauw\/#primaryimage\"},\"image\":{\"@id\":\"https:\/\/www.car-star.be\/product\/microvezeldoek-geel-en-blauw\/#primaryimage\"},\"thumbnailUrl\":\"https:\/\/www.car-star.be\/wp-content\/uploads\/2019\/04\/Car-Star_Packshots_Simon-Van-Ranst-23-12-107.png\",\"datePublished\":\"2019-04-13T18:44:11+00:00\",\"dateModified\":\"2024-02-05T14:22:13+00:00\",\"breadcrumb\":{\"@id\":\"https:\/\/www.car-star.be\/product\/microvezeldoek-geel-en-blauw\/#breadcrumb\"},\"inLanguage\":\"fr-FR\",\"potentialAction\":[{\"@type\":\"ReadAction\",\"target\":[\"https:\/\/www.car-star.be\/product\/microvezeldoek-geel-en-blauw\/\"]}]},{\"@type\":\"ImageObject\",\"inLanguage\":\"fr-FR\",\"@id\":\"https:\/\/www.car-star.be\/product\/microvezeldoek-geel-en-blauw\/#primaryimage\",\"url\":\"https:\/\/www.car-star.be\/wp-content\/uploads\/2019\/04\/Car-Star_Packshots_Simon-Van-Ranst-23-12-107.png\",\"contentUrl\":\"https:\/\/www.car-star.be\/wp-content\/uploads\/2019\/04\/Car-Star_Packshots_Simon-Van-Ranst-23-12-107.png\",\"width\":2250,\"height\":1500},{\"@type\":\"BreadcrumbList\",\"@id\":\"https:\/\/www.car-star.be\/product\/microvezeldoek-geel-en-blauw\/#breadcrumb\",\"itemListElement\":[{\"@type\":\"ListItem\",\"position\":1,\"name\":\"Home\",\"item\":\"https:\/\/www.car-star.be\/\"},{\"@type\":\"ListItem\",\"position\":2,\"name\":\"Producten\",\"item\":\"https:\/\/www.car-star.be\/producten\/\"},{\"@type\":\"ListItem\",\"position\":3,\"name\":\"Microvezeldoek geel en blauw\"}]},{\"@type\":\"WebSite\",\"@id\":\"https:\/\/www.car-star.be\/#website\",\"url\":\"https:\/\/www.car-star.be\/\",\"name\":\"Car Star Chemicals\",\"description\":\"Briljante autopoetsproducten voor de professional en de handel\",\"publisher\":{\"@id\":\"https:\/\/www.car-star.be\/#organization\"},\"potentialAction\":[{\"@type\":\"SearchAction\",\"target\":{\"@type\":\"EntryPoint\",\"urlTemplate\":\"https:\/\/www.car-star.be\/?s={search_term_string}\"},\"query-input\":{\"@type\":\"PropertyValueSpecification\",\"valueRequired\":true,\"valueName\":\"search_term_string\"}}],\"inLanguage\":\"fr-FR\"},{\"@type\":\"Organization\",\"@id\":\"https:\/\/www.car-star.be\/#organization\",\"name\":\"Car Star Chemicals\",\"url\":\"https:\/\/www.car-star.be\/\",\"logo\":{\"@type\":\"ImageObject\",\"inLanguage\":\"fr-FR\",\"@id\":\"https:\/\/www.car-star.be\/#\/schema\/logo\/image\/\",\"url\":\"https:\/\/www.car-star.be\/wp-content\/uploads\/2025\/11\/cropped-Logo-car-star-1_page-0001.jpg\",\"contentUrl\":\"https:\/\/www.car-star.be\/wp-content\/uploads\/2025\/11\/cropped-Logo-car-star-1_page-0001.jpg\",\"width\":250,\"height\":250,\"caption\":\"Car Star Chemicals\"},\"image\":{\"@id\":\"https:\/\/www.car-star.be\/#\/schema\/logo\/image\/\"}}]}<\/script>\n<!-- \/ Yoast SEO plugin. -->","yoast_head_json":{"title":"Chiffon microfibre jaune et bleu - Car Star Chemicals","robots":{"index":"index","follow":"follow","max-snippet":"max-snippet:-1","max-image-preview":"max-image-preview:large","max-video-preview":"max-video-preview:-1"},"canonical":"https:\/\/www.car-star.be\/fr\/product\/chiffon-microfibre-jaune-et-bleu\/","og_locale":"fr_FR","og_type":"article","og_title":"Microvezeldoek geel en blauw - Car Star Chemicals","og_description":"Microvezeldoek Car Star microvezeldoek is uitermate geschikt voor het poetsen op alle soorten lakwerk. Dankzij zijn groot absorberend vermogen en zijn specifieke vezelstructuur is hij de ideale poetsdoek die makkelijk vocht en vuil opneemt en dit zonder te krassen.  Deze doek is noodzakelijk bij het gebruik van het product Car Star Showroom finish. Deze doek mag uitgewassen worden en kan dus meerdere keren gebruikt worden.  Verkrijgbaar in de kleuren: geel en blauw","og_url":"https:\/\/www.car-star.be\/fr\/product\/chiffon-microfibre-jaune-et-bleu\/","og_site_name":"Car Star Chemicals","article_modified_time":"2024-02-05T14:22:13+00:00","og_image":[{"width":1024,"height":683,"url":"https:\/\/www.car-star.be\/wp-content\/uploads\/2019\/04\/Car-Star_Packshots_Simon-Van-Ranst-23-12-107-1024x683.png","type":"image\/png"}],"twitter_card":"summary_large_image","twitter_misc":{"Dur\u00e9e de lecture estim\u00e9e":"1 minute"},"schema":{"@context":"https:\/\/schema.org","@graph":[{"@type":"WebPage","@id":"https:\/\/www.car-star.be\/product\/microvezeldoek-geel-en-blauw\/","url":"https:\/\/www.car-star.be\/product\/microvezeldoek-geel-en-blauw\/","name":"Chiffon microfibre jaune et bleu - Car Star Chemicals","isPartOf":{"@id":"https:\/\/www.car-star.be\/#website"},"primaryImageOfPage":{"@id":"https:\/\/www.car-star.be\/product\/microvezeldoek-geel-en-blauw\/#primaryimage"},"image":{"@id":"https:\/\/www.car-star.be\/product\/microvezeldoek-geel-en-blauw\/#primaryimage"},"thumbnailUrl":"https:\/\/www.car-star.be\/wp-content\/uploads\/2019\/04\/Car-Star_Packshots_Simon-Van-Ranst-23-12-107.png","datePublished":"2019-04-13T18:44:11+00:00","dateModified":"2024-02-05T14:22:13+00:00","breadcrumb":{"@id":"https:\/\/www.car-star.be\/product\/microvezeldoek-geel-en-blauw\/#breadcrumb"},"inLanguage":"fr-FR","potentialAction":[{"@type":"ReadAction","target":["https:\/\/www.car-star.be\/product\/microvezeldoek-geel-en-blauw\/"]}]},{"@type":"ImageObject","inLanguage":"fr-FR","@id":"https:\/\/www.car-star.be\/product\/microvezeldoek-geel-en-blauw\/#primaryimage","url":"https:\/\/www.car-star.be\/wp-content\/uploads\/2019\/04\/Car-Star_Packshots_Simon-Van-Ranst-23-12-107.png","contentUrl":"https:\/\/www.car-star.be\/wp-content\/uploads\/2019\/04\/Car-Star_Packshots_Simon-Van-Ranst-23-12-107.png","width":2250,"height":1500},{"@type":"BreadcrumbList","@id":"https:\/\/www.car-star.be\/product\/microvezeldoek-geel-en-blauw\/#breadcrumb","itemListElement":[{"@type":"ListItem","position":1,"name":"Home","item":"https:\/\/www.car-star.be\/"},{"@type":"ListItem","position":2,"name":"Producten","item":"https:\/\/www.car-star.be\/producten\/"},{"@type":"ListItem","position":3,"name":"Microvezeldoek geel en blauw"}]},{"@type":"WebSite","@id":"https:\/\/www.car-star.be\/#website","url":"https:\/\/www.car-star.be\/","name":"Car Star Chemicals","description":"Produits de nettoyage automobile brillants pour les professionnels et le commerce","publisher":{"@id":"https:\/\/www.car-star.be\/#organization"},"potentialAction":[{"@type":"SearchAction","target":{"@type":"EntryPoint","urlTemplate":"https:\/\/www.car-star.be\/?s={search_term_string}"},"query-input":{"@type":"PropertyValueSpecification","valueRequired":true,"valueName":"search_term_string"}}],"inLanguage":"fr-FR"},{"@type":"Organization","@id":"https:\/\/www.car-star.be\/#organization","name":"Car Star Chemicals","url":"https:\/\/www.car-star.be\/","logo":{"@type":"ImageObject","inLanguage":"fr-FR","@id":"https:\/\/www.car-star.be\/#\/schema\/logo\/image\/","url":"https:\/\/www.car-star.be\/wp-content\/uploads\/2025\/11\/cropped-Logo-car-star-1_page-0001.jpg","contentUrl":"https:\/\/www.car-star.be\/wp-content\/uploads\/2025\/11\/cropped-Logo-car-star-1_page-0001.jpg","width":250,"height":250,"caption":"Car Star Chemicals"},"image":{"@id":"https:\/\/www.car-star.be\/#\/schema\/logo\/image\/"}}]}},"_links":{"self":[{"href":"https:\/\/www.car-star.be\/fr\/wp-json\/wp\/v2\/product\/11144","targetHints":{"allow":["GET"]}}],"collection":[{"href":"https:\/\/www.car-star.be\/fr\/wp-json\/wp\/v2\/product"}],"about":[{"href":"https:\/\/www.car-star.be\/fr\/wp-json\/wp\/v2\/types\/product"}],"wp:featuredmedia":[{"embeddable":true,"href":"https:\/\/www.car-star.be\/fr\/wp-json\/wp\/v2\/media\/13248"}],"wp:attachment":[{"href":"https:\/\/www.car-star.be\/fr\/wp-json\/wp\/v2\/media?parent=11144"}],"wp:term":[{"taxonomy":"product_brand","embeddable":true,"href":"https:\/\/www.car-star.be\/fr\/wp-json\/wp\/v2\/product_brand?post=11144"},{"taxonomy":"product_cat","embeddable":true,"href":"https:\/\/www.car-star.be\/fr\/wp-json\/wp\/v2\/product_cat?post=11144"},{"taxonomy":"product_tag","embeddable":true,"href":"https:\/\/www.car-star.be\/fr\/wp-json\/wp\/v2\/product_tag?post=11144"}],"curies":[{"name":"wp","href":"https:\/\/api.w.org\/{rel}","templated":true}]}}