{"id":11141,"date":"2019-04-13T18:43:54","date_gmt":"2019-04-13T18:43:54","guid":{"rendered":"https:\/\/www.car-star.be\/?post_type=product&#038;p=11141"},"modified":"2024-02-05T15:48:10","modified_gmt":"2024-02-05T15:48:10","slug":"microvezeldoek-special","status":"publish","type":"product","link":"https:\/\/www.car-star.be\/fr\/product\/chiffon-microfibre-special\/","title":{"rendered":"Chiffon microfibre sp\u00e9cial"},"content":{"rendered":"","protected":false},"excerpt":{"rendered":"<div class=\"woocommerce-product-details__short-description\">\n<h3>Chiffon microfibre Sp\u00e9cial<\/h3>\n<p>Le chiffon en microfibre Car Star (sp\u00e9cial) peut accomplir le m\u00eame travail que nos autres chiffons en microfibre, mais gr\u00e2ce \u00e0 sa structure encore plus fine, ce chiffon est bien meilleur pour nettoyer les vitres de la voiture sans laisser de traces.<\/p>\n<p>Bien s\u00fbr, ce chiffon peut \u00e9galement \u00eatre utilis\u00e9 plusieurs fois apr\u00e8s avoir \u00e9t\u00e9 lav\u00e9.<\/p>\n<p>Disponible en couleurs : jaune et bleu<\/p>\n<\/div>","protected":false},"featured_media":13249,"template":"","meta":[],"product_brand":[],"product_cat":[359],"product_tag":[],"class_list":{"0":"post-11141","1":"product","2":"type-product","3":"status-publish","4":"has-post-thumbnail","6":"product_cat-autocare","8":"first","9":"instock","10":"shipping-taxable","11":"product-type-simple"},"yoast_head":"<!-- This site is optimized with the Yoast SEO plugin v26.9 - https:\/\/yoast.com\/product\/yoast-seo-wordpress\/ -->\n<title>Microvezeldoek special - Car Star Chemicals<\/title>\n<meta name=\"robots\" content=\"index, follow, max-snippet:-1, max-image-preview:large, max-video-preview:-1\" \/>\n<link rel=\"canonical\" href=\"https:\/\/www.car-star.be\/fr\/product\/chiffon-microfibre-special\/\" \/>\n<meta property=\"og:locale\" content=\"fr_FR\" \/>\n<meta property=\"og:type\" content=\"article\" \/>\n<meta property=\"og:title\" content=\"Microvezeldoek special - Car Star Chemicals\" \/>\n<meta property=\"og:description\" content=\"Microvezeldoek Special Car Star microvezeldoek (special) kan hetzelfde werk verrichten dan onze andere microvezeldoeken, echter is deze microvezeldoek dankzij zijn nog fijnere structuur een stuk beter om ruiten van de auto streep loos te poetsen.  Uiteraard kan ook deze doek na het uitwassen meerdere malen gebruikt worden.  Verkrijgbaar in de kleur: licht blauw\" \/>\n<meta property=\"og:url\" content=\"https:\/\/www.car-star.be\/fr\/product\/chiffon-microfibre-special\/\" \/>\n<meta property=\"og:site_name\" content=\"Car Star Chemicals\" \/>\n<meta property=\"article:modified_time\" content=\"2024-02-05T15:48:10+00:00\" \/>\n<meta property=\"og:image\" content=\"https:\/\/www.car-star.be\/wp-content\/uploads\/2019\/04\/Car-Star_Packshots_Simon-Van-Ranst-23-12-079-1024x683.png\" \/>\n\t<meta property=\"og:image:width\" content=\"1024\" \/>\n\t<meta property=\"og:image:height\" content=\"683\" \/>\n\t<meta property=\"og:image:type\" content=\"image\/png\" \/>\n<meta name=\"twitter:card\" content=\"summary_large_image\" \/>\n<meta name=\"twitter:label1\" content=\"Dur\u00e9e de lecture estim\u00e9e\" \/>\n\t<meta name=\"twitter:data1\" content=\"1 minute\" \/>\n<script type=\"application\/ld+json\" class=\"yoast-schema-graph\">{\"@context\":\"https:\/\/schema.org\",\"@graph\":[{\"@type\":\"WebPage\",\"@id\":\"https:\/\/www.car-star.be\/product\/microvezeldoek-special\/\",\"url\":\"https:\/\/www.car-star.be\/product\/microvezeldoek-special\/\",\"name\":\"Microvezeldoek special - Car Star Chemicals\",\"isPartOf\":{\"@id\":\"https:\/\/www.car-star.be\/#website\"},\"primaryImageOfPage\":{\"@id\":\"https:\/\/www.car-star.be\/product\/microvezeldoek-special\/#primaryimage\"},\"image\":{\"@id\":\"https:\/\/www.car-star.be\/product\/microvezeldoek-special\/#primaryimage\"},\"thumbnailUrl\":\"https:\/\/www.car-star.be\/wp-content\/uploads\/2019\/04\/Car-Star_Packshots_Simon-Van-Ranst-23-12-079.png\",\"datePublished\":\"2019-04-13T18:43:54+00:00\",\"dateModified\":\"2024-02-05T15:48:10+00:00\",\"breadcrumb\":{\"@id\":\"https:\/\/www.car-star.be\/product\/microvezeldoek-special\/#breadcrumb\"},\"inLanguage\":\"fr-FR\",\"potentialAction\":[{\"@type\":\"ReadAction\",\"target\":[\"https:\/\/www.car-star.be\/product\/microvezeldoek-special\/\"]}]},{\"@type\":\"ImageObject\",\"inLanguage\":\"fr-FR\",\"@id\":\"https:\/\/www.car-star.be\/product\/microvezeldoek-special\/#primaryimage\",\"url\":\"https:\/\/www.car-star.be\/wp-content\/uploads\/2019\/04\/Car-Star_Packshots_Simon-Van-Ranst-23-12-079.png\",\"contentUrl\":\"https:\/\/www.car-star.be\/wp-content\/uploads\/2019\/04\/Car-Star_Packshots_Simon-Van-Ranst-23-12-079.png\",\"width\":2250,\"height\":1500},{\"@type\":\"BreadcrumbList\",\"@id\":\"https:\/\/www.car-star.be\/product\/microvezeldoek-special\/#breadcrumb\",\"itemListElement\":[{\"@type\":\"ListItem\",\"position\":1,\"name\":\"Home\",\"item\":\"https:\/\/www.car-star.be\/\"},{\"@type\":\"ListItem\",\"position\":2,\"name\":\"Producten\",\"item\":\"https:\/\/www.car-star.be\/producten\/\"},{\"@type\":\"ListItem\",\"position\":3,\"name\":\"Microvezeldoek special\"}]},{\"@type\":\"WebSite\",\"@id\":\"https:\/\/www.car-star.be\/#website\",\"url\":\"https:\/\/www.car-star.be\/\",\"name\":\"Car Star Chemicals\",\"description\":\"Briljante autopoetsproducten voor de professional en de handel\",\"publisher\":{\"@id\":\"https:\/\/www.car-star.be\/#organization\"},\"potentialAction\":[{\"@type\":\"SearchAction\",\"target\":{\"@type\":\"EntryPoint\",\"urlTemplate\":\"https:\/\/www.car-star.be\/?s={search_term_string}\"},\"query-input\":{\"@type\":\"PropertyValueSpecification\",\"valueRequired\":true,\"valueName\":\"search_term_string\"}}],\"inLanguage\":\"fr-FR\"},{\"@type\":\"Organization\",\"@id\":\"https:\/\/www.car-star.be\/#organization\",\"name\":\"Car Star Chemicals\",\"url\":\"https:\/\/www.car-star.be\/\",\"logo\":{\"@type\":\"ImageObject\",\"inLanguage\":\"fr-FR\",\"@id\":\"https:\/\/www.car-star.be\/#\/schema\/logo\/image\/\",\"url\":\"https:\/\/www.car-star.be\/wp-content\/uploads\/2025\/11\/cropped-Logo-car-star-1_page-0001.jpg\",\"contentUrl\":\"https:\/\/www.car-star.be\/wp-content\/uploads\/2025\/11\/cropped-Logo-car-star-1_page-0001.jpg\",\"width\":250,\"height\":250,\"caption\":\"Car Star Chemicals\"},\"image\":{\"@id\":\"https:\/\/www.car-star.be\/#\/schema\/logo\/image\/\"}}]}<\/script>\n<!-- \/ Yoast SEO plugin. -->","yoast_head_json":{"title":"Microvezeldoek special - Car Star Chemicals","robots":{"index":"index","follow":"follow","max-snippet":"max-snippet:-1","max-image-preview":"max-image-preview:large","max-video-preview":"max-video-preview:-1"},"canonical":"https:\/\/www.car-star.be\/fr\/product\/chiffon-microfibre-special\/","og_locale":"fr_FR","og_type":"article","og_title":"Microvezeldoek special - Car Star Chemicals","og_description":"Microvezeldoek Special Car Star microvezeldoek (special) kan hetzelfde werk verrichten dan onze andere microvezeldoeken, echter is deze microvezeldoek dankzij zijn nog fijnere structuur een stuk beter om ruiten van de auto streep loos te poetsen.  Uiteraard kan ook deze doek na het uitwassen meerdere malen gebruikt worden.  Verkrijgbaar in de kleur: licht blauw","og_url":"https:\/\/www.car-star.be\/fr\/product\/chiffon-microfibre-special\/","og_site_name":"Car Star Chemicals","article_modified_time":"2024-02-05T15:48:10+00:00","og_image":[{"width":1024,"height":683,"url":"https:\/\/www.car-star.be\/wp-content\/uploads\/2019\/04\/Car-Star_Packshots_Simon-Van-Ranst-23-12-079-1024x683.png","type":"image\/png"}],"twitter_card":"summary_large_image","twitter_misc":{"Dur\u00e9e de lecture estim\u00e9e":"1 minute"},"schema":{"@context":"https:\/\/schema.org","@graph":[{"@type":"WebPage","@id":"https:\/\/www.car-star.be\/product\/microvezeldoek-special\/","url":"https:\/\/www.car-star.be\/product\/microvezeldoek-special\/","name":"Microvezeldoek special - Car Star Chemicals","isPartOf":{"@id":"https:\/\/www.car-star.be\/#website"},"primaryImageOfPage":{"@id":"https:\/\/www.car-star.be\/product\/microvezeldoek-special\/#primaryimage"},"image":{"@id":"https:\/\/www.car-star.be\/product\/microvezeldoek-special\/#primaryimage"},"thumbnailUrl":"https:\/\/www.car-star.be\/wp-content\/uploads\/2019\/04\/Car-Star_Packshots_Simon-Van-Ranst-23-12-079.png","datePublished":"2019-04-13T18:43:54+00:00","dateModified":"2024-02-05T15:48:10+00:00","breadcrumb":{"@id":"https:\/\/www.car-star.be\/product\/microvezeldoek-special\/#breadcrumb"},"inLanguage":"fr-FR","potentialAction":[{"@type":"ReadAction","target":["https:\/\/www.car-star.be\/product\/microvezeldoek-special\/"]}]},{"@type":"ImageObject","inLanguage":"fr-FR","@id":"https:\/\/www.car-star.be\/product\/microvezeldoek-special\/#primaryimage","url":"https:\/\/www.car-star.be\/wp-content\/uploads\/2019\/04\/Car-Star_Packshots_Simon-Van-Ranst-23-12-079.png","contentUrl":"https:\/\/www.car-star.be\/wp-content\/uploads\/2019\/04\/Car-Star_Packshots_Simon-Van-Ranst-23-12-079.png","width":2250,"height":1500},{"@type":"BreadcrumbList","@id":"https:\/\/www.car-star.be\/product\/microvezeldoek-special\/#breadcrumb","itemListElement":[{"@type":"ListItem","position":1,"name":"Home","item":"https:\/\/www.car-star.be\/"},{"@type":"ListItem","position":2,"name":"Producten","item":"https:\/\/www.car-star.be\/producten\/"},{"@type":"ListItem","position":3,"name":"Microvezeldoek special"}]},{"@type":"WebSite","@id":"https:\/\/www.car-star.be\/#website","url":"https:\/\/www.car-star.be\/","name":"Car Star Chemicals","description":"Produits de nettoyage automobile brillants pour les professionnels et le commerce","publisher":{"@id":"https:\/\/www.car-star.be\/#organization"},"potentialAction":[{"@type":"SearchAction","target":{"@type":"EntryPoint","urlTemplate":"https:\/\/www.car-star.be\/?s={search_term_string}"},"query-input":{"@type":"PropertyValueSpecification","valueRequired":true,"valueName":"search_term_string"}}],"inLanguage":"fr-FR"},{"@type":"Organization","@id":"https:\/\/www.car-star.be\/#organization","name":"Car Star Chemicals","url":"https:\/\/www.car-star.be\/","logo":{"@type":"ImageObject","inLanguage":"fr-FR","@id":"https:\/\/www.car-star.be\/#\/schema\/logo\/image\/","url":"https:\/\/www.car-star.be\/wp-content\/uploads\/2025\/11\/cropped-Logo-car-star-1_page-0001.jpg","contentUrl":"https:\/\/www.car-star.be\/wp-content\/uploads\/2025\/11\/cropped-Logo-car-star-1_page-0001.jpg","width":250,"height":250,"caption":"Car Star Chemicals"},"image":{"@id":"https:\/\/www.car-star.be\/#\/schema\/logo\/image\/"}}]}},"_links":{"self":[{"href":"https:\/\/www.car-star.be\/fr\/wp-json\/wp\/v2\/product\/11141","targetHints":{"allow":["GET"]}}],"collection":[{"href":"https:\/\/www.car-star.be\/fr\/wp-json\/wp\/v2\/product"}],"about":[{"href":"https:\/\/www.car-star.be\/fr\/wp-json\/wp\/v2\/types\/product"}],"wp:featuredmedia":[{"embeddable":true,"href":"https:\/\/www.car-star.be\/fr\/wp-json\/wp\/v2\/media\/13249"}],"wp:attachment":[{"href":"https:\/\/www.car-star.be\/fr\/wp-json\/wp\/v2\/media?parent=11141"}],"wp:term":[{"taxonomy":"product_brand","embeddable":true,"href":"https:\/\/www.car-star.be\/fr\/wp-json\/wp\/v2\/product_brand?post=11141"},{"taxonomy":"product_cat","embeddable":true,"href":"https:\/\/www.car-star.be\/fr\/wp-json\/wp\/v2\/product_cat?post=11141"},{"taxonomy":"product_tag","embeddable":true,"href":"https:\/\/www.car-star.be\/fr\/wp-json\/wp\/v2\/product_tag?post=11141"}],"curies":[{"name":"wp","href":"https:\/\/api.w.org\/{rel}","templated":true}]}}