{"id":11126,"date":"2019-10-13T15:04:01","date_gmt":"2019-10-13T15:04:01","guid":{"rendered":"https:\/\/www.car-star.be\/?post_type=product&#038;p=11126"},"modified":"2024-02-15T10:53:45","modified_gmt":"2024-02-15T10:53:45","slug":"showroom-finish","status":"publish","type":"product","link":"https:\/\/www.car-star.be\/fr\/product\/showroom-finish\/","title":{"rendered":"Showroom Finish"},"content":{"rendered":"","protected":false},"excerpt":{"rendered":"<h3>Car Star Showroom Finish<\/h3>\n<p>Jamais le lavage n'a \u00e9t\u00e9 aussi facile !<\/p>\n<p>Car Star Showroom Finish est une fantastique laque haute brillance qui redonne \u00e0 la peinture de votre voiture ou de votre moto un aspect neuf en moins de 10 minutes.<\/p>\n<p>Ce spray haute brillance donne une couche de brillance suppl\u00e9mentaire au vernis, ne laisse aucun r\u00e9sidu de craie sur les pi\u00e8ces en plastique, n'est pas gras et \u00e9limine facilement les taches de doigts ou de graisse sur la peinture.<\/p>\n<p><strong>Mode d'emploi :<\/strong><\/p>\n<ul>\n<li>Vaporisez la peinture du v\u00e9hicule, partie par partie, et \u00e9talez le produit avec un chiffon en microfibre.<\/li>\n<li>Ensuite, polissez la zone trait\u00e9e avec un deuxi\u00e8me chiffon en microfibre sec jusqu'\u00e0 ce qu'elle brille.<\/li>\n<\/ul>\n<p><strong>Utilisez la finition de la salle d'exposition Car Star\u00a0:<\/strong><\/p>\n<ul>\n<li>Comme produit de finition pour la peinture, le chrome et le verre (sauf le pare-brise)<\/li>\n<li>Pour la pr\u00e9paration avant la livraison de la voiture ou de la moto au client<\/li>\n<li>Quand cela doit \u00eatre rapide et tr\u00e8s facile (Easy on \u2013 Easy off)<\/li>\n<\/ul>\n<p><em>Car Star Showroom Finish est recommand\u00e9 pour les peintures qui sont encore en bon \u00e9tat.<\/em><\/p>","protected":false},"featured_media":13227,"template":"","meta":[],"product_brand":[],"product_cat":[359],"product_tag":[],"class_list":{"0":"post-11126","1":"product","2":"type-product","3":"status-publish","4":"has-post-thumbnail","6":"product_cat-autocare","8":"first","9":"instock","10":"shipping-taxable","11":"product-type-simple"},"yoast_head":"<!-- This site is optimized with the Yoast SEO plugin v26.9 - https:\/\/yoast.com\/product\/yoast-seo-wordpress\/ -->\n<title>Showroom Finish - Car Star Chemicals<\/title>\n<meta name=\"robots\" content=\"index, follow, max-snippet:-1, max-image-preview:large, max-video-preview:-1\" \/>\n<link rel=\"canonical\" href=\"https:\/\/www.car-star.be\/fr\/product\/showroom-finish\/\" \/>\n<meta property=\"og:locale\" content=\"fr_FR\" \/>\n<meta property=\"og:type\" content=\"article\" \/>\n<meta property=\"og:title\" content=\"Showroom Finish - Car Star Chemicals\" \/>\n<meta property=\"og:description\" content=\"Car Star Showroom Finish Nooit was poetsen zo gemakkelijk!  Car Star Showroom finish is een fantastische hoogglansspray, die het lakwerk van auto of motor er weer helemaal als nieuw laat uitzien en dit in minder dan 10 minuten.  Deze hoogglansspray geeft een extra diepe glanslaag aan de lak, laat geen krijtresten na op kunststofdelen, is niet vettig en verwijdert moeiteloos vinger- of vetvlekken van het lakwerk.  Werkwijze:   Spray het lakwerk van het voertuig deel per deel in en wrijf het product met een microvezeldoek uiteen.  Nadien het behandelde deel met een tweede droge microvezeldoek opwrijven tot hoogglans.  Gebruik Car Star Showroom Finish:   Als finishing product op lakwerk, chroom en glas (niet op de voorruit)  Voor het klaarmaken alvorens het afleveren van auto of motor aan de klant  Wanneer het snel en zeer gemakkelijk moet gaan (Easy on \u2013 Easy off)  Car Star Showroom Finish wordt aanbevolen voor lakwerk dat nog in goede staat verkeert.\" \/>\n<meta property=\"og:url\" content=\"https:\/\/www.car-star.be\/fr\/product\/showroom-finish\/\" \/>\n<meta property=\"og:site_name\" content=\"Car Star Chemicals\" \/>\n<meta property=\"article:modified_time\" content=\"2024-02-15T10:53:45+00:00\" \/>\n<meta property=\"og:image\" content=\"https:\/\/www.car-star.be\/wp-content\/uploads\/2019\/10\/Car-Star_Packshots_Simon-Van-Ranst-23-12-090.png\" \/>\n\t<meta property=\"og:image:width\" content=\"1000\" \/>\n\t<meta property=\"og:image:height\" content=\"1500\" \/>\n\t<meta property=\"og:image:type\" content=\"image\/png\" \/>\n<meta name=\"twitter:card\" content=\"summary_large_image\" \/>\n<meta name=\"twitter:label1\" content=\"Dur\u00e9e de lecture estim\u00e9e\" \/>\n\t<meta name=\"twitter:data1\" content=\"1 minute\" \/>\n<script type=\"application\/ld+json\" class=\"yoast-schema-graph\">{\"@context\":\"https:\/\/schema.org\",\"@graph\":[{\"@type\":\"WebPage\",\"@id\":\"https:\/\/www.car-star.be\/product\/showroom-finish\/\",\"url\":\"https:\/\/www.car-star.be\/product\/showroom-finish\/\",\"name\":\"Showroom Finish - Car Star Chemicals\",\"isPartOf\":{\"@id\":\"https:\/\/www.car-star.be\/#website\"},\"primaryImageOfPage\":{\"@id\":\"https:\/\/www.car-star.be\/product\/showroom-finish\/#primaryimage\"},\"image\":{\"@id\":\"https:\/\/www.car-star.be\/product\/showroom-finish\/#primaryimage\"},\"thumbnailUrl\":\"https:\/\/www.car-star.be\/wp-content\/uploads\/2019\/10\/Car-Star_Packshots_Simon-Van-Ranst-23-12-090.png\",\"datePublished\":\"2019-10-13T15:04:01+00:00\",\"dateModified\":\"2024-02-15T10:53:45+00:00\",\"breadcrumb\":{\"@id\":\"https:\/\/www.car-star.be\/product\/showroom-finish\/#breadcrumb\"},\"inLanguage\":\"fr-FR\",\"potentialAction\":[{\"@type\":\"ReadAction\",\"target\":[\"https:\/\/www.car-star.be\/product\/showroom-finish\/\"]}]},{\"@type\":\"ImageObject\",\"inLanguage\":\"fr-FR\",\"@id\":\"https:\/\/www.car-star.be\/product\/showroom-finish\/#primaryimage\",\"url\":\"https:\/\/www.car-star.be\/wp-content\/uploads\/2019\/10\/Car-Star_Packshots_Simon-Van-Ranst-23-12-090.png\",\"contentUrl\":\"https:\/\/www.car-star.be\/wp-content\/uploads\/2019\/10\/Car-Star_Packshots_Simon-Van-Ranst-23-12-090.png\",\"width\":1000,\"height\":1500},{\"@type\":\"BreadcrumbList\",\"@id\":\"https:\/\/www.car-star.be\/product\/showroom-finish\/#breadcrumb\",\"itemListElement\":[{\"@type\":\"ListItem\",\"position\":1,\"name\":\"Home\",\"item\":\"https:\/\/www.car-star.be\/\"},{\"@type\":\"ListItem\",\"position\":2,\"name\":\"Producten\",\"item\":\"https:\/\/www.car-star.be\/producten\/\"},{\"@type\":\"ListItem\",\"position\":3,\"name\":\"Showroom Finish\"}]},{\"@type\":\"WebSite\",\"@id\":\"https:\/\/www.car-star.be\/#website\",\"url\":\"https:\/\/www.car-star.be\/\",\"name\":\"Car Star Chemicals\",\"description\":\"Briljante autopoetsproducten voor de professional en de handel\",\"publisher\":{\"@id\":\"https:\/\/www.car-star.be\/#organization\"},\"potentialAction\":[{\"@type\":\"SearchAction\",\"target\":{\"@type\":\"EntryPoint\",\"urlTemplate\":\"https:\/\/www.car-star.be\/?s={search_term_string}\"},\"query-input\":{\"@type\":\"PropertyValueSpecification\",\"valueRequired\":true,\"valueName\":\"search_term_string\"}}],\"inLanguage\":\"fr-FR\"},{\"@type\":\"Organization\",\"@id\":\"https:\/\/www.car-star.be\/#organization\",\"name\":\"Car Star Chemicals\",\"url\":\"https:\/\/www.car-star.be\/\",\"logo\":{\"@type\":\"ImageObject\",\"inLanguage\":\"fr-FR\",\"@id\":\"https:\/\/www.car-star.be\/#\/schema\/logo\/image\/\",\"url\":\"https:\/\/www.car-star.be\/wp-content\/uploads\/2025\/11\/cropped-Logo-car-star-1_page-0001.jpg\",\"contentUrl\":\"https:\/\/www.car-star.be\/wp-content\/uploads\/2025\/11\/cropped-Logo-car-star-1_page-0001.jpg\",\"width\":250,\"height\":250,\"caption\":\"Car Star Chemicals\"},\"image\":{\"@id\":\"https:\/\/www.car-star.be\/#\/schema\/logo\/image\/\"}}]}<\/script>\n<!-- \/ Yoast SEO plugin. -->","yoast_head_json":{"title":"Showroom Finish - Car Star Chemicals","robots":{"index":"index","follow":"follow","max-snippet":"max-snippet:-1","max-image-preview":"max-image-preview:large","max-video-preview":"max-video-preview:-1"},"canonical":"https:\/\/www.car-star.be\/fr\/product\/showroom-finish\/","og_locale":"fr_FR","og_type":"article","og_title":"Showroom Finish - Car Star Chemicals","og_description":"Car Star Showroom Finish Nooit was poetsen zo gemakkelijk!  Car Star Showroom finish is een fantastische hoogglansspray, die het lakwerk van auto of motor er weer helemaal als nieuw laat uitzien en dit in minder dan 10 minuten.  Deze hoogglansspray geeft een extra diepe glanslaag aan de lak, laat geen krijtresten na op kunststofdelen, is niet vettig en verwijdert moeiteloos vinger- of vetvlekken van het lakwerk.  Werkwijze:   Spray het lakwerk van het voertuig deel per deel in en wrijf het product met een microvezeldoek uiteen.  Nadien het behandelde deel met een tweede droge microvezeldoek opwrijven tot hoogglans.  Gebruik Car Star Showroom Finish:   Als finishing product op lakwerk, chroom en glas (niet op de voorruit)  Voor het klaarmaken alvorens het afleveren van auto of motor aan de klant  Wanneer het snel en zeer gemakkelijk moet gaan (Easy on \u2013 Easy off)  Car Star Showroom Finish wordt aanbevolen voor lakwerk dat nog in goede staat verkeert.","og_url":"https:\/\/www.car-star.be\/fr\/product\/showroom-finish\/","og_site_name":"Car Star Chemicals","article_modified_time":"2024-02-15T10:53:45+00:00","og_image":[{"width":1000,"height":1500,"url":"https:\/\/www.car-star.be\/wp-content\/uploads\/2019\/10\/Car-Star_Packshots_Simon-Van-Ranst-23-12-090.png","type":"image\/png"}],"twitter_card":"summary_large_image","twitter_misc":{"Dur\u00e9e de lecture estim\u00e9e":"1 minute"},"schema":{"@context":"https:\/\/schema.org","@graph":[{"@type":"WebPage","@id":"https:\/\/www.car-star.be\/product\/showroom-finish\/","url":"https:\/\/www.car-star.be\/product\/showroom-finish\/","name":"Showroom Finish - Car Star Chemicals","isPartOf":{"@id":"https:\/\/www.car-star.be\/#website"},"primaryImageOfPage":{"@id":"https:\/\/www.car-star.be\/product\/showroom-finish\/#primaryimage"},"image":{"@id":"https:\/\/www.car-star.be\/product\/showroom-finish\/#primaryimage"},"thumbnailUrl":"https:\/\/www.car-star.be\/wp-content\/uploads\/2019\/10\/Car-Star_Packshots_Simon-Van-Ranst-23-12-090.png","datePublished":"2019-10-13T15:04:01+00:00","dateModified":"2024-02-15T10:53:45+00:00","breadcrumb":{"@id":"https:\/\/www.car-star.be\/product\/showroom-finish\/#breadcrumb"},"inLanguage":"fr-FR","potentialAction":[{"@type":"ReadAction","target":["https:\/\/www.car-star.be\/product\/showroom-finish\/"]}]},{"@type":"ImageObject","inLanguage":"fr-FR","@id":"https:\/\/www.car-star.be\/product\/showroom-finish\/#primaryimage","url":"https:\/\/www.car-star.be\/wp-content\/uploads\/2019\/10\/Car-Star_Packshots_Simon-Van-Ranst-23-12-090.png","contentUrl":"https:\/\/www.car-star.be\/wp-content\/uploads\/2019\/10\/Car-Star_Packshots_Simon-Van-Ranst-23-12-090.png","width":1000,"height":1500},{"@type":"BreadcrumbList","@id":"https:\/\/www.car-star.be\/product\/showroom-finish\/#breadcrumb","itemListElement":[{"@type":"ListItem","position":1,"name":"Home","item":"https:\/\/www.car-star.be\/"},{"@type":"ListItem","position":2,"name":"Producten","item":"https:\/\/www.car-star.be\/producten\/"},{"@type":"ListItem","position":3,"name":"Showroom Finish"}]},{"@type":"WebSite","@id":"https:\/\/www.car-star.be\/#website","url":"https:\/\/www.car-star.be\/","name":"Car Star Chemicals","description":"Produits de nettoyage automobile brillants pour les professionnels et le commerce","publisher":{"@id":"https:\/\/www.car-star.be\/#organization"},"potentialAction":[{"@type":"SearchAction","target":{"@type":"EntryPoint","urlTemplate":"https:\/\/www.car-star.be\/?s={search_term_string}"},"query-input":{"@type":"PropertyValueSpecification","valueRequired":true,"valueName":"search_term_string"}}],"inLanguage":"fr-FR"},{"@type":"Organization","@id":"https:\/\/www.car-star.be\/#organization","name":"Car Star Chemicals","url":"https:\/\/www.car-star.be\/","logo":{"@type":"ImageObject","inLanguage":"fr-FR","@id":"https:\/\/www.car-star.be\/#\/schema\/logo\/image\/","url":"https:\/\/www.car-star.be\/wp-content\/uploads\/2025\/11\/cropped-Logo-car-star-1_page-0001.jpg","contentUrl":"https:\/\/www.car-star.be\/wp-content\/uploads\/2025\/11\/cropped-Logo-car-star-1_page-0001.jpg","width":250,"height":250,"caption":"Car Star Chemicals"},"image":{"@id":"https:\/\/www.car-star.be\/#\/schema\/logo\/image\/"}}]}},"_links":{"self":[{"href":"https:\/\/www.car-star.be\/fr\/wp-json\/wp\/v2\/product\/11126","targetHints":{"allow":["GET"]}}],"collection":[{"href":"https:\/\/www.car-star.be\/fr\/wp-json\/wp\/v2\/product"}],"about":[{"href":"https:\/\/www.car-star.be\/fr\/wp-json\/wp\/v2\/types\/product"}],"wp:featuredmedia":[{"embeddable":true,"href":"https:\/\/www.car-star.be\/fr\/wp-json\/wp\/v2\/media\/13227"}],"wp:attachment":[{"href":"https:\/\/www.car-star.be\/fr\/wp-json\/wp\/v2\/media?parent=11126"}],"wp:term":[{"taxonomy":"product_brand","embeddable":true,"href":"https:\/\/www.car-star.be\/fr\/wp-json\/wp\/v2\/product_brand?post=11126"},{"taxonomy":"product_cat","embeddable":true,"href":"https:\/\/www.car-star.be\/fr\/wp-json\/wp\/v2\/product_cat?post=11126"},{"taxonomy":"product_tag","embeddable":true,"href":"https:\/\/www.car-star.be\/fr\/wp-json\/wp\/v2\/product_tag?post=11126"}],"curies":[{"name":"wp","href":"https:\/\/api.w.org\/{rel}","templated":true}]}}