{"id":11062,"date":"2019-10-12T18:34:04","date_gmt":"2019-10-12T18:34:04","guid":{"rendered":"https:\/\/www.car-star.be\/?post_type=product&#038;p=11062"},"modified":"2024-02-22T09:18:09","modified_gmt":"2024-02-22T09:18:09","slug":"vinyl-dress","status":"publish","type":"product","link":"https:\/\/www.car-star.be\/fr\/product\/vinyl-dress\/","title":{"rendered":"Vinyl Dress"},"content":{"rendered":"","protected":false},"excerpt":{"rendered":"<h3>Car Star Vinyl Dress<\/h3>\n<p>Redonnez aux pi\u00e8ces en plastique un aspect neuf !<\/p>\n<p>Car Star Vinyl Dress est le produit d'entretien id\u00e9al avec une odeur tr\u00e8s agr\u00e9able sp\u00e9cialement con\u00e7u pour nettoyer et rafra\u00eechir l'int\u00e9rieur de la voiture.<\/p>\n<p>Il renouvelle diverses pi\u00e8ces en plastique et en vinyle telles que le tableau de bord, les panneaux de porte, les seuils de porte, le cuir et les incrustations en bois. Les bandes et les joints en plastique sont \u00e9galement rafra\u00eechis et donnent une nouvelle apparence gr\u00e2ce \u00e0 ce produit.<\/p>\n<p><strong>Instructions :<\/strong>:<br \/>\n\u2013 Vaporisez uniform\u00e9ment le produit Car Star Vinyl Dress sur les surfaces \u00e0 traiter<br \/>\n\u2013 Ensuite, frottez le produit avec une \u00e9ponge ou un chiffon absorbant.<br \/>\n\u2013 Si n\u00e9cessaire, frottez avec un chiffon en microfibre.<\/p>\n<p><strong>Utilisez Car Star Vinyl Dress :<\/strong><br \/>\nPour rendre \u00e0 nouveau sombres toutes les pi\u00e8ces en plastique \u00e0 l'int\u00e9rieur de la voiture afin de les faire para\u00eetre comme neuves.<\/p>\n<p>Le produit n'est <u>ni gras<\/u> ni brillant, afin que le tableau de bord ne se refl\u00e8te pas dans le pare-brise lors de la conduite en plein soleil.<\/p>\n<p><strong>Attention ! En termes de s\u00e9curit\u00e9<\/strong><br \/>\nNe jamais utiliser le produit sur le volant ou les p\u00e9dales.<\/p>","protected":false},"featured_media":13228,"template":"","meta":[],"product_brand":[],"product_cat":[359],"product_tag":[],"class_list":{"0":"post-11062","1":"product","2":"type-product","3":"status-publish","4":"has-post-thumbnail","6":"product_cat-autocare","8":"first","9":"instock","10":"shipping-taxable","11":"product-type-simple"},"yoast_head":"<!-- This site is optimized with the Yoast SEO plugin v26.9 - https:\/\/yoast.com\/product\/yoast-seo-wordpress\/ -->\n<title>Vinyl Dress - Car Star Chemicals<\/title>\n<meta name=\"robots\" content=\"index, follow, max-snippet:-1, max-image-preview:large, max-video-preview:-1\" \/>\n<link rel=\"canonical\" href=\"https:\/\/www.car-star.be\/fr\/product\/vinyl-dress\/\" \/>\n<meta property=\"og:locale\" content=\"fr_FR\" \/>\n<meta property=\"og:type\" content=\"article\" \/>\n<meta property=\"og:title\" content=\"Vinyl Dress - Car Star Chemicals\" \/>\n<meta property=\"og:description\" content=\"Car Star Vinyl Dress Laat kunststofdelen er terug als nieuw uitzien!  Car Star Vinyl Dress is het ideale onderhoudsproduct met zeer aangename geur dat speciaal ontwikkeld is voor het reinigen en opfrissen van het auto-interieur.  Het vernieuwt allerlei kunststof \u2013 en vinyl delen zoals o.a. het dashboard, deurpanelen, instaplijsten, leder en houtinleg. Ook kunststof strips en rubbers worden dankzij dit product terug opgefrist en van een nieuwe look voorzien.  Werkwijze: - Vernevel Car Star Vinyl Dress gelijkmatig op de te behandelen oppervlakken - Nadien het product inwrijven met sponsje of absorberende doek - Eventueel met microvezeldoek nawrijven  Gebruik Car Star Vinyl Dress: Om alle kunststofdelen binnenin de auto terug donker te maken om er zo terug als nieuw te laten uitzien.  Het product is niet vettig en niet glanzend, zodat het dashboard tijdens het rijden met zonlicht niet weerspiegeld wordt in de voorruit.  Opgelet ! Betreft veiligheid Product nooit op stuurwiel of voetpedalen gebruiken\" \/>\n<meta property=\"og:url\" content=\"https:\/\/www.car-star.be\/fr\/product\/vinyl-dress\/\" \/>\n<meta property=\"og:site_name\" content=\"Car Star Chemicals\" \/>\n<meta property=\"article:modified_time\" content=\"2024-02-22T09:18:09+00:00\" \/>\n<meta property=\"og:image\" content=\"https:\/\/www.car-star.be\/wp-content\/uploads\/2019\/10\/Car-Star_Packshots_Simon-Van-Ranst-23-12-089.png\" \/>\n\t<meta property=\"og:image:width\" content=\"1000\" \/>\n\t<meta property=\"og:image:height\" content=\"1500\" \/>\n\t<meta property=\"og:image:type\" content=\"image\/png\" \/>\n<meta name=\"twitter:card\" content=\"summary_large_image\" \/>\n<meta name=\"twitter:label1\" content=\"Dur\u00e9e de lecture estim\u00e9e\" \/>\n\t<meta name=\"twitter:data1\" content=\"1 minute\" \/>\n<script type=\"application\/ld+json\" class=\"yoast-schema-graph\">{\"@context\":\"https:\/\/schema.org\",\"@graph\":[{\"@type\":\"WebPage\",\"@id\":\"https:\/\/www.car-star.be\/product\/vinyl-dress\/\",\"url\":\"https:\/\/www.car-star.be\/product\/vinyl-dress\/\",\"name\":\"Vinyl Dress - Car Star Chemicals\",\"isPartOf\":{\"@id\":\"https:\/\/www.car-star.be\/#website\"},\"primaryImageOfPage\":{\"@id\":\"https:\/\/www.car-star.be\/product\/vinyl-dress\/#primaryimage\"},\"image\":{\"@id\":\"https:\/\/www.car-star.be\/product\/vinyl-dress\/#primaryimage\"},\"thumbnailUrl\":\"https:\/\/www.car-star.be\/wp-content\/uploads\/2019\/10\/Car-Star_Packshots_Simon-Van-Ranst-23-12-089.png\",\"datePublished\":\"2019-10-12T18:34:04+00:00\",\"dateModified\":\"2024-02-22T09:18:09+00:00\",\"breadcrumb\":{\"@id\":\"https:\/\/www.car-star.be\/product\/vinyl-dress\/#breadcrumb\"},\"inLanguage\":\"fr-FR\",\"potentialAction\":[{\"@type\":\"ReadAction\",\"target\":[\"https:\/\/www.car-star.be\/product\/vinyl-dress\/\"]}]},{\"@type\":\"ImageObject\",\"inLanguage\":\"fr-FR\",\"@id\":\"https:\/\/www.car-star.be\/product\/vinyl-dress\/#primaryimage\",\"url\":\"https:\/\/www.car-star.be\/wp-content\/uploads\/2019\/10\/Car-Star_Packshots_Simon-Van-Ranst-23-12-089.png\",\"contentUrl\":\"https:\/\/www.car-star.be\/wp-content\/uploads\/2019\/10\/Car-Star_Packshots_Simon-Van-Ranst-23-12-089.png\",\"width\":1000,\"height\":1500},{\"@type\":\"BreadcrumbList\",\"@id\":\"https:\/\/www.car-star.be\/product\/vinyl-dress\/#breadcrumb\",\"itemListElement\":[{\"@type\":\"ListItem\",\"position\":1,\"name\":\"Home\",\"item\":\"https:\/\/www.car-star.be\/\"},{\"@type\":\"ListItem\",\"position\":2,\"name\":\"Producten\",\"item\":\"https:\/\/www.car-star.be\/producten\/\"},{\"@type\":\"ListItem\",\"position\":3,\"name\":\"Vinyl Dress\"}]},{\"@type\":\"WebSite\",\"@id\":\"https:\/\/www.car-star.be\/#website\",\"url\":\"https:\/\/www.car-star.be\/\",\"name\":\"Car Star Chemicals\",\"description\":\"Briljante autopoetsproducten voor de professional en de handel\",\"publisher\":{\"@id\":\"https:\/\/www.car-star.be\/#organization\"},\"potentialAction\":[{\"@type\":\"SearchAction\",\"target\":{\"@type\":\"EntryPoint\",\"urlTemplate\":\"https:\/\/www.car-star.be\/?s={search_term_string}\"},\"query-input\":{\"@type\":\"PropertyValueSpecification\",\"valueRequired\":true,\"valueName\":\"search_term_string\"}}],\"inLanguage\":\"fr-FR\"},{\"@type\":\"Organization\",\"@id\":\"https:\/\/www.car-star.be\/#organization\",\"name\":\"Car Star Chemicals\",\"url\":\"https:\/\/www.car-star.be\/\",\"logo\":{\"@type\":\"ImageObject\",\"inLanguage\":\"fr-FR\",\"@id\":\"https:\/\/www.car-star.be\/#\/schema\/logo\/image\/\",\"url\":\"https:\/\/www.car-star.be\/wp-content\/uploads\/2025\/11\/cropped-Logo-car-star-1_page-0001.jpg\",\"contentUrl\":\"https:\/\/www.car-star.be\/wp-content\/uploads\/2025\/11\/cropped-Logo-car-star-1_page-0001.jpg\",\"width\":250,\"height\":250,\"caption\":\"Car Star Chemicals\"},\"image\":{\"@id\":\"https:\/\/www.car-star.be\/#\/schema\/logo\/image\/\"}}]}<\/script>\n<!-- \/ Yoast SEO plugin. -->","yoast_head_json":{"title":"Vinyl Dress - Car Star Chemicals","robots":{"index":"index","follow":"follow","max-snippet":"max-snippet:-1","max-image-preview":"max-image-preview:large","max-video-preview":"max-video-preview:-1"},"canonical":"https:\/\/www.car-star.be\/fr\/product\/vinyl-dress\/","og_locale":"fr_FR","og_type":"article","og_title":"Vinyl Dress - Car Star Chemicals","og_description":"Car Star Vinyl Dress Laat kunststofdelen er terug als nieuw uitzien!  Car Star Vinyl Dress is het ideale onderhoudsproduct met zeer aangename geur dat speciaal ontwikkeld is voor het reinigen en opfrissen van het auto-interieur.  Het vernieuwt allerlei kunststof \u2013 en vinyl delen zoals o.a. het dashboard, deurpanelen, instaplijsten, leder en houtinleg. Ook kunststof strips en rubbers worden dankzij dit product terug opgefrist en van een nieuwe look voorzien.  Werkwijze: - Vernevel Car Star Vinyl Dress gelijkmatig op de te behandelen oppervlakken - Nadien het product inwrijven met sponsje of absorberende doek - Eventueel met microvezeldoek nawrijven  Gebruik Car Star Vinyl Dress: Om alle kunststofdelen binnenin de auto terug donker te maken om er zo terug als nieuw te laten uitzien.  Het product is niet vettig en niet glanzend, zodat het dashboard tijdens het rijden met zonlicht niet weerspiegeld wordt in de voorruit.  Opgelet ! Betreft veiligheid Product nooit op stuurwiel of voetpedalen gebruiken","og_url":"https:\/\/www.car-star.be\/fr\/product\/vinyl-dress\/","og_site_name":"Car Star Chemicals","article_modified_time":"2024-02-22T09:18:09+00:00","og_image":[{"width":1000,"height":1500,"url":"https:\/\/www.car-star.be\/wp-content\/uploads\/2019\/10\/Car-Star_Packshots_Simon-Van-Ranst-23-12-089.png","type":"image\/png"}],"twitter_card":"summary_large_image","twitter_misc":{"Dur\u00e9e de lecture estim\u00e9e":"1 minute"},"schema":{"@context":"https:\/\/schema.org","@graph":[{"@type":"WebPage","@id":"https:\/\/www.car-star.be\/product\/vinyl-dress\/","url":"https:\/\/www.car-star.be\/product\/vinyl-dress\/","name":"Vinyl Dress - Car Star Chemicals","isPartOf":{"@id":"https:\/\/www.car-star.be\/#website"},"primaryImageOfPage":{"@id":"https:\/\/www.car-star.be\/product\/vinyl-dress\/#primaryimage"},"image":{"@id":"https:\/\/www.car-star.be\/product\/vinyl-dress\/#primaryimage"},"thumbnailUrl":"https:\/\/www.car-star.be\/wp-content\/uploads\/2019\/10\/Car-Star_Packshots_Simon-Van-Ranst-23-12-089.png","datePublished":"2019-10-12T18:34:04+00:00","dateModified":"2024-02-22T09:18:09+00:00","breadcrumb":{"@id":"https:\/\/www.car-star.be\/product\/vinyl-dress\/#breadcrumb"},"inLanguage":"fr-FR","potentialAction":[{"@type":"ReadAction","target":["https:\/\/www.car-star.be\/product\/vinyl-dress\/"]}]},{"@type":"ImageObject","inLanguage":"fr-FR","@id":"https:\/\/www.car-star.be\/product\/vinyl-dress\/#primaryimage","url":"https:\/\/www.car-star.be\/wp-content\/uploads\/2019\/10\/Car-Star_Packshots_Simon-Van-Ranst-23-12-089.png","contentUrl":"https:\/\/www.car-star.be\/wp-content\/uploads\/2019\/10\/Car-Star_Packshots_Simon-Van-Ranst-23-12-089.png","width":1000,"height":1500},{"@type":"BreadcrumbList","@id":"https:\/\/www.car-star.be\/product\/vinyl-dress\/#breadcrumb","itemListElement":[{"@type":"ListItem","position":1,"name":"Home","item":"https:\/\/www.car-star.be\/"},{"@type":"ListItem","position":2,"name":"Producten","item":"https:\/\/www.car-star.be\/producten\/"},{"@type":"ListItem","position":3,"name":"Vinyl Dress"}]},{"@type":"WebSite","@id":"https:\/\/www.car-star.be\/#website","url":"https:\/\/www.car-star.be\/","name":"Car Star Chemicals","description":"Produits de nettoyage automobile brillants pour les professionnels et le commerce","publisher":{"@id":"https:\/\/www.car-star.be\/#organization"},"potentialAction":[{"@type":"SearchAction","target":{"@type":"EntryPoint","urlTemplate":"https:\/\/www.car-star.be\/?s={search_term_string}"},"query-input":{"@type":"PropertyValueSpecification","valueRequired":true,"valueName":"search_term_string"}}],"inLanguage":"fr-FR"},{"@type":"Organization","@id":"https:\/\/www.car-star.be\/#organization","name":"Car Star Chemicals","url":"https:\/\/www.car-star.be\/","logo":{"@type":"ImageObject","inLanguage":"fr-FR","@id":"https:\/\/www.car-star.be\/#\/schema\/logo\/image\/","url":"https:\/\/www.car-star.be\/wp-content\/uploads\/2025\/11\/cropped-Logo-car-star-1_page-0001.jpg","contentUrl":"https:\/\/www.car-star.be\/wp-content\/uploads\/2025\/11\/cropped-Logo-car-star-1_page-0001.jpg","width":250,"height":250,"caption":"Car Star Chemicals"},"image":{"@id":"https:\/\/www.car-star.be\/#\/schema\/logo\/image\/"}}]}},"_links":{"self":[{"href":"https:\/\/www.car-star.be\/fr\/wp-json\/wp\/v2\/product\/11062","targetHints":{"allow":["GET"]}}],"collection":[{"href":"https:\/\/www.car-star.be\/fr\/wp-json\/wp\/v2\/product"}],"about":[{"href":"https:\/\/www.car-star.be\/fr\/wp-json\/wp\/v2\/types\/product"}],"wp:featuredmedia":[{"embeddable":true,"href":"https:\/\/www.car-star.be\/fr\/wp-json\/wp\/v2\/media\/13228"}],"wp:attachment":[{"href":"https:\/\/www.car-star.be\/fr\/wp-json\/wp\/v2\/media?parent=11062"}],"wp:term":[{"taxonomy":"product_brand","embeddable":true,"href":"https:\/\/www.car-star.be\/fr\/wp-json\/wp\/v2\/product_brand?post=11062"},{"taxonomy":"product_cat","embeddable":true,"href":"https:\/\/www.car-star.be\/fr\/wp-json\/wp\/v2\/product_cat?post=11062"},{"taxonomy":"product_tag","embeddable":true,"href":"https:\/\/www.car-star.be\/fr\/wp-json\/wp\/v2\/product_tag?post=11062"}],"curies":[{"name":"wp","href":"https:\/\/api.w.org\/{rel}","templated":true}]}}