{"id":13230,"date":"2024-01-24T13:42:20","date_gmt":"2024-01-24T13:42:20","guid":{"rendered":"https:\/\/www.car-star.be\/?page_id=13230"},"modified":"2025-11-06T09:57:26","modified_gmt":"2025-11-06T08:57:26","slug":"over-ons","status":"publish","type":"page","link":"https:\/\/www.car-star.be\/fr\/a-propos\/","title":{"rendered":"\u00c0 propos"},"content":{"rendered":"<div class=\"wpb-content-wrapper\"><div class=\"vc_row wpb_row vc_row-fluid\"><div class=\"wpb_column vc_column_container vc_col-sm-8\"><div class=\"vc_column-inner vc_custom_1706170516678\"><div class=\"wpb_wrapper\">\n\t<div class=\"wpb_text_column wpb_content_element\" >\n\t\t<div class=\"wpb_wrapper\">\n\t\t\t<p><span style=\"font-size: 1rem;\">Depuis 2004, Car Star Chemicals d\u00e9veloppe et produit des produits de nettoyage professionnels de haute qualit\u00e9, destin\u00e9s aux industries de l'automobile, de la moto, des caravanes, des camping-cars et des v\u00e9los.<\/span><\/p>\n<div class=\"flex flex-grow flex-col max-w-full\">\n<div class=\"min-h-&#091;20px&#093; text-message flex flex-col items-start gap-3 whitespace-pre-wrap break-words &#091;.text-message+&amp;&#093;:mt-5 overflow-x-auto\" data-message-author-role=\"assistant\" data-message-id=\"ed35a566-5769-45a9-8633-3cfa98f98aa8\">\n<div class=\"markdown prose w-full break-words dark:prose-invert light\">\n<p>Notre exp\u00e9rience et notre expertise de longue date nous permettent de d\u00e9velopper des produits innovants qui r\u00e9pondent aux besoins de nos clients et des utilisateurs sur le terrain. Que ce soit pour restaurer la brillance d'une peinture plus ancienne, nettoyer et rafra\u00eechir l'int\u00e9rieur de votre v\u00e9hicule, ou redonner de l'\u00e9clat aux pneus et pare-chocs en plastique, nous proposons une gamme polyvalente \u00e0 cet effet.<\/p>\n<p>Chez Car Star Chemicals, nous appr\u00e9cions le contact personnel et offrons des solutions sur mesure \u00e0 nos clients. De plus, nous offrons aux importateurs, distributeurs et fabricants la possibilit\u00e9, s'ils le souhaitent, de vendre nos produits sous leur propre marque. Ce service leur permet de commercialiser nos produits de qualit\u00e9 sous leur propre nom de marque, ce qui leur permet de se d\u00e9marquer avec une offre de produits unique.<\/p>\n<p>La qualit\u00e9 et le service sont toujours prioritaires chez Car Star Chemicals, car nous comprenons que cela est essentiel pour le succ\u00e8s de nos clients et la confiance en nos produits.<\/p>\n<\/div>\n<\/div>\n<\/div>\n\n\t\t<\/div>\n\t<\/div>\n<\/div><\/div><\/div><div class=\"wpb_column vc_column_container vc_col-sm-4\"><div class=\"vc_column-inner\"><div class=\"wpb_wrapper\"><div class=\"wpb_images_carousel wpb_content_element vc_clearfix wpb_content_element\"><div class=\"wpb_wrapper\"><div id=\"vc_images-carousel-1-1777625086\" data-ride=\"vc_carousel\" data-wrap=\"true\" style=\"width: 400px;\" data-interval=\"4000\" data-auto-height=\"yes\" data-mode=\"horizontal\" data-partial=\"false\" data-per-view=\"1\" data-hide-on-end=\"false\" class=\"vc_slide vc_images_carousel\"><ol class=\"vc_carousel-indicators\"><li data-target=\"#vc_images-carousel-1-1777625086\" data-slide-to=\"0\"><\/li><li data-target=\"#vc_images-carousel-1-1777625086\" data-slide-to=\"1\"><\/li><li data-target=\"#vc_images-carousel-1-1777625086\" data-slide-to=\"2\"><\/li><li data-target=\"#vc_images-carousel-1-1777625086\" data-slide-to=\"3\"><\/li><li data-target=\"#vc_images-carousel-1-1777625086\" data-slide-to=\"4\"><\/li><li data-target=\"#vc_images-carousel-1-1777625086\" data-slide-to=\"5\"><\/li><\/ol><div class=\"vc_carousel-inner\"><div class=\"vc_carousel-slideline\"><div class=\"vc_carousel-slideline-inner\"><div class=\"vc_item\"><div class=\"vc_inner\"><img decoding=\"async\" class=\"\" src=\"https:\/\/www.car-star.be\/wp-content\/uploads\/2024\/01\/IMG_9546-rotated-400x640.jpg\" width=\"400\" height=\"640\" alt=\"\" title=\"\" loading=\"lazy\" \/><\/div><\/div><div class=\"vc_item\"><div class=\"vc_inner\"><img decoding=\"async\" class=\"\" src=\"https:\/\/www.car-star.be\/wp-content\/uploads\/2024\/01\/CARSTAR-HEFTRUCK-rotated-400x640.jpg\" width=\"400\" height=\"640\" alt=\"\" title=\"\" loading=\"lazy\" \/><\/div><\/div><div class=\"vc_item\"><div class=\"vc_inner\"><img decoding=\"async\" class=\"\" src=\"https:\/\/www.car-star.be\/wp-content\/uploads\/2024\/01\/IMG_3772-rotated-400x640.jpg\" width=\"400\" height=\"640\" alt=\"\" title=\"\" loading=\"lazy\" \/><\/div><\/div><div class=\"vc_item\"><div class=\"vc_inner\"><img decoding=\"async\" class=\"\" src=\"https:\/\/www.car-star.be\/wp-content\/uploads\/2024\/02\/IMG_8898-rotated-400x640.jpg\" width=\"400\" height=\"640\" alt=\"\" title=\"\" loading=\"lazy\" \/><\/div><\/div><div class=\"vc_item\"><div class=\"vc_inner\"><img decoding=\"async\" class=\"\" src=\"https:\/\/www.car-star.be\/wp-content\/uploads\/2024\/02\/IMG_9731-rotated-400x640.jpg\" width=\"400\" height=\"640\" alt=\"\" title=\"\" loading=\"lazy\" \/><\/div><\/div><div class=\"vc_item\"><div class=\"vc_inner\"><img decoding=\"async\" class=\"\" src=\"https:\/\/www.car-star.be\/wp-content\/uploads\/2024\/02\/IMG_9733-rotated-400x640.jpg\" width=\"400\" height=\"640\" alt=\"\" title=\"\" loading=\"lazy\" \/><\/div><\/div><\/div><\/div><\/div><a class=\"vc_left vc_carousel-control\" href=\"#vc_images-carousel-1-1777625086\" data-slide=\"prev\"><span class=\"icon-prev\"><\/span><\/a><a class=\"vc_right vc_carousel-control\" href=\"#vc_images-carousel-1-1777625086\" data-slide=\"next\"><span class=\"icon-next\"><\/span><\/a><\/div><\/div><\/div><\/div><\/div><\/div><\/div>\n<\/div>","protected":false},"excerpt":{"rendered":"Sinds 2004 ontwikkelt en produceert Car Star Chemicals professionele reinigingsproducten van topkwaliteit, bestemd voor de auto \u2013 motor \u2013 caravan \u2013 motorhome en fietsenbranche. Onze jarenlange ervaring en deskundigheid stellen ons in staat om innovatieve producten te ontwikkelen die inspelen op de behoefte van onze klanten en de gebruikers op de werkvloer. Of het nu &hellip; <p class=\"link-more\"><a href=\"https:\/\/www.car-star.be\/fr\/a-propos\/\" class=\"more-link\">Continuer la lecture<span class=\"screen-reader-text\"> de &laquo;&nbsp;Over ons&nbsp;&raquo;<\/span><\/a><\/p>","protected":false},"author":1,"featured_media":0,"parent":0,"menu_order":0,"comment_status":"closed","ping_status":"closed","template":"","meta":{"footnotes":""},"class_list":["post-13230","page","type-page","status-publish","hentry"],"yoast_head":"<!-- This site is optimized with the Yoast SEO plugin v26.9 - https:\/\/yoast.com\/product\/yoast-seo-wordpress\/ -->\n<title>Over ons - Car Star Chemicals<\/title>\n<meta name=\"robots\" content=\"index, follow, max-snippet:-1, max-image-preview:large, max-video-preview:-1\" \/>\n<link rel=\"canonical\" href=\"https:\/\/www.car-star.be\/fr\/a-propos\/\" \/>\n<meta property=\"og:locale\" content=\"fr_FR\" \/>\n<meta property=\"og:type\" content=\"article\" \/>\n<meta property=\"og:title\" content=\"Over ons - Car Star Chemicals\" \/>\n<meta property=\"og:url\" content=\"https:\/\/www.car-star.be\/fr\/a-propos\/\" \/>\n<meta property=\"og:site_name\" content=\"Car Star Chemicals\" \/>\n<meta property=\"article:modified_time\" content=\"2025-11-06T08:57:26+00:00\" \/>\n<meta name=\"twitter:card\" content=\"summary_large_image\" \/>\n<meta name=\"twitter:label1\" content=\"Dur\u00e9e de lecture estim\u00e9e\" \/>\n\t<meta name=\"twitter:data1\" content=\"2 minutes\" \/>\n<script type=\"application\/ld+json\" class=\"yoast-schema-graph\">{\"@context\":\"https:\/\/schema.org\",\"@graph\":[{\"@type\":\"WebPage\",\"@id\":\"https:\/\/www.car-star.be\/over-ons\/\",\"url\":\"https:\/\/www.car-star.be\/over-ons\/\",\"name\":\"Over ons - Car Star Chemicals\",\"isPartOf\":{\"@id\":\"https:\/\/www.car-star.be\/#website\"},\"datePublished\":\"2024-01-24T13:42:20+00:00\",\"dateModified\":\"2025-11-06T08:57:26+00:00\",\"breadcrumb\":{\"@id\":\"https:\/\/www.car-star.be\/over-ons\/#breadcrumb\"},\"inLanguage\":\"fr-FR\",\"potentialAction\":[{\"@type\":\"ReadAction\",\"target\":[\"https:\/\/www.car-star.be\/over-ons\/\"]}]},{\"@type\":\"BreadcrumbList\",\"@id\":\"https:\/\/www.car-star.be\/over-ons\/#breadcrumb\",\"itemListElement\":[{\"@type\":\"ListItem\",\"position\":1,\"name\":\"Home\",\"item\":\"https:\/\/www.car-star.be\/\"},{\"@type\":\"ListItem\",\"position\":2,\"name\":\"Over ons\"}]},{\"@type\":\"WebSite\",\"@id\":\"https:\/\/www.car-star.be\/#website\",\"url\":\"https:\/\/www.car-star.be\/\",\"name\":\"Car Star Chemicals\",\"description\":\"Briljante autopoetsproducten voor de professional en de handel\",\"publisher\":{\"@id\":\"https:\/\/www.car-star.be\/#organization\"},\"potentialAction\":[{\"@type\":\"SearchAction\",\"target\":{\"@type\":\"EntryPoint\",\"urlTemplate\":\"https:\/\/www.car-star.be\/?s={search_term_string}\"},\"query-input\":{\"@type\":\"PropertyValueSpecification\",\"valueRequired\":true,\"valueName\":\"search_term_string\"}}],\"inLanguage\":\"fr-FR\"},{\"@type\":\"Organization\",\"@id\":\"https:\/\/www.car-star.be\/#organization\",\"name\":\"Car Star Chemicals\",\"url\":\"https:\/\/www.car-star.be\/\",\"logo\":{\"@type\":\"ImageObject\",\"inLanguage\":\"fr-FR\",\"@id\":\"https:\/\/www.car-star.be\/#\/schema\/logo\/image\/\",\"url\":\"https:\/\/www.car-star.be\/wp-content\/uploads\/2025\/11\/cropped-Logo-car-star-1_page-0001.jpg\",\"contentUrl\":\"https:\/\/www.car-star.be\/wp-content\/uploads\/2025\/11\/cropped-Logo-car-star-1_page-0001.jpg\",\"width\":250,\"height\":250,\"caption\":\"Car Star Chemicals\"},\"image\":{\"@id\":\"https:\/\/www.car-star.be\/#\/schema\/logo\/image\/\"}}]}<\/script>\n<!-- \/ Yoast SEO plugin. -->","yoast_head_json":{"title":"\u00c0 propos - Car Star Chemicals","robots":{"index":"index","follow":"follow","max-snippet":"max-snippet:-1","max-image-preview":"max-image-preview:large","max-video-preview":"max-video-preview:-1"},"canonical":"https:\/\/www.car-star.be\/fr\/a-propos\/","og_locale":"fr_FR","og_type":"article","og_title":"Over ons - Car Star Chemicals","og_url":"https:\/\/www.car-star.be\/fr\/a-propos\/","og_site_name":"Car Star Chemicals","article_modified_time":"2025-11-06T08:57:26+00:00","twitter_card":"summary_large_image","twitter_misc":{"Dur\u00e9e de lecture estim\u00e9e":"2 minutes"},"schema":{"@context":"https:\/\/schema.org","@graph":[{"@type":"WebPage","@id":"https:\/\/www.car-star.be\/over-ons\/","url":"https:\/\/www.car-star.be\/over-ons\/","name":"\u00c0 propos - Car Star Chemicals","isPartOf":{"@id":"https:\/\/www.car-star.be\/#website"},"datePublished":"2024-01-24T13:42:20+00:00","dateModified":"2025-11-06T08:57:26+00:00","breadcrumb":{"@id":"https:\/\/www.car-star.be\/over-ons\/#breadcrumb"},"inLanguage":"fr-FR","potentialAction":[{"@type":"ReadAction","target":["https:\/\/www.car-star.be\/over-ons\/"]}]},{"@type":"BreadcrumbList","@id":"https:\/\/www.car-star.be\/over-ons\/#breadcrumb","itemListElement":[{"@type":"ListItem","position":1,"name":"Home","item":"https:\/\/www.car-star.be\/"},{"@type":"ListItem","position":2,"name":"Over ons"}]},{"@type":"WebSite","@id":"https:\/\/www.car-star.be\/#website","url":"https:\/\/www.car-star.be\/","name":"Car Star Chemicals","description":"Produits de nettoyage automobile brillants pour les professionnels et le commerce","publisher":{"@id":"https:\/\/www.car-star.be\/#organization"},"potentialAction":[{"@type":"SearchAction","target":{"@type":"EntryPoint","urlTemplate":"https:\/\/www.car-star.be\/?s={search_term_string}"},"query-input":{"@type":"PropertyValueSpecification","valueRequired":true,"valueName":"search_term_string"}}],"inLanguage":"fr-FR"},{"@type":"Organization","@id":"https:\/\/www.car-star.be\/#organization","name":"Car Star Chemicals","url":"https:\/\/www.car-star.be\/","logo":{"@type":"ImageObject","inLanguage":"fr-FR","@id":"https:\/\/www.car-star.be\/#\/schema\/logo\/image\/","url":"https:\/\/www.car-star.be\/wp-content\/uploads\/2025\/11\/cropped-Logo-car-star-1_page-0001.jpg","contentUrl":"https:\/\/www.car-star.be\/wp-content\/uploads\/2025\/11\/cropped-Logo-car-star-1_page-0001.jpg","width":250,"height":250,"caption":"Car Star Chemicals"},"image":{"@id":"https:\/\/www.car-star.be\/#\/schema\/logo\/image\/"}}]}},"_links":{"self":[{"href":"https:\/\/www.car-star.be\/fr\/wp-json\/wp\/v2\/pages\/13230","targetHints":{"allow":["GET"]}}],"collection":[{"href":"https:\/\/www.car-star.be\/fr\/wp-json\/wp\/v2\/pages"}],"about":[{"href":"https:\/\/www.car-star.be\/fr\/wp-json\/wp\/v2\/types\/page"}],"author":[{"embeddable":true,"href":"https:\/\/www.car-star.be\/fr\/wp-json\/wp\/v2\/users\/1"}],"replies":[{"embeddable":true,"href":"https:\/\/www.car-star.be\/fr\/wp-json\/wp\/v2\/comments?post=13230"}],"version-history":[{"count":17,"href":"https:\/\/www.car-star.be\/fr\/wp-json\/wp\/v2\/pages\/13230\/revisions"}],"predecessor-version":[{"id":13533,"href":"https:\/\/www.car-star.be\/fr\/wp-json\/wp\/v2\/pages\/13230\/revisions\/13533"}],"wp:attachment":[{"href":"https:\/\/www.car-star.be\/fr\/wp-json\/wp\/v2\/media?parent=13230"}],"curies":[{"name":"wp","href":"https:\/\/api.w.org\/{rel}","templated":true}]}}