{"id":9248,"date":"2019-08-30T12:57:25","date_gmt":"2019-08-30T12:57:25","guid":{"rendered":"https:\/\/www.car-star.be\/?post_type=product&#038;p=9248"},"modified":"2024-02-15T10:50:20","modified_gmt":"2024-02-15T10:50:20","slug":"back-to-black","status":"publish","type":"product","link":"https:\/\/www.car-star.be\/de\/product\/back-to-black\/","title":{"rendered":"Back to Black"},"content":{"rendered":"","protected":false},"excerpt":{"rendered":"<h3>Car Star Back to Black<\/h3>\n<p>Car Star Back to Black ist ein qualitativ hochwertiges Produkt, das speziell entwickelt wurde, um die Au\u00dfenbereiche des Autos in ihren Originalzustand zur\u00fcckzubringen, wie zum Beispiel Reifen, Sto\u00dfstangen, Gummidichtungen und Kunststoffverkleidungen. Auch die Kunststoffabdeckung des Motors und die Gummidichtungen im Motorraum k\u00f6nnen mit diesem Produkt perfekt behandelt werden.<\/p>\n<p>Car Star Back to Black verleiht gealterten und leicht verf\u00e4rbten Materialien wieder ihr urspr\u00fcngliches schwarzes Aussehen.<\/p>\n<p>F\u00fcr stark verf\u00e4rbte Materialien kann die Behandlung ein zweites Mal wiederholt werden, um ein noch besseres Ergebnis zu erzielen.<\/p>\n<p><strong>Anwendung:<\/strong><\/p>\n<ul>\n<li>Reifen: Spr\u00fchen Sie Car Star Back to Black auf die Seitenwand des Reifens - nicht auf das Profil - und lassen Sie das Produkt einfach trocknen oder verteilen Sie es mit einem Schwamm.<\/li>\n<li>Sto\u00dfstangen, Gummidichtungen &amp; Kunststoffleisten: Tragen Sie das Produkt mit einem Schwamm auf und verteilen Sie es gleichm\u00e4\u00dfig auf der zu behandelnden Oberfl\u00e4che.<\/li>\n<\/ul>\n<p><strong>Achtung! In Bezug auf die Sicherheit<\/strong><br \/>\nDas Produkt darf niemals auf der Lauffl\u00e4che der Reifen verwendet werden!<br \/>\nDas Produkt ist nicht geeignet und sollte nicht f\u00fcr Motorrad- oder Rollerreifen verwendet werden.<\/p>","protected":false},"featured_media":13240,"template":"","meta":[],"product_brand":[],"product_cat":[359],"product_tag":[],"class_list":{"0":"post-9248","1":"product","2":"type-product","3":"status-publish","4":"has-post-thumbnail","6":"product_cat-autocare","8":"first","9":"instock","10":"shipping-taxable","11":"product-type-simple"},"yoast_head":"<!-- This site is optimized with the Yoast SEO plugin v26.9 - https:\/\/yoast.com\/product\/yoast-seo-wordpress\/ -->\n<title>Back to Black - Car Star Chemicals<\/title>\n<meta name=\"robots\" content=\"index, follow, max-snippet:-1, max-image-preview:large, max-video-preview:-1\" \/>\n<link rel=\"canonical\" href=\"https:\/\/www.car-star.be\/de\/product\/back-to-black\/\" \/>\n<meta property=\"og:locale\" content=\"de_DE\" \/>\n<meta property=\"og:type\" content=\"article\" \/>\n<meta property=\"og:title\" content=\"Back to Black - Car Star Chemicals\" \/>\n<meta property=\"og:description\" content=\"Car Star Back to Black Car Star Back to Black is een kwalitatief hoogwaardig product, speciaal ontwikkeld om exterieur delen van de auto terug in originele staat te brengen zoals banden, bumpers, rubbers en kunststof sierlijsten. Ook de kunststof afdekkap van de motor en de rubbers in het motorruim kunnen hiermee perfect behandeld worden.  Car Star Back to Black geeft verouderde en licht verkleurde materialen terug een nieuw oorspronkelijk zwart uitzicht.  Bij erg verkleurde materialen mag men de behandeling een tweede maal herhalen om zo een nog beter resultaat te bekomen.  Werkwijze:   Banden: vernevel Car Star Back to Black op de zijkant van de band - niet op het loopvlak - en laat het product daarna gewoon opdrogen of wrijf het product uiteen met een sponsje.  Bumpers, rubbers &amp; kunststof sierlijsten: product met sponsje aanbrengen en gelijkmattig verdelen over het te behandelen oppervlak.  Opgelet! betreft veiligheid Product mag nooit op het loopvlak van de banden gebruikt worden! Product niet geschikt en niet gebruiken voor banden van motoren of scooters\" \/>\n<meta property=\"og:url\" content=\"https:\/\/www.car-star.be\/de\/product\/back-to-black\/\" \/>\n<meta property=\"og:site_name\" content=\"Car Star Chemicals\" \/>\n<meta property=\"article:modified_time\" content=\"2024-02-15T10:50:20+00:00\" \/>\n<meta property=\"og:image\" content=\"https:\/\/www.car-star.be\/wp-content\/uploads\/2019\/08\/Car-Star_Packshots_Simon-Van-Ranst-23-12-087.png\" \/>\n\t<meta property=\"og:image:width\" content=\"1000\" \/>\n\t<meta property=\"og:image:height\" content=\"1500\" \/>\n\t<meta property=\"og:image:type\" content=\"image\/png\" \/>\n<meta name=\"twitter:card\" content=\"summary_large_image\" \/>\n<meta name=\"twitter:label1\" content=\"Gesch\u00e4tzte Lesezeit\" \/>\n\t<meta name=\"twitter:data1\" content=\"1\u00a0Minute\" \/>\n<script type=\"application\/ld+json\" class=\"yoast-schema-graph\">{\"@context\":\"https:\/\/schema.org\",\"@graph\":[{\"@type\":\"WebPage\",\"@id\":\"https:\/\/www.car-star.be\/product\/back-to-black\/\",\"url\":\"https:\/\/www.car-star.be\/product\/back-to-black\/\",\"name\":\"Back to Black - Car Star Chemicals\",\"isPartOf\":{\"@id\":\"https:\/\/www.car-star.be\/#website\"},\"primaryImageOfPage\":{\"@id\":\"https:\/\/www.car-star.be\/product\/back-to-black\/#primaryimage\"},\"image\":{\"@id\":\"https:\/\/www.car-star.be\/product\/back-to-black\/#primaryimage\"},\"thumbnailUrl\":\"https:\/\/www.car-star.be\/wp-content\/uploads\/2019\/08\/Car-Star_Packshots_Simon-Van-Ranst-23-12-087.png\",\"datePublished\":\"2019-08-30T12:57:25+00:00\",\"dateModified\":\"2024-02-15T10:50:20+00:00\",\"breadcrumb\":{\"@id\":\"https:\/\/www.car-star.be\/product\/back-to-black\/#breadcrumb\"},\"inLanguage\":\"de\",\"potentialAction\":[{\"@type\":\"ReadAction\",\"target\":[\"https:\/\/www.car-star.be\/product\/back-to-black\/\"]}]},{\"@type\":\"ImageObject\",\"inLanguage\":\"de\",\"@id\":\"https:\/\/www.car-star.be\/product\/back-to-black\/#primaryimage\",\"url\":\"https:\/\/www.car-star.be\/wp-content\/uploads\/2019\/08\/Car-Star_Packshots_Simon-Van-Ranst-23-12-087.png\",\"contentUrl\":\"https:\/\/www.car-star.be\/wp-content\/uploads\/2019\/08\/Car-Star_Packshots_Simon-Van-Ranst-23-12-087.png\",\"width\":1000,\"height\":1500},{\"@type\":\"BreadcrumbList\",\"@id\":\"https:\/\/www.car-star.be\/product\/back-to-black\/#breadcrumb\",\"itemListElement\":[{\"@type\":\"ListItem\",\"position\":1,\"name\":\"Home\",\"item\":\"https:\/\/www.car-star.be\/\"},{\"@type\":\"ListItem\",\"position\":2,\"name\":\"Producten\",\"item\":\"https:\/\/www.car-star.be\/producten\/\"},{\"@type\":\"ListItem\",\"position\":3,\"name\":\"Back to Black\"}]},{\"@type\":\"WebSite\",\"@id\":\"https:\/\/www.car-star.be\/#website\",\"url\":\"https:\/\/www.car-star.be\/\",\"name\":\"Car Star Chemicals\",\"description\":\"Briljante autopoetsproducten voor de professional en de handel\",\"publisher\":{\"@id\":\"https:\/\/www.car-star.be\/#organization\"},\"potentialAction\":[{\"@type\":\"SearchAction\",\"target\":{\"@type\":\"EntryPoint\",\"urlTemplate\":\"https:\/\/www.car-star.be\/?s={search_term_string}\"},\"query-input\":{\"@type\":\"PropertyValueSpecification\",\"valueRequired\":true,\"valueName\":\"search_term_string\"}}],\"inLanguage\":\"de\"},{\"@type\":\"Organization\",\"@id\":\"https:\/\/www.car-star.be\/#organization\",\"name\":\"Car Star Chemicals\",\"url\":\"https:\/\/www.car-star.be\/\",\"logo\":{\"@type\":\"ImageObject\",\"inLanguage\":\"de\",\"@id\":\"https:\/\/www.car-star.be\/#\/schema\/logo\/image\/\",\"url\":\"https:\/\/www.car-star.be\/wp-content\/uploads\/2025\/11\/cropped-Logo-car-star-1_page-0001.jpg\",\"contentUrl\":\"https:\/\/www.car-star.be\/wp-content\/uploads\/2025\/11\/cropped-Logo-car-star-1_page-0001.jpg\",\"width\":250,\"height\":250,\"caption\":\"Car Star Chemicals\"},\"image\":{\"@id\":\"https:\/\/www.car-star.be\/#\/schema\/logo\/image\/\"}}]}<\/script>\n<!-- \/ Yoast SEO plugin. -->","yoast_head_json":{"title":"Back to Black - Car Star Chemicals","robots":{"index":"index","follow":"follow","max-snippet":"max-snippet:-1","max-image-preview":"max-image-preview:large","max-video-preview":"max-video-preview:-1"},"canonical":"https:\/\/www.car-star.be\/de\/product\/back-to-black\/","og_locale":"de_DE","og_type":"article","og_title":"Back to Black - Car Star Chemicals","og_description":"Car Star Back to Black Car Star Back to Black is een kwalitatief hoogwaardig product, speciaal ontwikkeld om exterieur delen van de auto terug in originele staat te brengen zoals banden, bumpers, rubbers en kunststof sierlijsten. Ook de kunststof afdekkap van de motor en de rubbers in het motorruim kunnen hiermee perfect behandeld worden.  Car Star Back to Black geeft verouderde en licht verkleurde materialen terug een nieuw oorspronkelijk zwart uitzicht.  Bij erg verkleurde materialen mag men de behandeling een tweede maal herhalen om zo een nog beter resultaat te bekomen.  Werkwijze:   Banden: vernevel Car Star Back to Black op de zijkant van de band - niet op het loopvlak - en laat het product daarna gewoon opdrogen of wrijf het product uiteen met een sponsje.  Bumpers, rubbers &amp; kunststof sierlijsten: product met sponsje aanbrengen en gelijkmattig verdelen over het te behandelen oppervlak.  Opgelet! betreft veiligheid Product mag nooit op het loopvlak van de banden gebruikt worden! Product niet geschikt en niet gebruiken voor banden van motoren of scooters","og_url":"https:\/\/www.car-star.be\/de\/product\/back-to-black\/","og_site_name":"Car Star Chemicals","article_modified_time":"2024-02-15T10:50:20+00:00","og_image":[{"width":1000,"height":1500,"url":"https:\/\/www.car-star.be\/wp-content\/uploads\/2019\/08\/Car-Star_Packshots_Simon-Van-Ranst-23-12-087.png","type":"image\/png"}],"twitter_card":"summary_large_image","twitter_misc":{"Gesch\u00e4tzte Lesezeit":"1\u00a0Minute"},"schema":{"@context":"https:\/\/schema.org","@graph":[{"@type":"WebPage","@id":"https:\/\/www.car-star.be\/product\/back-to-black\/","url":"https:\/\/www.car-star.be\/product\/back-to-black\/","name":"Back to Black - Car Star Chemicals","isPartOf":{"@id":"https:\/\/www.car-star.be\/#website"},"primaryImageOfPage":{"@id":"https:\/\/www.car-star.be\/product\/back-to-black\/#primaryimage"},"image":{"@id":"https:\/\/www.car-star.be\/product\/back-to-black\/#primaryimage"},"thumbnailUrl":"https:\/\/www.car-star.be\/wp-content\/uploads\/2019\/08\/Car-Star_Packshots_Simon-Van-Ranst-23-12-087.png","datePublished":"2019-08-30T12:57:25+00:00","dateModified":"2024-02-15T10:50:20+00:00","breadcrumb":{"@id":"https:\/\/www.car-star.be\/product\/back-to-black\/#breadcrumb"},"inLanguage":"de","potentialAction":[{"@type":"ReadAction","target":["https:\/\/www.car-star.be\/product\/back-to-black\/"]}]},{"@type":"ImageObject","inLanguage":"de","@id":"https:\/\/www.car-star.be\/product\/back-to-black\/#primaryimage","url":"https:\/\/www.car-star.be\/wp-content\/uploads\/2019\/08\/Car-Star_Packshots_Simon-Van-Ranst-23-12-087.png","contentUrl":"https:\/\/www.car-star.be\/wp-content\/uploads\/2019\/08\/Car-Star_Packshots_Simon-Van-Ranst-23-12-087.png","width":1000,"height":1500},{"@type":"BreadcrumbList","@id":"https:\/\/www.car-star.be\/product\/back-to-black\/#breadcrumb","itemListElement":[{"@type":"ListItem","position":1,"name":"Home","item":"https:\/\/www.car-star.be\/"},{"@type":"ListItem","position":2,"name":"Producten","item":"https:\/\/www.car-star.be\/producten\/"},{"@type":"ListItem","position":3,"name":"Back to Black"}]},{"@type":"WebSite","@id":"https:\/\/www.car-star.be\/#website","url":"https:\/\/www.car-star.be\/","name":"Car Star Chemicals","description":"Brillante Autopflegeprodukte f\u00fcr Profis und den Handel","publisher":{"@id":"https:\/\/www.car-star.be\/#organization"},"potentialAction":[{"@type":"SearchAction","target":{"@type":"EntryPoint","urlTemplate":"https:\/\/www.car-star.be\/?s={search_term_string}"},"query-input":{"@type":"PropertyValueSpecification","valueRequired":true,"valueName":"search_term_string"}}],"inLanguage":"de"},{"@type":"Organization","@id":"https:\/\/www.car-star.be\/#organization","name":"Car Star Chemicals","url":"https:\/\/www.car-star.be\/","logo":{"@type":"ImageObject","inLanguage":"de","@id":"https:\/\/www.car-star.be\/#\/schema\/logo\/image\/","url":"https:\/\/www.car-star.be\/wp-content\/uploads\/2025\/11\/cropped-Logo-car-star-1_page-0001.jpg","contentUrl":"https:\/\/www.car-star.be\/wp-content\/uploads\/2025\/11\/cropped-Logo-car-star-1_page-0001.jpg","width":250,"height":250,"caption":"Car Star Chemicals"},"image":{"@id":"https:\/\/www.car-star.be\/#\/schema\/logo\/image\/"}}]}},"_links":{"self":[{"href":"https:\/\/www.car-star.be\/de\/wp-json\/wp\/v2\/product\/9248","targetHints":{"allow":["GET"]}}],"collection":[{"href":"https:\/\/www.car-star.be\/de\/wp-json\/wp\/v2\/product"}],"about":[{"href":"https:\/\/www.car-star.be\/de\/wp-json\/wp\/v2\/types\/product"}],"wp:featuredmedia":[{"embeddable":true,"href":"https:\/\/www.car-star.be\/de\/wp-json\/wp\/v2\/media\/13240"}],"wp:attachment":[{"href":"https:\/\/www.car-star.be\/de\/wp-json\/wp\/v2\/media?parent=9248"}],"wp:term":[{"taxonomy":"product_brand","embeddable":true,"href":"https:\/\/www.car-star.be\/de\/wp-json\/wp\/v2\/product_brand?post=9248"},{"taxonomy":"product_cat","embeddable":true,"href":"https:\/\/www.car-star.be\/de\/wp-json\/wp\/v2\/product_cat?post=9248"},{"taxonomy":"product_tag","embeddable":true,"href":"https:\/\/www.car-star.be\/de\/wp-json\/wp\/v2\/product_tag?post=9248"}],"curies":[{"name":"wp","href":"https:\/\/api.w.org\/{rel}","templated":true}]}}