{"id":9246,"date":"2019-04-30T12:53:38","date_gmt":"2019-04-30T12:53:38","guid":{"rendered":"https:\/\/www.car-star.be\/?post_type=product&#038;p=9246"},"modified":"2024-02-05T14:20:32","modified_gmt":"2024-02-05T14:20:32","slug":"glasfix","status":"publish","type":"product","link":"https:\/\/www.car-star.be\/de\/product\/glasfix\/","title":{"rendered":"Glasfix"},"content":{"rendered":"","protected":false},"excerpt":{"rendered":"<div class=\"woocommerce-product-details__short-description\">\n<h3>Car Star Glasfix<\/h3>\n<p>Trocknet schnell und streifenfrei<\/p>\n<p>Verwenden Sie Car Star Glasfix, um alle Autoglas, Spiegel und andere Glasoberfl\u00e4chen zu reinigen und zum Gl\u00e4nzen zu bringen.<\/p>\n<p>Diese streifenfreie und entfettende Formel entfernt Schmutz, Fett, Nikotin und Klimaanlagenr\u00fcckst\u00e4nde von allen Autofenstern und sorgt f\u00fcr ein glasklares Ergebnis.<\/p>\n<p><strong>Anwendung:<\/strong><\/p>\n<ul>\n<li>Spr\u00fchen Sie Car Star Glasfix gleichm\u00e4\u00dfig von unten nach oben auf die Scheibe oder den Spiegel.<\/li>\n<li>Wischen Sie dann trocken mit einem Mikrofasertuch.<\/li>\n<\/ul>\n<p>Auch f\u00fcr den Haushaltsgebrauch geeignet.<\/p>\n<\/div>","protected":false},"featured_media":13245,"template":"","meta":[],"product_brand":[],"product_cat":[359],"product_tag":[],"class_list":{"0":"post-9246","1":"product","2":"type-product","3":"status-publish","4":"has-post-thumbnail","6":"product_cat-autocare","8":"first","9":"instock","10":"shipping-taxable","11":"product-type-simple"},"yoast_head":"<!-- This site is optimized with the Yoast SEO plugin v26.9 - https:\/\/yoast.com\/product\/yoast-seo-wordpress\/ -->\n<title>Glasfix - Car Star Chemicals<\/title>\n<meta name=\"robots\" content=\"index, follow, max-snippet:-1, max-image-preview:large, max-video-preview:-1\" \/>\n<link rel=\"canonical\" href=\"https:\/\/www.car-star.be\/de\/product\/glasfix\/\" \/>\n<meta property=\"og:locale\" content=\"de_DE\" \/>\n<meta property=\"og:type\" content=\"article\" \/>\n<meta property=\"og:title\" content=\"Glasfix - Car Star Chemicals\" \/>\n<meta property=\"og:description\" content=\"Car Star Glasfix Droogt snel en streeploos op  Gebruik Car Star Glasfix voor het reinigen en laten glanzen van alle autoruiten, spiegels en andere glazen oppervlakken.  Deze streeploze en ontvettende formule verwijdert als geen ander vuil, vet, nicotine en airco aanslag van alle autoruiten en geeft een glashelder resultaat.  Werkwijze:   Vernevel Car Star Glasfix gelijkmatig van onder naar boven op de ruit of spiegel.  Vervolgens met microvezeldoek droogwrijven.  Ook voor huishoudelijk gebruik.\" \/>\n<meta property=\"og:url\" content=\"https:\/\/www.car-star.be\/de\/product\/glasfix\/\" \/>\n<meta property=\"og:site_name\" content=\"Car Star Chemicals\" \/>\n<meta property=\"article:modified_time\" content=\"2024-02-05T14:20:32+00:00\" \/>\n<meta property=\"og:image\" content=\"https:\/\/www.car-star.be\/wp-content\/uploads\/2019\/04\/Car-Star_Packshots_Simon-Van-Ranst-23-12-086.png\" \/>\n\t<meta property=\"og:image:width\" content=\"1000\" \/>\n\t<meta property=\"og:image:height\" content=\"1500\" \/>\n\t<meta property=\"og:image:type\" content=\"image\/png\" \/>\n<meta name=\"twitter:card\" content=\"summary_large_image\" \/>\n<meta name=\"twitter:label1\" content=\"Gesch\u00e4tzte Lesezeit\" \/>\n\t<meta name=\"twitter:data1\" content=\"1\u00a0Minute\" \/>\n<script type=\"application\/ld+json\" class=\"yoast-schema-graph\">{\"@context\":\"https:\/\/schema.org\",\"@graph\":[{\"@type\":\"WebPage\",\"@id\":\"https:\/\/www.car-star.be\/product\/glasfix\/\",\"url\":\"https:\/\/www.car-star.be\/product\/glasfix\/\",\"name\":\"Glasfix - Car Star Chemicals\",\"isPartOf\":{\"@id\":\"https:\/\/www.car-star.be\/#website\"},\"primaryImageOfPage\":{\"@id\":\"https:\/\/www.car-star.be\/product\/glasfix\/#primaryimage\"},\"image\":{\"@id\":\"https:\/\/www.car-star.be\/product\/glasfix\/#primaryimage\"},\"thumbnailUrl\":\"https:\/\/www.car-star.be\/wp-content\/uploads\/2019\/04\/Car-Star_Packshots_Simon-Van-Ranst-23-12-086.png\",\"datePublished\":\"2019-04-30T12:53:38+00:00\",\"dateModified\":\"2024-02-05T14:20:32+00:00\",\"breadcrumb\":{\"@id\":\"https:\/\/www.car-star.be\/product\/glasfix\/#breadcrumb\"},\"inLanguage\":\"de\",\"potentialAction\":[{\"@type\":\"ReadAction\",\"target\":[\"https:\/\/www.car-star.be\/product\/glasfix\/\"]}]},{\"@type\":\"ImageObject\",\"inLanguage\":\"de\",\"@id\":\"https:\/\/www.car-star.be\/product\/glasfix\/#primaryimage\",\"url\":\"https:\/\/www.car-star.be\/wp-content\/uploads\/2019\/04\/Car-Star_Packshots_Simon-Van-Ranst-23-12-086.png\",\"contentUrl\":\"https:\/\/www.car-star.be\/wp-content\/uploads\/2019\/04\/Car-Star_Packshots_Simon-Van-Ranst-23-12-086.png\",\"width\":1000,\"height\":1500},{\"@type\":\"BreadcrumbList\",\"@id\":\"https:\/\/www.car-star.be\/product\/glasfix\/#breadcrumb\",\"itemListElement\":[{\"@type\":\"ListItem\",\"position\":1,\"name\":\"Home\",\"item\":\"https:\/\/www.car-star.be\/\"},{\"@type\":\"ListItem\",\"position\":2,\"name\":\"Producten\",\"item\":\"https:\/\/www.car-star.be\/producten\/\"},{\"@type\":\"ListItem\",\"position\":3,\"name\":\"Glasfix\"}]},{\"@type\":\"WebSite\",\"@id\":\"https:\/\/www.car-star.be\/#website\",\"url\":\"https:\/\/www.car-star.be\/\",\"name\":\"Car Star Chemicals\",\"description\":\"Briljante autopoetsproducten voor de professional en de handel\",\"publisher\":{\"@id\":\"https:\/\/www.car-star.be\/#organization\"},\"potentialAction\":[{\"@type\":\"SearchAction\",\"target\":{\"@type\":\"EntryPoint\",\"urlTemplate\":\"https:\/\/www.car-star.be\/?s={search_term_string}\"},\"query-input\":{\"@type\":\"PropertyValueSpecification\",\"valueRequired\":true,\"valueName\":\"search_term_string\"}}],\"inLanguage\":\"de\"},{\"@type\":\"Organization\",\"@id\":\"https:\/\/www.car-star.be\/#organization\",\"name\":\"Car Star Chemicals\",\"url\":\"https:\/\/www.car-star.be\/\",\"logo\":{\"@type\":\"ImageObject\",\"inLanguage\":\"de\",\"@id\":\"https:\/\/www.car-star.be\/#\/schema\/logo\/image\/\",\"url\":\"https:\/\/www.car-star.be\/wp-content\/uploads\/2025\/11\/cropped-Logo-car-star-1_page-0001.jpg\",\"contentUrl\":\"https:\/\/www.car-star.be\/wp-content\/uploads\/2025\/11\/cropped-Logo-car-star-1_page-0001.jpg\",\"width\":250,\"height\":250,\"caption\":\"Car Star Chemicals\"},\"image\":{\"@id\":\"https:\/\/www.car-star.be\/#\/schema\/logo\/image\/\"}}]}<\/script>\n<!-- \/ Yoast SEO plugin. -->","yoast_head_json":{"title":"Glasfix - Car Star Chemicals","robots":{"index":"index","follow":"follow","max-snippet":"max-snippet:-1","max-image-preview":"max-image-preview:large","max-video-preview":"max-video-preview:-1"},"canonical":"https:\/\/www.car-star.be\/de\/product\/glasfix\/","og_locale":"de_DE","og_type":"article","og_title":"Glasfix - Car Star Chemicals","og_description":"Car Star Glasfix Droogt snel en streeploos op  Gebruik Car Star Glasfix voor het reinigen en laten glanzen van alle autoruiten, spiegels en andere glazen oppervlakken.  Deze streeploze en ontvettende formule verwijdert als geen ander vuil, vet, nicotine en airco aanslag van alle autoruiten en geeft een glashelder resultaat.  Werkwijze:   Vernevel Car Star Glasfix gelijkmatig van onder naar boven op de ruit of spiegel.  Vervolgens met microvezeldoek droogwrijven.  Ook voor huishoudelijk gebruik.","og_url":"https:\/\/www.car-star.be\/de\/product\/glasfix\/","og_site_name":"Car Star Chemicals","article_modified_time":"2024-02-05T14:20:32+00:00","og_image":[{"width":1000,"height":1500,"url":"https:\/\/www.car-star.be\/wp-content\/uploads\/2019\/04\/Car-Star_Packshots_Simon-Van-Ranst-23-12-086.png","type":"image\/png"}],"twitter_card":"summary_large_image","twitter_misc":{"Gesch\u00e4tzte Lesezeit":"1\u00a0Minute"},"schema":{"@context":"https:\/\/schema.org","@graph":[{"@type":"WebPage","@id":"https:\/\/www.car-star.be\/product\/glasfix\/","url":"https:\/\/www.car-star.be\/product\/glasfix\/","name":"Glasfix - Car Star Chemicals","isPartOf":{"@id":"https:\/\/www.car-star.be\/#website"},"primaryImageOfPage":{"@id":"https:\/\/www.car-star.be\/product\/glasfix\/#primaryimage"},"image":{"@id":"https:\/\/www.car-star.be\/product\/glasfix\/#primaryimage"},"thumbnailUrl":"https:\/\/www.car-star.be\/wp-content\/uploads\/2019\/04\/Car-Star_Packshots_Simon-Van-Ranst-23-12-086.png","datePublished":"2019-04-30T12:53:38+00:00","dateModified":"2024-02-05T14:20:32+00:00","breadcrumb":{"@id":"https:\/\/www.car-star.be\/product\/glasfix\/#breadcrumb"},"inLanguage":"de","potentialAction":[{"@type":"ReadAction","target":["https:\/\/www.car-star.be\/product\/glasfix\/"]}]},{"@type":"ImageObject","inLanguage":"de","@id":"https:\/\/www.car-star.be\/product\/glasfix\/#primaryimage","url":"https:\/\/www.car-star.be\/wp-content\/uploads\/2019\/04\/Car-Star_Packshots_Simon-Van-Ranst-23-12-086.png","contentUrl":"https:\/\/www.car-star.be\/wp-content\/uploads\/2019\/04\/Car-Star_Packshots_Simon-Van-Ranst-23-12-086.png","width":1000,"height":1500},{"@type":"BreadcrumbList","@id":"https:\/\/www.car-star.be\/product\/glasfix\/#breadcrumb","itemListElement":[{"@type":"ListItem","position":1,"name":"Home","item":"https:\/\/www.car-star.be\/"},{"@type":"ListItem","position":2,"name":"Producten","item":"https:\/\/www.car-star.be\/producten\/"},{"@type":"ListItem","position":3,"name":"Glasfix"}]},{"@type":"WebSite","@id":"https:\/\/www.car-star.be\/#website","url":"https:\/\/www.car-star.be\/","name":"Car Star Chemicals","description":"Brillante Autopflegeprodukte f\u00fcr Profis und den Handel","publisher":{"@id":"https:\/\/www.car-star.be\/#organization"},"potentialAction":[{"@type":"SearchAction","target":{"@type":"EntryPoint","urlTemplate":"https:\/\/www.car-star.be\/?s={search_term_string}"},"query-input":{"@type":"PropertyValueSpecification","valueRequired":true,"valueName":"search_term_string"}}],"inLanguage":"de"},{"@type":"Organization","@id":"https:\/\/www.car-star.be\/#organization","name":"Car Star Chemicals","url":"https:\/\/www.car-star.be\/","logo":{"@type":"ImageObject","inLanguage":"de","@id":"https:\/\/www.car-star.be\/#\/schema\/logo\/image\/","url":"https:\/\/www.car-star.be\/wp-content\/uploads\/2025\/11\/cropped-Logo-car-star-1_page-0001.jpg","contentUrl":"https:\/\/www.car-star.be\/wp-content\/uploads\/2025\/11\/cropped-Logo-car-star-1_page-0001.jpg","width":250,"height":250,"caption":"Car Star Chemicals"},"image":{"@id":"https:\/\/www.car-star.be\/#\/schema\/logo\/image\/"}}]}},"_links":{"self":[{"href":"https:\/\/www.car-star.be\/de\/wp-json\/wp\/v2\/product\/9246","targetHints":{"allow":["GET"]}}],"collection":[{"href":"https:\/\/www.car-star.be\/de\/wp-json\/wp\/v2\/product"}],"about":[{"href":"https:\/\/www.car-star.be\/de\/wp-json\/wp\/v2\/types\/product"}],"wp:featuredmedia":[{"embeddable":true,"href":"https:\/\/www.car-star.be\/de\/wp-json\/wp\/v2\/media\/13245"}],"wp:attachment":[{"href":"https:\/\/www.car-star.be\/de\/wp-json\/wp\/v2\/media?parent=9246"}],"wp:term":[{"taxonomy":"product_brand","embeddable":true,"href":"https:\/\/www.car-star.be\/de\/wp-json\/wp\/v2\/product_brand?post=9246"},{"taxonomy":"product_cat","embeddable":true,"href":"https:\/\/www.car-star.be\/de\/wp-json\/wp\/v2\/product_cat?post=9246"},{"taxonomy":"product_tag","embeddable":true,"href":"https:\/\/www.car-star.be\/de\/wp-json\/wp\/v2\/product_tag?post=9246"}],"curies":[{"name":"wp","href":"https:\/\/api.w.org\/{rel}","templated":true}]}}