{"id":11160,"date":"2019-10-13T19:46:59","date_gmt":"2019-10-13T19:46:59","guid":{"rendered":"https:\/\/www.car-star.be\/?post_type=product&#038;p=11160"},"modified":"2024-02-15T10:56:12","modified_gmt":"2024-02-15T10:56:12","slug":"car-shampoo","status":"publish","type":"product","link":"https:\/\/www.car-star.be\/de\/product\/car-shampoo\/","title":{"rendered":"Car Shampoo"},"content":{"rendered":"","protected":false},"excerpt":{"rendered":"<div class=\"woocommerce-product-details__short-description\">\n<h3>Car Shampoo<\/h3>\n<p>Car Star Autoshampoo ist ein leistungsstarkes konzentriertes Reinigungsmittel mit starken Reinigungs- und Schmutzl\u00f6seeigenschaften.<\/p>\n<p>Er verleiht dem Lack einen sch\u00f6nen Glanz und entfernt alle Verschmutzungen vom Fahrzeug wie: Insektenr\u00fcckst\u00e4nde, Vogelkot, Ablagerungen usw.<\/p>\n<p><strong>Anwendung:<\/strong><\/p>\n<ul>\n<li>Mischen Sie etwa 2 Kappen Car Star Car Shampoo in 10 Liter lauwarmes Wasser<\/li>\n<li>Waschen Sie dann die Verschmutzung vom Auto mit einem Schwamm ab<\/li>\n<li>Danach gr\u00fcndlich absp\u00fclen und trocken wischen<\/li>\n<\/ul>\n<\/div>","protected":false},"featured_media":13224,"template":"","meta":[],"product_brand":[],"product_cat":[359],"product_tag":[],"class_list":{"0":"post-11160","1":"product","2":"type-product","3":"status-publish","4":"has-post-thumbnail","6":"product_cat-autocare","8":"first","9":"instock","10":"shipping-taxable","11":"product-type-simple"},"yoast_head":"<!-- This site is optimized with the Yoast SEO plugin v26.9 - https:\/\/yoast.com\/product\/yoast-seo-wordpress\/ -->\n<title>Car Shampoo - Car Star Chemicals<\/title>\n<meta name=\"robots\" content=\"index, follow, max-snippet:-1, max-image-preview:large, max-video-preview:-1\" \/>\n<link rel=\"canonical\" href=\"https:\/\/www.car-star.be\/de\/product\/car-shampoo\/\" \/>\n<meta property=\"og:locale\" content=\"de_DE\" \/>\n<meta property=\"og:type\" content=\"article\" \/>\n<meta property=\"og:title\" content=\"Car Shampoo - Car Star Chemicals\" \/>\n<meta property=\"og:description\" content=\"Car Star Car Shampoo Car Star Car Shampoo is een krachtig geconcentreerd wasmiddel met een sterk reinigend en vuil loswekend vermogen.  Hij geeft een mooie glans aan de lak en verwijdert alle vervuiling van het voertuig zoals: insectenresten, vogeluitwerpselen, aanslag enz.  Werkwijze:   Meng een 2-tal dopjes Car Star Car Shampoo in 10 Liter lauw water  Vervolgens met spons de vervuiling van de wagen wassen  Nadien grondig afspoelen en droogzemen\" \/>\n<meta property=\"og:url\" content=\"https:\/\/www.car-star.be\/de\/product\/car-shampoo\/\" \/>\n<meta property=\"og:site_name\" content=\"Car Star Chemicals\" \/>\n<meta property=\"article:modified_time\" content=\"2024-02-15T10:56:12+00:00\" \/>\n<meta property=\"og:image\" content=\"https:\/\/www.car-star.be\/wp-content\/uploads\/2019\/10\/Car-Star_Packshots_Simon-Van-Ranst-23-12-0561-683x1024.png\" \/>\n\t<meta property=\"og:image:width\" content=\"683\" \/>\n\t<meta property=\"og:image:height\" content=\"1024\" \/>\n\t<meta property=\"og:image:type\" content=\"image\/png\" \/>\n<meta name=\"twitter:card\" content=\"summary_large_image\" \/>\n<meta name=\"twitter:label1\" content=\"Gesch\u00e4tzte Lesezeit\" \/>\n\t<meta name=\"twitter:data1\" content=\"1\u00a0Minute\" \/>\n<script type=\"application\/ld+json\" class=\"yoast-schema-graph\">{\"@context\":\"https:\/\/schema.org\",\"@graph\":[{\"@type\":\"WebPage\",\"@id\":\"https:\/\/www.car-star.be\/product\/car-shampoo\/\",\"url\":\"https:\/\/www.car-star.be\/product\/car-shampoo\/\",\"name\":\"Car Shampoo - Car Star Chemicals\",\"isPartOf\":{\"@id\":\"https:\/\/www.car-star.be\/#website\"},\"primaryImageOfPage\":{\"@id\":\"https:\/\/www.car-star.be\/product\/car-shampoo\/#primaryimage\"},\"image\":{\"@id\":\"https:\/\/www.car-star.be\/product\/car-shampoo\/#primaryimage\"},\"thumbnailUrl\":\"https:\/\/www.car-star.be\/wp-content\/uploads\/2019\/10\/Car-Star_Packshots_Simon-Van-Ranst-23-12-0561.png\",\"datePublished\":\"2019-10-13T19:46:59+00:00\",\"dateModified\":\"2024-02-15T10:56:12+00:00\",\"breadcrumb\":{\"@id\":\"https:\/\/www.car-star.be\/product\/car-shampoo\/#breadcrumb\"},\"inLanguage\":\"de\",\"potentialAction\":[{\"@type\":\"ReadAction\",\"target\":[\"https:\/\/www.car-star.be\/product\/car-shampoo\/\"]}]},{\"@type\":\"ImageObject\",\"inLanguage\":\"de\",\"@id\":\"https:\/\/www.car-star.be\/product\/car-shampoo\/#primaryimage\",\"url\":\"https:\/\/www.car-star.be\/wp-content\/uploads\/2019\/10\/Car-Star_Packshots_Simon-Van-Ranst-23-12-0561.png\",\"contentUrl\":\"https:\/\/www.car-star.be\/wp-content\/uploads\/2019\/10\/Car-Star_Packshots_Simon-Van-Ranst-23-12-0561.png\",\"width\":1000,\"height\":1500},{\"@type\":\"BreadcrumbList\",\"@id\":\"https:\/\/www.car-star.be\/product\/car-shampoo\/#breadcrumb\",\"itemListElement\":[{\"@type\":\"ListItem\",\"position\":1,\"name\":\"Home\",\"item\":\"https:\/\/www.car-star.be\/\"},{\"@type\":\"ListItem\",\"position\":2,\"name\":\"Producten\",\"item\":\"https:\/\/www.car-star.be\/producten\/\"},{\"@type\":\"ListItem\",\"position\":3,\"name\":\"Car Shampoo\"}]},{\"@type\":\"WebSite\",\"@id\":\"https:\/\/www.car-star.be\/#website\",\"url\":\"https:\/\/www.car-star.be\/\",\"name\":\"Car Star Chemicals\",\"description\":\"Briljante autopoetsproducten voor de professional en de handel\",\"publisher\":{\"@id\":\"https:\/\/www.car-star.be\/#organization\"},\"potentialAction\":[{\"@type\":\"SearchAction\",\"target\":{\"@type\":\"EntryPoint\",\"urlTemplate\":\"https:\/\/www.car-star.be\/?s={search_term_string}\"},\"query-input\":{\"@type\":\"PropertyValueSpecification\",\"valueRequired\":true,\"valueName\":\"search_term_string\"}}],\"inLanguage\":\"de\"},{\"@type\":\"Organization\",\"@id\":\"https:\/\/www.car-star.be\/#organization\",\"name\":\"Car Star Chemicals\",\"url\":\"https:\/\/www.car-star.be\/\",\"logo\":{\"@type\":\"ImageObject\",\"inLanguage\":\"de\",\"@id\":\"https:\/\/www.car-star.be\/#\/schema\/logo\/image\/\",\"url\":\"https:\/\/www.car-star.be\/wp-content\/uploads\/2025\/11\/cropped-Logo-car-star-1_page-0001.jpg\",\"contentUrl\":\"https:\/\/www.car-star.be\/wp-content\/uploads\/2025\/11\/cropped-Logo-car-star-1_page-0001.jpg\",\"width\":250,\"height\":250,\"caption\":\"Car Star Chemicals\"},\"image\":{\"@id\":\"https:\/\/www.car-star.be\/#\/schema\/logo\/image\/\"}}]}<\/script>\n<!-- \/ Yoast SEO plugin. -->","yoast_head_json":{"title":"Car Shampoo - Car Star Chemicals","robots":{"index":"index","follow":"follow","max-snippet":"max-snippet:-1","max-image-preview":"max-image-preview:large","max-video-preview":"max-video-preview:-1"},"canonical":"https:\/\/www.car-star.be\/de\/product\/car-shampoo\/","og_locale":"de_DE","og_type":"article","og_title":"Car Shampoo - Car Star Chemicals","og_description":"Car Star Car Shampoo Car Star Car Shampoo is een krachtig geconcentreerd wasmiddel met een sterk reinigend en vuil loswekend vermogen.  Hij geeft een mooie glans aan de lak en verwijdert alle vervuiling van het voertuig zoals: insectenresten, vogeluitwerpselen, aanslag enz.  Werkwijze:   Meng een 2-tal dopjes Car Star Car Shampoo in 10 Liter lauw water  Vervolgens met spons de vervuiling van de wagen wassen  Nadien grondig afspoelen en droogzemen","og_url":"https:\/\/www.car-star.be\/de\/product\/car-shampoo\/","og_site_name":"Car Star Chemicals","article_modified_time":"2024-02-15T10:56:12+00:00","og_image":[{"width":683,"height":1024,"url":"https:\/\/www.car-star.be\/wp-content\/uploads\/2019\/10\/Car-Star_Packshots_Simon-Van-Ranst-23-12-0561-683x1024.png","type":"image\/png"}],"twitter_card":"summary_large_image","twitter_misc":{"Gesch\u00e4tzte Lesezeit":"1\u00a0Minute"},"schema":{"@context":"https:\/\/schema.org","@graph":[{"@type":"WebPage","@id":"https:\/\/www.car-star.be\/product\/car-shampoo\/","url":"https:\/\/www.car-star.be\/product\/car-shampoo\/","name":"Car Shampoo - Car Star Chemicals","isPartOf":{"@id":"https:\/\/www.car-star.be\/#website"},"primaryImageOfPage":{"@id":"https:\/\/www.car-star.be\/product\/car-shampoo\/#primaryimage"},"image":{"@id":"https:\/\/www.car-star.be\/product\/car-shampoo\/#primaryimage"},"thumbnailUrl":"https:\/\/www.car-star.be\/wp-content\/uploads\/2019\/10\/Car-Star_Packshots_Simon-Van-Ranst-23-12-0561.png","datePublished":"2019-10-13T19:46:59+00:00","dateModified":"2024-02-15T10:56:12+00:00","breadcrumb":{"@id":"https:\/\/www.car-star.be\/product\/car-shampoo\/#breadcrumb"},"inLanguage":"de","potentialAction":[{"@type":"ReadAction","target":["https:\/\/www.car-star.be\/product\/car-shampoo\/"]}]},{"@type":"ImageObject","inLanguage":"de","@id":"https:\/\/www.car-star.be\/product\/car-shampoo\/#primaryimage","url":"https:\/\/www.car-star.be\/wp-content\/uploads\/2019\/10\/Car-Star_Packshots_Simon-Van-Ranst-23-12-0561.png","contentUrl":"https:\/\/www.car-star.be\/wp-content\/uploads\/2019\/10\/Car-Star_Packshots_Simon-Van-Ranst-23-12-0561.png","width":1000,"height":1500},{"@type":"BreadcrumbList","@id":"https:\/\/www.car-star.be\/product\/car-shampoo\/#breadcrumb","itemListElement":[{"@type":"ListItem","position":1,"name":"Home","item":"https:\/\/www.car-star.be\/"},{"@type":"ListItem","position":2,"name":"Producten","item":"https:\/\/www.car-star.be\/producten\/"},{"@type":"ListItem","position":3,"name":"Car Shampoo"}]},{"@type":"WebSite","@id":"https:\/\/www.car-star.be\/#website","url":"https:\/\/www.car-star.be\/","name":"Car Star Chemicals","description":"Brillante Autopflegeprodukte f\u00fcr Profis und den Handel","publisher":{"@id":"https:\/\/www.car-star.be\/#organization"},"potentialAction":[{"@type":"SearchAction","target":{"@type":"EntryPoint","urlTemplate":"https:\/\/www.car-star.be\/?s={search_term_string}"},"query-input":{"@type":"PropertyValueSpecification","valueRequired":true,"valueName":"search_term_string"}}],"inLanguage":"de"},{"@type":"Organization","@id":"https:\/\/www.car-star.be\/#organization","name":"Car Star Chemicals","url":"https:\/\/www.car-star.be\/","logo":{"@type":"ImageObject","inLanguage":"de","@id":"https:\/\/www.car-star.be\/#\/schema\/logo\/image\/","url":"https:\/\/www.car-star.be\/wp-content\/uploads\/2025\/11\/cropped-Logo-car-star-1_page-0001.jpg","contentUrl":"https:\/\/www.car-star.be\/wp-content\/uploads\/2025\/11\/cropped-Logo-car-star-1_page-0001.jpg","width":250,"height":250,"caption":"Car Star Chemicals"},"image":{"@id":"https:\/\/www.car-star.be\/#\/schema\/logo\/image\/"}}]}},"_links":{"self":[{"href":"https:\/\/www.car-star.be\/de\/wp-json\/wp\/v2\/product\/11160","targetHints":{"allow":["GET"]}}],"collection":[{"href":"https:\/\/www.car-star.be\/de\/wp-json\/wp\/v2\/product"}],"about":[{"href":"https:\/\/www.car-star.be\/de\/wp-json\/wp\/v2\/types\/product"}],"wp:featuredmedia":[{"embeddable":true,"href":"https:\/\/www.car-star.be\/de\/wp-json\/wp\/v2\/media\/13224"}],"wp:attachment":[{"href":"https:\/\/www.car-star.be\/de\/wp-json\/wp\/v2\/media?parent=11160"}],"wp:term":[{"taxonomy":"product_brand","embeddable":true,"href":"https:\/\/www.car-star.be\/de\/wp-json\/wp\/v2\/product_brand?post=11160"},{"taxonomy":"product_cat","embeddable":true,"href":"https:\/\/www.car-star.be\/de\/wp-json\/wp\/v2\/product_cat?post=11160"},{"taxonomy":"product_tag","embeddable":true,"href":"https:\/\/www.car-star.be\/de\/wp-json\/wp\/v2\/product_tag?post=11160"}],"curies":[{"name":"wp","href":"https:\/\/api.w.org\/{rel}","templated":true}]}}