{"id":11062,"date":"2019-10-12T18:34:04","date_gmt":"2019-10-12T18:34:04","guid":{"rendered":"https:\/\/www.car-star.be\/?post_type=product&#038;p=11062"},"modified":"2024-02-22T09:18:09","modified_gmt":"2024-02-22T09:18:09","slug":"vinyl-dress","status":"publish","type":"product","link":"https:\/\/www.car-star.be\/de\/product\/vinyl-dress\/","title":{"rendered":"Vinyl Dress"},"content":{"rendered":"","protected":false},"excerpt":{"rendered":"<h3>Car Star Vinyl Dress<\/h3>\n<p>Bringen Sie Kunststoffteile wieder zum Strahlen!<\/p>\n<p>Car Star Vinyl Dress ist das ideale Pflegeprodukt mit einem sehr angenehmen Duft, das speziell f\u00fcr die Reinigung und Auffrischung des Autoinnenraums entwickelt wurde.<\/p>\n<p>Es erneuert verschiedene Kunststoff- und Vinylteile wie das Armaturenbrett, die T\u00fcrverkleidungen, die Einstiegsleisten, Leder und Holzeinlagen. Auch Kunststoffleisten und Gummis werden dank dieses Produkts aufgefrischt und erhalten ein neues Aussehen.<\/p>\n<p><strong>Anleitung:<\/strong>:<br \/>\n\u2013 Spr\u00fchen Sie das Produkt Car Star Vinyl Dress gleichm\u00e4\u00dfig auf die zu behandelnden Oberfl\u00e4chen.<br \/>\n\u2013 Reiben Sie das Produkt anschlie\u00dfend mit einem Schwamm oder einem saugf\u00e4higen Tuch ein.<br \/>\n\u2013 Bei Bedarf mit einem Mikrofasertuch nachpolieren.<\/p>\n<p><strong>Verwenden Sie Car Star Vinyl Dress:<\/strong><br \/>\nUm alle Kunststoffteile im Auto wieder dunkel zu machen und sie wie neu aussehen zu lassen.<\/p>\n<p>Das Produkt ist <u>nicht fettig<\/u> und nicht gl\u00e4nzend, so dass das Armaturenbrett w\u00e4hrend der Fahrt bei Sonnenlicht nicht in der Windschutzscheibe reflektiert wird.<\/p>\n<p><strong>Achtung! In Bezug auf die Sicherheit<\/strong><br \/>\nDas Produkt niemals auf das Lenkrad oder die Fu\u00dfpedale verwenden.<\/p>","protected":false},"featured_media":13228,"template":"","meta":[],"product_brand":[],"product_cat":[359],"product_tag":[],"class_list":{"0":"post-11062","1":"product","2":"type-product","3":"status-publish","4":"has-post-thumbnail","6":"product_cat-autocare","8":"first","9":"instock","10":"shipping-taxable","11":"product-type-simple"},"yoast_head":"<!-- This site is optimized with the Yoast SEO plugin v26.9 - https:\/\/yoast.com\/product\/yoast-seo-wordpress\/ -->\n<title>Vinyl Dress - Car Star Chemicals<\/title>\n<meta name=\"robots\" content=\"index, follow, max-snippet:-1, max-image-preview:large, max-video-preview:-1\" \/>\n<link rel=\"canonical\" href=\"https:\/\/www.car-star.be\/de\/product\/vinyl-dress\/\" \/>\n<meta property=\"og:locale\" content=\"de_DE\" \/>\n<meta property=\"og:type\" content=\"article\" \/>\n<meta property=\"og:title\" content=\"Vinyl Dress - Car Star Chemicals\" \/>\n<meta property=\"og:description\" content=\"Car Star Vinyl Dress Laat kunststofdelen er terug als nieuw uitzien!  Car Star Vinyl Dress is het ideale onderhoudsproduct met zeer aangename geur dat speciaal ontwikkeld is voor het reinigen en opfrissen van het auto-interieur.  Het vernieuwt allerlei kunststof \u2013 en vinyl delen zoals o.a. het dashboard, deurpanelen, instaplijsten, leder en houtinleg. Ook kunststof strips en rubbers worden dankzij dit product terug opgefrist en van een nieuwe look voorzien.  Werkwijze: - Vernevel Car Star Vinyl Dress gelijkmatig op de te behandelen oppervlakken - Nadien het product inwrijven met sponsje of absorberende doek - Eventueel met microvezeldoek nawrijven  Gebruik Car Star Vinyl Dress: Om alle kunststofdelen binnenin de auto terug donker te maken om er zo terug als nieuw te laten uitzien.  Het product is niet vettig en niet glanzend, zodat het dashboard tijdens het rijden met zonlicht niet weerspiegeld wordt in de voorruit.  Opgelet ! Betreft veiligheid Product nooit op stuurwiel of voetpedalen gebruiken\" \/>\n<meta property=\"og:url\" content=\"https:\/\/www.car-star.be\/de\/product\/vinyl-dress\/\" \/>\n<meta property=\"og:site_name\" content=\"Car Star Chemicals\" \/>\n<meta property=\"article:modified_time\" content=\"2024-02-22T09:18:09+00:00\" \/>\n<meta property=\"og:image\" content=\"https:\/\/www.car-star.be\/wp-content\/uploads\/2019\/10\/Car-Star_Packshots_Simon-Van-Ranst-23-12-089.png\" \/>\n\t<meta property=\"og:image:width\" content=\"1000\" \/>\n\t<meta property=\"og:image:height\" content=\"1500\" \/>\n\t<meta property=\"og:image:type\" content=\"image\/png\" \/>\n<meta name=\"twitter:card\" content=\"summary_large_image\" \/>\n<meta name=\"twitter:label1\" content=\"Gesch\u00e4tzte Lesezeit\" \/>\n\t<meta name=\"twitter:data1\" content=\"1\u00a0Minute\" \/>\n<script type=\"application\/ld+json\" class=\"yoast-schema-graph\">{\"@context\":\"https:\/\/schema.org\",\"@graph\":[{\"@type\":\"WebPage\",\"@id\":\"https:\/\/www.car-star.be\/product\/vinyl-dress\/\",\"url\":\"https:\/\/www.car-star.be\/product\/vinyl-dress\/\",\"name\":\"Vinyl Dress - Car Star Chemicals\",\"isPartOf\":{\"@id\":\"https:\/\/www.car-star.be\/#website\"},\"primaryImageOfPage\":{\"@id\":\"https:\/\/www.car-star.be\/product\/vinyl-dress\/#primaryimage\"},\"image\":{\"@id\":\"https:\/\/www.car-star.be\/product\/vinyl-dress\/#primaryimage\"},\"thumbnailUrl\":\"https:\/\/www.car-star.be\/wp-content\/uploads\/2019\/10\/Car-Star_Packshots_Simon-Van-Ranst-23-12-089.png\",\"datePublished\":\"2019-10-12T18:34:04+00:00\",\"dateModified\":\"2024-02-22T09:18:09+00:00\",\"breadcrumb\":{\"@id\":\"https:\/\/www.car-star.be\/product\/vinyl-dress\/#breadcrumb\"},\"inLanguage\":\"de\",\"potentialAction\":[{\"@type\":\"ReadAction\",\"target\":[\"https:\/\/www.car-star.be\/product\/vinyl-dress\/\"]}]},{\"@type\":\"ImageObject\",\"inLanguage\":\"de\",\"@id\":\"https:\/\/www.car-star.be\/product\/vinyl-dress\/#primaryimage\",\"url\":\"https:\/\/www.car-star.be\/wp-content\/uploads\/2019\/10\/Car-Star_Packshots_Simon-Van-Ranst-23-12-089.png\",\"contentUrl\":\"https:\/\/www.car-star.be\/wp-content\/uploads\/2019\/10\/Car-Star_Packshots_Simon-Van-Ranst-23-12-089.png\",\"width\":1000,\"height\":1500},{\"@type\":\"BreadcrumbList\",\"@id\":\"https:\/\/www.car-star.be\/product\/vinyl-dress\/#breadcrumb\",\"itemListElement\":[{\"@type\":\"ListItem\",\"position\":1,\"name\":\"Home\",\"item\":\"https:\/\/www.car-star.be\/\"},{\"@type\":\"ListItem\",\"position\":2,\"name\":\"Producten\",\"item\":\"https:\/\/www.car-star.be\/producten\/\"},{\"@type\":\"ListItem\",\"position\":3,\"name\":\"Vinyl Dress\"}]},{\"@type\":\"WebSite\",\"@id\":\"https:\/\/www.car-star.be\/#website\",\"url\":\"https:\/\/www.car-star.be\/\",\"name\":\"Car Star Chemicals\",\"description\":\"Briljante autopoetsproducten voor de professional en de handel\",\"publisher\":{\"@id\":\"https:\/\/www.car-star.be\/#organization\"},\"potentialAction\":[{\"@type\":\"SearchAction\",\"target\":{\"@type\":\"EntryPoint\",\"urlTemplate\":\"https:\/\/www.car-star.be\/?s={search_term_string}\"},\"query-input\":{\"@type\":\"PropertyValueSpecification\",\"valueRequired\":true,\"valueName\":\"search_term_string\"}}],\"inLanguage\":\"de\"},{\"@type\":\"Organization\",\"@id\":\"https:\/\/www.car-star.be\/#organization\",\"name\":\"Car Star Chemicals\",\"url\":\"https:\/\/www.car-star.be\/\",\"logo\":{\"@type\":\"ImageObject\",\"inLanguage\":\"de\",\"@id\":\"https:\/\/www.car-star.be\/#\/schema\/logo\/image\/\",\"url\":\"https:\/\/www.car-star.be\/wp-content\/uploads\/2025\/11\/cropped-Logo-car-star-1_page-0001.jpg\",\"contentUrl\":\"https:\/\/www.car-star.be\/wp-content\/uploads\/2025\/11\/cropped-Logo-car-star-1_page-0001.jpg\",\"width\":250,\"height\":250,\"caption\":\"Car Star Chemicals\"},\"image\":{\"@id\":\"https:\/\/www.car-star.be\/#\/schema\/logo\/image\/\"}}]}<\/script>\n<!-- \/ Yoast SEO plugin. -->","yoast_head_json":{"title":"Vinyl Dress - Car Star Chemicals","robots":{"index":"index","follow":"follow","max-snippet":"max-snippet:-1","max-image-preview":"max-image-preview:large","max-video-preview":"max-video-preview:-1"},"canonical":"https:\/\/www.car-star.be\/de\/product\/vinyl-dress\/","og_locale":"de_DE","og_type":"article","og_title":"Vinyl Dress - Car Star Chemicals","og_description":"Car Star Vinyl Dress Laat kunststofdelen er terug als nieuw uitzien!  Car Star Vinyl Dress is het ideale onderhoudsproduct met zeer aangename geur dat speciaal ontwikkeld is voor het reinigen en opfrissen van het auto-interieur.  Het vernieuwt allerlei kunststof \u2013 en vinyl delen zoals o.a. het dashboard, deurpanelen, instaplijsten, leder en houtinleg. Ook kunststof strips en rubbers worden dankzij dit product terug opgefrist en van een nieuwe look voorzien.  Werkwijze: - Vernevel Car Star Vinyl Dress gelijkmatig op de te behandelen oppervlakken - Nadien het product inwrijven met sponsje of absorberende doek - Eventueel met microvezeldoek nawrijven  Gebruik Car Star Vinyl Dress: Om alle kunststofdelen binnenin de auto terug donker te maken om er zo terug als nieuw te laten uitzien.  Het product is niet vettig en niet glanzend, zodat het dashboard tijdens het rijden met zonlicht niet weerspiegeld wordt in de voorruit.  Opgelet ! Betreft veiligheid Product nooit op stuurwiel of voetpedalen gebruiken","og_url":"https:\/\/www.car-star.be\/de\/product\/vinyl-dress\/","og_site_name":"Car Star Chemicals","article_modified_time":"2024-02-22T09:18:09+00:00","og_image":[{"width":1000,"height":1500,"url":"https:\/\/www.car-star.be\/wp-content\/uploads\/2019\/10\/Car-Star_Packshots_Simon-Van-Ranst-23-12-089.png","type":"image\/png"}],"twitter_card":"summary_large_image","twitter_misc":{"Gesch\u00e4tzte Lesezeit":"1\u00a0Minute"},"schema":{"@context":"https:\/\/schema.org","@graph":[{"@type":"WebPage","@id":"https:\/\/www.car-star.be\/product\/vinyl-dress\/","url":"https:\/\/www.car-star.be\/product\/vinyl-dress\/","name":"Vinyl Dress - Car Star Chemicals","isPartOf":{"@id":"https:\/\/www.car-star.be\/#website"},"primaryImageOfPage":{"@id":"https:\/\/www.car-star.be\/product\/vinyl-dress\/#primaryimage"},"image":{"@id":"https:\/\/www.car-star.be\/product\/vinyl-dress\/#primaryimage"},"thumbnailUrl":"https:\/\/www.car-star.be\/wp-content\/uploads\/2019\/10\/Car-Star_Packshots_Simon-Van-Ranst-23-12-089.png","datePublished":"2019-10-12T18:34:04+00:00","dateModified":"2024-02-22T09:18:09+00:00","breadcrumb":{"@id":"https:\/\/www.car-star.be\/product\/vinyl-dress\/#breadcrumb"},"inLanguage":"de","potentialAction":[{"@type":"ReadAction","target":["https:\/\/www.car-star.be\/product\/vinyl-dress\/"]}]},{"@type":"ImageObject","inLanguage":"de","@id":"https:\/\/www.car-star.be\/product\/vinyl-dress\/#primaryimage","url":"https:\/\/www.car-star.be\/wp-content\/uploads\/2019\/10\/Car-Star_Packshots_Simon-Van-Ranst-23-12-089.png","contentUrl":"https:\/\/www.car-star.be\/wp-content\/uploads\/2019\/10\/Car-Star_Packshots_Simon-Van-Ranst-23-12-089.png","width":1000,"height":1500},{"@type":"BreadcrumbList","@id":"https:\/\/www.car-star.be\/product\/vinyl-dress\/#breadcrumb","itemListElement":[{"@type":"ListItem","position":1,"name":"Home","item":"https:\/\/www.car-star.be\/"},{"@type":"ListItem","position":2,"name":"Producten","item":"https:\/\/www.car-star.be\/producten\/"},{"@type":"ListItem","position":3,"name":"Vinyl Dress"}]},{"@type":"WebSite","@id":"https:\/\/www.car-star.be\/#website","url":"https:\/\/www.car-star.be\/","name":"Car Star Chemicals","description":"Brillante Autopflegeprodukte f\u00fcr Profis und den Handel","publisher":{"@id":"https:\/\/www.car-star.be\/#organization"},"potentialAction":[{"@type":"SearchAction","target":{"@type":"EntryPoint","urlTemplate":"https:\/\/www.car-star.be\/?s={search_term_string}"},"query-input":{"@type":"PropertyValueSpecification","valueRequired":true,"valueName":"search_term_string"}}],"inLanguage":"de"},{"@type":"Organization","@id":"https:\/\/www.car-star.be\/#organization","name":"Car Star Chemicals","url":"https:\/\/www.car-star.be\/","logo":{"@type":"ImageObject","inLanguage":"de","@id":"https:\/\/www.car-star.be\/#\/schema\/logo\/image\/","url":"https:\/\/www.car-star.be\/wp-content\/uploads\/2025\/11\/cropped-Logo-car-star-1_page-0001.jpg","contentUrl":"https:\/\/www.car-star.be\/wp-content\/uploads\/2025\/11\/cropped-Logo-car-star-1_page-0001.jpg","width":250,"height":250,"caption":"Car Star Chemicals"},"image":{"@id":"https:\/\/www.car-star.be\/#\/schema\/logo\/image\/"}}]}},"_links":{"self":[{"href":"https:\/\/www.car-star.be\/de\/wp-json\/wp\/v2\/product\/11062","targetHints":{"allow":["GET"]}}],"collection":[{"href":"https:\/\/www.car-star.be\/de\/wp-json\/wp\/v2\/product"}],"about":[{"href":"https:\/\/www.car-star.be\/de\/wp-json\/wp\/v2\/types\/product"}],"wp:featuredmedia":[{"embeddable":true,"href":"https:\/\/www.car-star.be\/de\/wp-json\/wp\/v2\/media\/13228"}],"wp:attachment":[{"href":"https:\/\/www.car-star.be\/de\/wp-json\/wp\/v2\/media?parent=11062"}],"wp:term":[{"taxonomy":"product_brand","embeddable":true,"href":"https:\/\/www.car-star.be\/de\/wp-json\/wp\/v2\/product_brand?post=11062"},{"taxonomy":"product_cat","embeddable":true,"href":"https:\/\/www.car-star.be\/de\/wp-json\/wp\/v2\/product_cat?post=11062"},{"taxonomy":"product_tag","embeddable":true,"href":"https:\/\/www.car-star.be\/de\/wp-json\/wp\/v2\/product_tag?post=11062"}],"curies":[{"name":"wp","href":"https:\/\/api.w.org\/{rel}","templated":true}]}}