{"id":13230,"date":"2024-01-24T13:42:20","date_gmt":"2024-01-24T13:42:20","guid":{"rendered":"https:\/\/www.car-star.be\/?page_id=13230"},"modified":"2025-11-06T09:57:26","modified_gmt":"2025-11-06T08:57:26","slug":"over-ons","status":"publish","type":"page","link":"https:\/\/www.car-star.be\/de\/uber-uns\/","title":{"rendered":"\u00dcber uns"},"content":{"rendered":"<div class=\"wpb-content-wrapper\"><div class=\"vc_row wpb_row vc_row-fluid\"><div class=\"wpb_column vc_column_container vc_col-sm-8\"><div class=\"vc_column-inner vc_custom_1706170516678\"><div class=\"wpb_wrapper\">\n\t<div class=\"wpb_text_column wpb_content_element\" >\n\t\t<div class=\"wpb_wrapper\">\n\t\t\t<p><span style=\"font-size: 1rem;\">Seit 2004 entwickelt und produziert Car Star Chemicals hochwertige professionelle Reinigungsprodukte f\u00fcr die Automobil-, Motorrad-, Wohnwagen-, Wohnmobil- und Fahrradbranche.<\/span><\/p>\n<div class=\"flex flex-grow flex-col max-w-full\">\n<div class=\"min-h-&#091;20px&#093; text-message flex flex-col items-start gap-3 whitespace-pre-wrap break-words &#091;.text-message+&amp;&#093;:mt-5 overflow-x-auto\" data-message-author-role=\"assistant\" data-message-id=\"ed35a566-5769-45a9-8633-3cfa98f98aa8\">\n<div class=\"markdown prose w-full break-words dark:prose-invert light\">\n<p>Unsere langj\u00e4hrige Erfahrung und Expertise erm\u00f6glichen es uns, innovative Produkte zu entwickeln, die den Bed\u00fcrfnissen unserer Kunden und Anwender vor Ort gerecht werden. Ob es darum geht, den Glanz eines \u00e4lteren Lacks wiederherzustellen, das Interieur Ihres Fahrzeugs zu reinigen und aufzufrischen oder Reifen und Kunststoffsto\u00dfstangen wieder sch\u00f6n schwarz zu machen, bieten wir eine vielseitige Produktpalette f\u00fcr diesen Zweck an.<\/p>\n<p>Bei Car Star Chemicals sch\u00e4tzen wir pers\u00f6nlichen Kontakt und bieten ma\u00dfgeschneiderte L\u00f6sungen f\u00fcr unsere Kunden an. Dar\u00fcber hinaus bieten wir Importeuren, Distributoren und Herstellern die M\u00f6glichkeit, unsere Produkte bei Bedarf unter eigenem Label zu verkaufen. Dieser Service erm\u00f6glicht es ihnen, unsere Qualit\u00e4tsprodukte unter ihrer eigenen Marke auf den Markt zu bringen, wodurch sie sich mit einem einzigartigen Produktangebot differenzieren k\u00f6nnen.<\/p>\n<p>Qualit\u00e4t und Service haben bei Car Star Chemicals immer oberste Priorit\u00e4t, da wir verstehen, dass dies f\u00fcr den Erfolg unserer Kunden und das Vertrauen in unsere Produkte unerl\u00e4sslich ist.<\/p>\n<\/div>\n<\/div>\n<\/div>\n\n\t\t<\/div>\n\t<\/div>\n<\/div><\/div><\/div><div class=\"wpb_column vc_column_container vc_col-sm-4\"><div class=\"vc_column-inner\"><div class=\"wpb_wrapper\"><div class=\"wpb_images_carousel wpb_content_element vc_clearfix wpb_content_element\"><div class=\"wpb_wrapper\"><div id=\"vc_images-carousel-1-1778946148\" data-ride=\"vc_carousel\" data-wrap=\"true\" style=\"width: 400px;\" data-interval=\"4000\" data-auto-height=\"yes\" data-mode=\"horizontal\" data-partial=\"false\" data-per-view=\"1\" data-hide-on-end=\"false\" class=\"vc_slide vc_images_carousel\"><ol class=\"vc_carousel-indicators\"><li data-target=\"#vc_images-carousel-1-1778946148\" data-slide-to=\"0\"><\/li><li data-target=\"#vc_images-carousel-1-1778946148\" data-slide-to=\"1\"><\/li><li data-target=\"#vc_images-carousel-1-1778946148\" data-slide-to=\"2\"><\/li><li data-target=\"#vc_images-carousel-1-1778946148\" data-slide-to=\"3\"><\/li><li data-target=\"#vc_images-carousel-1-1778946148\" data-slide-to=\"4\"><\/li><li data-target=\"#vc_images-carousel-1-1778946148\" data-slide-to=\"5\"><\/li><\/ol><div class=\"vc_carousel-inner\"><div class=\"vc_carousel-slideline\"><div class=\"vc_carousel-slideline-inner\"><div class=\"vc_item\"><div class=\"vc_inner\"><img decoding=\"async\" class=\"\" src=\"https:\/\/www.car-star.be\/wp-content\/uploads\/2024\/01\/IMG_9546-rotated-400x640.jpg\" width=\"400\" height=\"640\" alt=\"\" title=\"\" loading=\"lazy\" \/><\/div><\/div><div class=\"vc_item\"><div class=\"vc_inner\"><img decoding=\"async\" class=\"\" src=\"https:\/\/www.car-star.be\/wp-content\/uploads\/2024\/01\/CARSTAR-HEFTRUCK-rotated-400x640.jpg\" width=\"400\" height=\"640\" alt=\"\" title=\"\" loading=\"lazy\" \/><\/div><\/div><div class=\"vc_item\"><div class=\"vc_inner\"><img decoding=\"async\" class=\"\" src=\"https:\/\/www.car-star.be\/wp-content\/uploads\/2024\/01\/IMG_3772-rotated-400x640.jpg\" width=\"400\" height=\"640\" alt=\"\" title=\"\" loading=\"lazy\" \/><\/div><\/div><div class=\"vc_item\"><div class=\"vc_inner\"><img decoding=\"async\" class=\"\" src=\"https:\/\/www.car-star.be\/wp-content\/uploads\/2024\/02\/IMG_8898-rotated-400x640.jpg\" width=\"400\" height=\"640\" alt=\"\" title=\"\" loading=\"lazy\" \/><\/div><\/div><div class=\"vc_item\"><div class=\"vc_inner\"><img decoding=\"async\" class=\"\" src=\"https:\/\/www.car-star.be\/wp-content\/uploads\/2024\/02\/IMG_9731-rotated-400x640.jpg\" width=\"400\" height=\"640\" alt=\"\" title=\"\" loading=\"lazy\" \/><\/div><\/div><div class=\"vc_item\"><div class=\"vc_inner\"><img decoding=\"async\" class=\"\" src=\"https:\/\/www.car-star.be\/wp-content\/uploads\/2024\/02\/IMG_9733-rotated-400x640.jpg\" width=\"400\" height=\"640\" alt=\"\" title=\"\" loading=\"lazy\" \/><\/div><\/div><\/div><\/div><\/div><a class=\"vc_left vc_carousel-control\" href=\"#vc_images-carousel-1-1778946148\" data-slide=\"prev\"><span class=\"icon-prev\"><\/span><\/a><a class=\"vc_right vc_carousel-control\" href=\"#vc_images-carousel-1-1778946148\" data-slide=\"next\"><span class=\"icon-next\"><\/span><\/a><\/div><\/div><\/div><\/div><\/div><\/div><\/div>\n<\/div>","protected":false},"excerpt":{"rendered":"Sinds 2004 ontwikkelt en produceert Car Star Chemicals professionele reinigingsproducten van topkwaliteit, bestemd voor de auto \u2013 motor \u2013 caravan \u2013 motorhome en fietsenbranche. Onze jarenlange ervaring en deskundigheid stellen ons in staat om innovatieve producten te ontwikkelen die inspelen op de behoefte van onze klanten en de gebruikers op de werkvloer. Of het nu &hellip; <p class=\"link-more\"><a href=\"https:\/\/www.car-star.be\/de\/uber-uns\/\" class=\"more-link\"><span class=\"screen-reader-text\">\u201eOver ons\u201c <\/span>weiterlesen<\/a><\/p>","protected":false},"author":1,"featured_media":0,"parent":0,"menu_order":0,"comment_status":"closed","ping_status":"closed","template":"","meta":{"footnotes":""},"class_list":["post-13230","page","type-page","status-publish","hentry"],"yoast_head":"<!-- This site is optimized with the Yoast SEO plugin v26.9 - https:\/\/yoast.com\/product\/yoast-seo-wordpress\/ -->\n<title>Over ons - Car Star Chemicals<\/title>\n<meta name=\"robots\" content=\"index, follow, max-snippet:-1, max-image-preview:large, max-video-preview:-1\" \/>\n<link rel=\"canonical\" href=\"https:\/\/www.car-star.be\/de\/uber-uns\/\" \/>\n<meta property=\"og:locale\" content=\"de_DE\" \/>\n<meta property=\"og:type\" content=\"article\" \/>\n<meta property=\"og:title\" content=\"Over ons - Car Star Chemicals\" \/>\n<meta property=\"og:url\" content=\"https:\/\/www.car-star.be\/de\/uber-uns\/\" \/>\n<meta property=\"og:site_name\" content=\"Car Star Chemicals\" \/>\n<meta property=\"article:modified_time\" content=\"2025-11-06T08:57:26+00:00\" \/>\n<meta name=\"twitter:card\" content=\"summary_large_image\" \/>\n<meta name=\"twitter:label1\" content=\"Gesch\u00e4tzte Lesezeit\" \/>\n\t<meta name=\"twitter:data1\" content=\"2\u00a0Minuten\" \/>\n<script type=\"application\/ld+json\" class=\"yoast-schema-graph\">{\"@context\":\"https:\/\/schema.org\",\"@graph\":[{\"@type\":\"WebPage\",\"@id\":\"https:\/\/www.car-star.be\/over-ons\/\",\"url\":\"https:\/\/www.car-star.be\/over-ons\/\",\"name\":\"Over ons - Car Star Chemicals\",\"isPartOf\":{\"@id\":\"https:\/\/www.car-star.be\/#website\"},\"datePublished\":\"2024-01-24T13:42:20+00:00\",\"dateModified\":\"2025-11-06T08:57:26+00:00\",\"breadcrumb\":{\"@id\":\"https:\/\/www.car-star.be\/over-ons\/#breadcrumb\"},\"inLanguage\":\"de\",\"potentialAction\":[{\"@type\":\"ReadAction\",\"target\":[\"https:\/\/www.car-star.be\/over-ons\/\"]}]},{\"@type\":\"BreadcrumbList\",\"@id\":\"https:\/\/www.car-star.be\/over-ons\/#breadcrumb\",\"itemListElement\":[{\"@type\":\"ListItem\",\"position\":1,\"name\":\"Home\",\"item\":\"https:\/\/www.car-star.be\/\"},{\"@type\":\"ListItem\",\"position\":2,\"name\":\"Over ons\"}]},{\"@type\":\"WebSite\",\"@id\":\"https:\/\/www.car-star.be\/#website\",\"url\":\"https:\/\/www.car-star.be\/\",\"name\":\"Car Star Chemicals\",\"description\":\"Briljante autopoetsproducten voor de professional en de handel\",\"publisher\":{\"@id\":\"https:\/\/www.car-star.be\/#organization\"},\"potentialAction\":[{\"@type\":\"SearchAction\",\"target\":{\"@type\":\"EntryPoint\",\"urlTemplate\":\"https:\/\/www.car-star.be\/?s={search_term_string}\"},\"query-input\":{\"@type\":\"PropertyValueSpecification\",\"valueRequired\":true,\"valueName\":\"search_term_string\"}}],\"inLanguage\":\"de\"},{\"@type\":\"Organization\",\"@id\":\"https:\/\/www.car-star.be\/#organization\",\"name\":\"Car Star Chemicals\",\"url\":\"https:\/\/www.car-star.be\/\",\"logo\":{\"@type\":\"ImageObject\",\"inLanguage\":\"de\",\"@id\":\"https:\/\/www.car-star.be\/#\/schema\/logo\/image\/\",\"url\":\"https:\/\/www.car-star.be\/wp-content\/uploads\/2025\/11\/cropped-Logo-car-star-1_page-0001.jpg\",\"contentUrl\":\"https:\/\/www.car-star.be\/wp-content\/uploads\/2025\/11\/cropped-Logo-car-star-1_page-0001.jpg\",\"width\":250,\"height\":250,\"caption\":\"Car Star Chemicals\"},\"image\":{\"@id\":\"https:\/\/www.car-star.be\/#\/schema\/logo\/image\/\"}}]}<\/script>\n<!-- \/ Yoast SEO plugin. -->","yoast_head_json":{"title":"\u00dcber uns - Car Star Chemicals","robots":{"index":"index","follow":"follow","max-snippet":"max-snippet:-1","max-image-preview":"max-image-preview:large","max-video-preview":"max-video-preview:-1"},"canonical":"https:\/\/www.car-star.be\/de\/uber-uns\/","og_locale":"de_DE","og_type":"article","og_title":"Over ons - Car Star Chemicals","og_url":"https:\/\/www.car-star.be\/de\/uber-uns\/","og_site_name":"Car Star Chemicals","article_modified_time":"2025-11-06T08:57:26+00:00","twitter_card":"summary_large_image","twitter_misc":{"Gesch\u00e4tzte Lesezeit":"2\u00a0Minuten"},"schema":{"@context":"https:\/\/schema.org","@graph":[{"@type":"WebPage","@id":"https:\/\/www.car-star.be\/over-ons\/","url":"https:\/\/www.car-star.be\/over-ons\/","name":"\u00dcber uns - Car Star Chemicals","isPartOf":{"@id":"https:\/\/www.car-star.be\/#website"},"datePublished":"2024-01-24T13:42:20+00:00","dateModified":"2025-11-06T08:57:26+00:00","breadcrumb":{"@id":"https:\/\/www.car-star.be\/over-ons\/#breadcrumb"},"inLanguage":"de","potentialAction":[{"@type":"ReadAction","target":["https:\/\/www.car-star.be\/over-ons\/"]}]},{"@type":"BreadcrumbList","@id":"https:\/\/www.car-star.be\/over-ons\/#breadcrumb","itemListElement":[{"@type":"ListItem","position":1,"name":"Home","item":"https:\/\/www.car-star.be\/"},{"@type":"ListItem","position":2,"name":"Over ons"}]},{"@type":"WebSite","@id":"https:\/\/www.car-star.be\/#website","url":"https:\/\/www.car-star.be\/","name":"Car Star Chemicals","description":"Brillante Autopflegeprodukte f\u00fcr Profis und den Handel","publisher":{"@id":"https:\/\/www.car-star.be\/#organization"},"potentialAction":[{"@type":"SearchAction","target":{"@type":"EntryPoint","urlTemplate":"https:\/\/www.car-star.be\/?s={search_term_string}"},"query-input":{"@type":"PropertyValueSpecification","valueRequired":true,"valueName":"search_term_string"}}],"inLanguage":"de"},{"@type":"Organization","@id":"https:\/\/www.car-star.be\/#organization","name":"Car Star Chemicals","url":"https:\/\/www.car-star.be\/","logo":{"@type":"ImageObject","inLanguage":"de","@id":"https:\/\/www.car-star.be\/#\/schema\/logo\/image\/","url":"https:\/\/www.car-star.be\/wp-content\/uploads\/2025\/11\/cropped-Logo-car-star-1_page-0001.jpg","contentUrl":"https:\/\/www.car-star.be\/wp-content\/uploads\/2025\/11\/cropped-Logo-car-star-1_page-0001.jpg","width":250,"height":250,"caption":"Car Star Chemicals"},"image":{"@id":"https:\/\/www.car-star.be\/#\/schema\/logo\/image\/"}}]}},"_links":{"self":[{"href":"https:\/\/www.car-star.be\/de\/wp-json\/wp\/v2\/pages\/13230","targetHints":{"allow":["GET"]}}],"collection":[{"href":"https:\/\/www.car-star.be\/de\/wp-json\/wp\/v2\/pages"}],"about":[{"href":"https:\/\/www.car-star.be\/de\/wp-json\/wp\/v2\/types\/page"}],"author":[{"embeddable":true,"href":"https:\/\/www.car-star.be\/de\/wp-json\/wp\/v2\/users\/1"}],"replies":[{"embeddable":true,"href":"https:\/\/www.car-star.be\/de\/wp-json\/wp\/v2\/comments?post=13230"}],"version-history":[{"count":17,"href":"https:\/\/www.car-star.be\/de\/wp-json\/wp\/v2\/pages\/13230\/revisions"}],"predecessor-version":[{"id":13533,"href":"https:\/\/www.car-star.be\/de\/wp-json\/wp\/v2\/pages\/13230\/revisions\/13533"}],"wp:attachment":[{"href":"https:\/\/www.car-star.be\/de\/wp-json\/wp\/v2\/media?parent=13230"}],"curies":[{"name":"wp","href":"https:\/\/api.w.org\/{rel}","templated":true}]}}